{"id":906,"date":"2026-04-09T16:52:08","date_gmt":"2026-04-09T16:52:08","guid":{"rendered":"https:\/\/nagie.azdigi.shop\/?page_id=906"},"modified":"2026-04-09T18:33:22","modified_gmt":"2026-04-09T18:33:22","slug":"chinh-sach-doi-tra-nagie-shop","status":"publish","type":"page","link":"https:\/\/nagie.azdigi.shop\/index.php\/chinh-sach-doi-tra-nagie-shop\/","title":{"rendered":"Ch\u00ednh s\u00e1ch \u0111\u1ed5i &#038; tr\u1ea3 h\u00e0ng"},"content":{"rendered":"<h3 style=\"text-align: center;\"><span style=\"color: #800000;\"><a style=\"color: #800000;\" href=\"https:\/\/nagie.azdigi.shop\/index.php\/chinh-sach-doi-tra-hang\/\"><strong><span style=\"font-size: 100%;\">CH\u00cdNH S\u00c1CH \u0110\u1ed4I &amp; TR\u1ea2 H\u00c0NG<\/span><\/strong><\/a><\/span><\/h3>\n<h4><span style=\"color: #333333;\"><div class=\"text-center\"><div class=\"is-divider divider clearfix\" style=\"max-width:50px;height:2px;background-color:rgb(0, 0, 0);\"><\/div><\/div><\/span><\/h4>\n<h4><span style=\"font-size: 100%; color: #333333;\">Ch\u00ednh s\u00e1ch \u0111\u1ed5i tr\u1ea3 t\u1ea1i Nagie Shop \u0111\u01b0\u1ee3c x\u00e2y d\u1ef1ng nh\u1eb1m \u0111\u1ea3m b\u1ea3o quy\u1ec1n l\u1ee3i kh\u00e1ch h\u00e0ng khi mua s\u1eafm v\u00e1y \u00e1o n\u1eef. Shop lu\u00f4n h\u1ed7 tr\u1ee3 \u0111\u1ed5i s\u1ea3n ph\u1ea9m trong tr\u01b0\u1eddng h\u1ee3p ph\u00f9 h\u1ee3p, gi\u00fap b\u1ea1n y\u00ean t\u00e2m h\u01a1n khi mua h\u00e0ng online v\u00e0 t\u1ea1i c\u1eeda h\u00e0ng.<\/span><\/h4>\n<h4 data-section-id=\"1cfdp40\" data-start=\"352\" data-end=\"384\"><span style=\"color: #800000;\"><strong><span role=\"text\">1. Th\u1eddi h\u1ea1n \u0111\u1ed5i tr\u1ea3 s\u1ea3n ph\u1ea9m<\/span><\/strong><\/span><\/h4>\n<h4 data-start=\"386\" data-end=\"429\"><span style=\"color: #333333;\">Nagie Shop h\u1ed7 tr\u1ee3 \u0111\u1ed5i h\u00e0ng trong th\u1eddi gian:<\/span><\/h4>\n<ul data-start=\"430\" data-end=\"553\">\n<li data-section-id=\"gbgsds\" data-start=\"430\" data-end=\"496\">\n<h4><span style=\"color: #333333;\">7 ng\u00e0y k\u1ec3 t\u1eeb ng\u00e0y mua (\u0111\u1ed1i v\u1edbi mua tr\u1ef1c ti\u1ebfp t\u1ea1i c\u1eeda h\u00e0ng)<\/span><\/h4>\n<\/li>\n<li data-section-id=\"19n4j01\" data-start=\"497\" data-end=\"553\">\n<h4><span style=\"color: #333333;\">7 ng\u00e0y k\u1ec3 t\u1eeb ng\u00e0y nh\u1eadn h\u00e0ng (\u0111\u1ed1i v\u1edbi \u0111\u01a1n online)<\/span><\/h4>\n<\/li>\n<\/ul>\n<h4 data-start=\"555\" data-end=\"639\"><span style=\"color: #333333;\">Sau th\u1eddi gian n\u00e0y, shop xin ph\u00e9p kh\u00f4ng h\u1ed7 tr\u1ee3 \u0111\u1ed5i tr\u1ea3 \u0111\u1ec3 \u0111\u1ea3m b\u1ea3o quy tr\u00ecnh v\u1eadn h\u00e0nh.<\/span><\/h4>\n<h4 data-section-id=\"7tvcpj\" data-start=\"646\" data-end=\"685\"><strong><span style=\"color: #800000;\" role=\"text\">2. \u0110i\u1ec1u ki\u1ec7n \u0111\u1ed5i tr\u1ea3 t\u1ea1i Nagie Shop<\/span><\/strong><\/h4>\n<h4 data-start=\"687\" data-end=\"762\"><span style=\"color: #333333;\">\u0110\u1ec3 \u0111\u01b0\u1ee3c \u00e1p d\u1ee5ng ch\u00ednh s\u00e1ch \u0111\u1ed5i tr\u1ea3, s\u1ea3n ph\u1ea9m c\u1ea7n \u0111\u00e1p \u1ee9ng c\u00e1c \u0111i\u1ec1u ki\u1ec7n sau:<\/span><\/h4>\n<ul data-start=\"763\" data-end=\"960\">\n<li data-section-id=\"1bxtvhc\" data-start=\"763\" data-end=\"803\">\n<h4><span style=\"color: #333333;\">C\u00f2n nguy\u00ean tem m\u00e1c, ch\u01b0a qua s\u1eed d\u1ee5ng<\/span><\/h4>\n<\/li>\n<li data-section-id=\"2ec74q\" data-start=\"804\" data-end=\"860\">\n<h4><span style=\"color: #333333;\">Ch\u01b0a gi\u1eb7t \u1ee7i, kh\u00f4ng c\u00f3 m\u00f9i l\u1ea1 (n\u01b0\u1edbc hoa, ch\u1ea5t t\u1ea9y,\u2026)<\/span><\/h4>\n<\/li>\n<li data-section-id=\"6t9uqe\" data-start=\"861\" data-end=\"912\">\n<h4><span style=\"color: #333333;\">Kh\u00f4ng b\u1ecb h\u01b0 h\u1ecfng do t\u00e1c \u0111\u1ed9ng t\u1eeb ph\u00eda kh\u00e1ch h\u00e0ng<\/span><\/h4>\n<\/li>\n<li data-section-id=\"7i2geu\" data-start=\"913\" data-end=\"960\">\n<h4><span style=\"color: #333333;\">C\u00f3 h\u00f3a \u0111\u01a1n mua h\u00e0ng ho\u1eb7c th\u00f4ng tin \u0111\u1eb7t h\u00e0ng<\/span><\/h4>\n<\/li>\n<\/ul>\n<h4 data-start=\"962\" data-end=\"1053\"><span style=\"color: #333333;\">Vi\u1ec7c \u0111\u1ea3m b\u1ea3o \u0111\u1ea7y \u0111\u1ee7 \u0111i\u1ec1u ki\u1ec7n gi\u00fap qu\u00e1 tr\u00ecnh \u0111\u1ed5i tr\u1ea3 di\u1ec5n ra nhanh ch\u00f3ng v\u00e0 thu\u1eadn ti\u1ec7n h\u01a1n.<\/span><\/h4>\n<h4 data-section-id=\"b8x1hn\" data-start=\"1060\" data-end=\"1088\"><strong><span style=\"color: #800000;\" role=\"text\">3. Quy \u0111\u1ecbnh \u0111\u1ed5i s\u1ea3n ph\u1ea9m<\/span><\/strong><\/h4>\n<h4 data-start=\"1090\" data-end=\"1131\"><span style=\"color: #333333;\">Nagie Shop h\u1ed7 tr\u1ee3 \u0111\u1ed5i s\u1ea3n ph\u1ea9m linh ho\u1ea1t:<\/span><\/h4>\n<ul data-start=\"1132\" data-end=\"1231\">\n<li data-section-id=\"5z8p1g\" data-start=\"1132\" data-end=\"1176\">\n<h4><span style=\"color: #333333;\">\u0110\u1ed5i sang size kh\u00e1c n\u1ebfu m\u1eb7c kh\u00f4ng v\u1eeba<\/span><\/h4>\n<\/li>\n<li data-section-id=\"skhx8\" data-start=\"1177\" data-end=\"1231\">\n<h4><span style=\"color: #333333;\">\u0110\u1ed5i sang m\u1eabu kh\u00e1c c\u00f3 gi\u00e1 tr\u1ecb b\u1eb1ng ho\u1eb7c cao h\u01a1n<\/span><\/h4>\n<\/li>\n<\/ul>\n<h4 data-start=\"1233\" data-end=\"1403\"><span style=\"color: #333333;\">Trong tr\u01b0\u1eddng h\u1ee3p ch\u1ecdn s\u1ea3n ph\u1ea9m c\u00f3 gi\u00e1 cao h\u01a1n, kh\u00e1ch h\u00e0ng s\u1ebd thanh to\u00e1n ph\u1ea7n ch\u00eanh l\u1ec7ch. N\u1ebfu \u0111\u1ed5i sang s\u1ea3n ph\u1ea9m c\u00f3 gi\u00e1 th\u1ea5p h\u01a1n, shop xin ph\u00e9p kh\u00f4ng ho\u00e0n l\u1ea1i ph\u1ea7n ti\u1ec1n d\u01b0.<\/span><\/h4>\n<h4 data-section-id=\"1d6fy05\" data-start=\"1410\" data-end=\"1443\"><strong><span style=\"color: #800000;\" role=\"text\">4. Tr\u01b0\u1eddng h\u1ee3p s\u1ea3n ph\u1ea9m b\u1ecb l\u1ed7i<\/span><\/strong><\/h4>\n<h4 data-start=\"1445\" data-end=\"1504\"><span style=\"color: #333333;\">N\u1ebfu s\u1ea3n ph\u1ea9m g\u1eb7p l\u1ed7i t\u1eeb nh\u00e0 s\u1ea3n xu\u1ea5t, Nagie Shop s\u1ebd h\u1ed7 tr\u1ee3:<\/span><\/h4>\n<ul data-start=\"1505\" data-end=\"1557\">\n<li data-section-id=\"1jms1qx\" data-start=\"1505\" data-end=\"1525\">\n<h4><span style=\"color: #333333;\">\u0110\u1ed5i s\u1ea3n ph\u1ea9m m\u1edbi<\/span><\/h4>\n<\/li>\n<li data-section-id=\"12t79k1\" data-start=\"1526\" data-end=\"1557\">\n<h4><span style=\"color: #333333;\">Ho\u1eb7c ho\u00e0n ti\u1ec1n theo y\u00eau c\u1ea7u<\/span><\/h4>\n<\/li>\n<\/ul>\n<h4 data-start=\"1559\" data-end=\"1715\"><span style=\"color: #333333;\">\u0110\u1ed1i v\u1edbi \u0111\u01a1n h\u00e0ng online, kh\u00e1ch h\u00e0ng n\u00ean quay video khi m\u1edf h\u00e0ng \u0111\u1ec3 l\u00e0m c\u0103n c\u1ee9 \u0111\u1ed1i so\u00e1t. \u0110i\u1ec1u n\u00e0y gi\u00fap shop x\u1eed l\u00fd nhanh v\u00e0 \u0111\u1ea3m b\u1ea3o quy\u1ec1n l\u1ee3i t\u1ed1t nh\u1ea5t cho b\u1ea1n.<\/span><\/h4>\n<h4 data-section-id=\"1fssdrm\" data-start=\"1722\" data-end=\"1765\"><strong><span style=\"color: #800000;\" role=\"text\">5. C\u00e1c tr\u01b0\u1eddng h\u1ee3p kh\u00f4ng \u00e1p d\u1ee5ng \u0111\u1ed5i tr\u1ea3<\/span><\/strong><\/h4>\n<h4 data-start=\"1767\" data-end=\"1817\"><span style=\"color: #333333;\">Nagie Shop xin ph\u00e9p kh\u00f4ng \u00e1p d\u1ee5ng \u0111\u1ed5i tr\u1ea3 \u0111\u1ed1i v\u1edbi:<\/span><\/h4>\n<ul data-start=\"1818\" data-end=\"1974\">\n<li data-section-id=\"139hduf\" data-start=\"1818\" data-end=\"1869\">\n<h4><span style=\"color: #333333;\">S\u1ea3n ph\u1ea9m thu\u1ed9c ch\u01b0\u01a1ng tr\u00ecnh gi\u1ea3m gi\u00e1 s\u00e2u (Sale)<\/span><\/h4>\n<\/li>\n<li data-section-id=\"1wnpl1m\" data-start=\"1870\" data-end=\"1920\">\n<h4><span style=\"color: #333333;\">S\u1ea3n ph\u1ea9m \u0111\u00e3 qua s\u1eed d\u1ee5ng ho\u1eb7c kh\u00f4ng c\u00f2n tem m\u00e1c<\/span><\/h4>\n<\/li>\n<li data-section-id=\"hamnl9\" data-start=\"1921\" data-end=\"1974\">\n<h4><span style=\"color: #333333;\">H\u00e0ng b\u1ecb h\u01b0 h\u1ecfng do b\u1ea3o qu\u1ea3n ho\u1eb7c s\u1eed d\u1ee5ng sai c\u00e1ch<\/span><\/h4>\n<\/li>\n<\/ul>\n<h4 data-section-id=\"10e00ad\" data-start=\"1981\" data-end=\"2009\"><strong><span style=\"color: #800000;\" role=\"text\">6. Cam k\u1ebft t\u1eeb Nagie Shop<\/span><\/strong><\/h4>\n<h4 data-start=\"2011\" data-end=\"2215\"><span style=\"color: #333333;\">Nagie Shop lu\u00f4n \u0111\u1eb7t tr\u1ea3i nghi\u1ec7m kh\u00e1ch h\u00e0ng l\u00ean h\u00e0ng \u0111\u1ea7u. Ch\u00ednh s\u00e1ch \u0111\u1ed5i tr\u1ea3 r\u00f5 r\u00e0ng, minh b\u1ea1ch gi\u00fap b\u1ea1n an t\u00e2m khi l\u1ef1a ch\u1ecdn v\u00e1y \u00e1o n\u1eef t\u1ea1i shop, \u0111\u1ed3ng th\u1eddi \u0111\u1ea3m b\u1ea3o quy\u1ec1n l\u1ee3i trong m\u1ecdi tr\u01b0\u1eddng h\u1ee3p c\u1ea7n h\u1ed7 tr\u1ee3.<\/span><\/h4>\n","protected":false},"excerpt":{"rendered":"<p>CH\u00cdNH S\u00c1CH \u0110\u1ed4I &amp; TR\u1ea2 H\u00c0NG Ch\u00ednh s\u00e1ch \u0111\u1ed5i tr\u1ea3 t\u1ea1i Nagie Shop \u0111\u01b0\u1ee3c x\u00e2y d\u1ef1ng nh\u1eb1m \u0111\u1ea3m b\u1ea3o quy\u1ec1n l\u1ee3i kh\u00e1ch h\u00e0ng khi mua s\u1eafm v\u00e1y \u00e1o n\u1eef. Shop lu\u00f4n h\u1ed7 tr\u1ee3 \u0111\u1ed5i s\u1ea3n ph\u1ea9m trong tr\u01b0\u1eddng h\u1ee3p ph\u00f9 h\u1ee3p, gi\u00fap b\u1ea1n y\u00ean t\u00e2m h\u01a1n khi mua h\u00e0ng online v\u00e0 t\u1ea1i c\u1eeda h\u00e0ng. 1. [&#8230;]\n","protected":false},"author":1,"featured_media":0,"parent":0,"menu_order":0,"comment_status":"closed","ping_status":"closed","template":"","meta":{"footnotes":""},"class_list":["post-906","page","type-page","status-publish","hentry"],"yoast_head":"<!-- This site is optimized with the Yoast SEO plugin v27.1.1 - https:\/\/yoast.com\/product\/yoast-seo-wordpress\/ -->\n<title>Ch\u00ednh s\u00e1ch \u0111\u1ed5i &amp; tr\u1ea3 h\u00e0ng - NGANA<\/title>\n<meta name=\"description\" content=\"H\u1ed7 tr\u1ee3 \u0111\u1ed5i size, \u0111\u1ed5i m\u1eabu trong 7 ng\u00e0y. Cam k\u1ebft minh b\u1ea1ch, nhanh ch\u00f3ng, gi\u00fap kh\u00e1ch h\u00e0ng y\u00ean t\u00e2m khi mua s\u1eafm online.\" \/>\n<meta name=\"robots\" content=\"noindex, follow, max-snippet:-1, max-image-preview:large, max-video-preview:-1\" \/>\n<meta property=\"og:locale\" content=\"vi_VN\" \/>\n<meta property=\"og:type\" content=\"article\" \/>\n<meta property=\"og:title\" content=\"Ch\u00ednh s\u00e1ch \u0111\u1ed5i &amp; tr\u1ea3 h\u00e0ng - NGANA\" \/>\n<meta property=\"og:description\" content=\"H\u1ed7 tr\u1ee3 \u0111\u1ed5i size, \u0111\u1ed5i m\u1eabu trong 7 ng\u00e0y. Cam k\u1ebft minh b\u1ea1ch, nhanh ch\u00f3ng, gi\u00fap kh\u00e1ch h\u00e0ng y\u00ean t\u00e2m khi mua s\u1eafm online.\" \/>\n<meta property=\"og:url\" content=\"https:\/\/nagie.azdigi.shop\/index.php\/chinh-sach-doi-tra-nagie-shop\/\" \/>\n<meta property=\"og:site_name\" content=\"NGANA\" \/>\n<meta property=\"article:modified_time\" content=\"2026-04-09T18:33:22+00:00\" \/>\n<meta name=\"twitter:card\" content=\"summary_large_image\" \/>\n<meta name=\"twitter:label1\" content=\"\u01af\u1edbc t\u00ednh th\u1eddi gian \u0111\u1ecdc\" \/>\n\t<meta name=\"twitter:data1\" content=\"3 ph\u00fat\" \/>\n<script type=\"application\/ld+json\" class=\"yoast-schema-graph\">{\"@context\":\"https:\/\/schema.org\",\"@graph\":[{\"@type\":\"WebPage\",\"@id\":\"https:\/\/nagie.azdigi.shop\/index.php\/chinh-sach-doi-tra-nagie-shop\/\",\"url\":\"https:\/\/nagie.azdigi.shop\/index.php\/chinh-sach-doi-tra-nagie-shop\/\",\"name\":\"Ch\u00ednh s\u00e1ch \u0111\u1ed5i & tr\u1ea3 h\u00e0ng - NGANA\",\"isPartOf\":{\"@id\":\"https:\/\/nagie.azdigi.shop\/#website\"},\"datePublished\":\"2026-04-09T16:52:08+00:00\",\"dateModified\":\"2026-04-09T18:33:22+00:00\",\"description\":\"H\u1ed7 tr\u1ee3 \u0111\u1ed5i size, \u0111\u1ed5i m\u1eabu trong 7 ng\u00e0y. Cam k\u1ebft minh b\u1ea1ch, nhanh ch\u00f3ng, gi\u00fap kh\u00e1ch h\u00e0ng y\u00ean t\u00e2m khi mua s\u1eafm online.\",\"breadcrumb\":{\"@id\":\"https:\/\/nagie.azdigi.shop\/index.php\/chinh-sach-doi-tra-nagie-shop\/#breadcrumb\"},\"inLanguage\":\"vi\",\"potentialAction\":[{\"@type\":\"ReadAction\",\"target\":[\"https:\/\/nagie.azdigi.shop\/index.php\/chinh-sach-doi-tra-nagie-shop\/\"]}]},{\"@type\":\"BreadcrumbList\",\"@id\":\"https:\/\/nagie.azdigi.shop\/index.php\/chinh-sach-doi-tra-nagie-shop\/#breadcrumb\",\"itemListElement\":[{\"@type\":\"ListItem\",\"position\":1,\"name\":\"Trang ch\u1ee7\",\"item\":\"https:\/\/nagie.azdigi.shop\/\"},{\"@type\":\"ListItem\",\"position\":2,\"name\":\"Ch\u00ednh s\u00e1ch \u0111\u1ed5i &#038; tr\u1ea3 h\u00e0ng\"}]},{\"@type\":\"WebSite\",\"@id\":\"https:\/\/nagie.azdigi.shop\/#website\",\"url\":\"https:\/\/nagie.azdigi.shop\/\",\"name\":\"NGANA\",\"description\":\"\",\"potentialAction\":[{\"@type\":\"SearchAction\",\"target\":{\"@type\":\"EntryPoint\",\"urlTemplate\":\"https:\/\/nagie.azdigi.shop\/?s={search_term_string}\"},\"query-input\":{\"@type\":\"PropertyValueSpecification\",\"valueRequired\":true,\"valueName\":\"search_term_string\"}}],\"inLanguage\":\"vi\"}]}<\/script>\n<!-- \/ Yoast SEO plugin. -->","yoast_head_json":{"title":"Ch\u00ednh s\u00e1ch \u0111\u1ed5i & tr\u1ea3 h\u00e0ng - NGANA","description":"H\u1ed7 tr\u1ee3 \u0111\u1ed5i size, \u0111\u1ed5i m\u1eabu trong 7 ng\u00e0y. Cam k\u1ebft minh b\u1ea1ch, nhanh ch\u00f3ng, gi\u00fap kh\u00e1ch h\u00e0ng y\u00ean t\u00e2m khi mua s\u1eafm online.","robots":{"index":"noindex","follow":"follow","max-snippet":"max-snippet:-1","max-image-preview":"max-image-preview:large","max-video-preview":"max-video-preview:-1"},"og_locale":"vi_VN","og_type":"article","og_title":"Ch\u00ednh s\u00e1ch \u0111\u1ed5i & tr\u1ea3 h\u00e0ng - NGANA","og_description":"H\u1ed7 tr\u1ee3 \u0111\u1ed5i size, \u0111\u1ed5i m\u1eabu trong 7 ng\u00e0y. Cam k\u1ebft minh b\u1ea1ch, nhanh ch\u00f3ng, gi\u00fap kh\u00e1ch h\u00e0ng y\u00ean t\u00e2m khi mua s\u1eafm online.","og_url":"https:\/\/nagie.azdigi.shop\/index.php\/chinh-sach-doi-tra-nagie-shop\/","og_site_name":"NGANA","article_modified_time":"2026-04-09T18:33:22+00:00","twitter_card":"summary_large_image","twitter_misc":{"\u01af\u1edbc t\u00ednh th\u1eddi gian \u0111\u1ecdc":"3 ph\u00fat"},"schema":{"@context":"https:\/\/schema.org","@graph":[{"@type":"WebPage","@id":"https:\/\/nagie.azdigi.shop\/index.php\/chinh-sach-doi-tra-nagie-shop\/","url":"https:\/\/nagie.azdigi.shop\/index.php\/chinh-sach-doi-tra-nagie-shop\/","name":"Ch\u00ednh s\u00e1ch \u0111\u1ed5i & tr\u1ea3 h\u00e0ng - NGANA","isPartOf":{"@id":"https:\/\/nagie.azdigi.shop\/#website"},"datePublished":"2026-04-09T16:52:08+00:00","dateModified":"2026-04-09T18:33:22+00:00","description":"H\u1ed7 tr\u1ee3 \u0111\u1ed5i size, \u0111\u1ed5i m\u1eabu trong 7 ng\u00e0y. Cam k\u1ebft minh b\u1ea1ch, nhanh ch\u00f3ng, gi\u00fap kh\u00e1ch h\u00e0ng y\u00ean t\u00e2m khi mua s\u1eafm online.","breadcrumb":{"@id":"https:\/\/nagie.azdigi.shop\/index.php\/chinh-sach-doi-tra-nagie-shop\/#breadcrumb"},"inLanguage":"vi","potentialAction":[{"@type":"ReadAction","target":["https:\/\/nagie.azdigi.shop\/index.php\/chinh-sach-doi-tra-nagie-shop\/"]}]},{"@type":"BreadcrumbList","@id":"https:\/\/nagie.azdigi.shop\/index.php\/chinh-sach-doi-tra-nagie-shop\/#breadcrumb","itemListElement":[{"@type":"ListItem","position":1,"name":"Trang ch\u1ee7","item":"https:\/\/nagie.azdigi.shop\/"},{"@type":"ListItem","position":2,"name":"Ch\u00ednh s\u00e1ch \u0111\u1ed5i &#038; tr\u1ea3 h\u00e0ng"}]},{"@type":"WebSite","@id":"https:\/\/nagie.azdigi.shop\/#website","url":"https:\/\/nagie.azdigi.shop\/","name":"NGANA","description":"","potentialAction":[{"@type":"SearchAction","target":{"@type":"EntryPoint","urlTemplate":"https:\/\/nagie.azdigi.shop\/?s={search_term_string}"},"query-input":{"@type":"PropertyValueSpecification","valueRequired":true,"valueName":"search_term_string"}}],"inLanguage":"vi"}]}},"_links":{"self":[{"href":"https:\/\/nagie.azdigi.shop\/index.php\/wp-json\/wp\/v2\/pages\/906","targetHints":{"allow":["GET"]}}],"collection":[{"href":"https:\/\/nagie.azdigi.shop\/index.php\/wp-json\/wp\/v2\/pages"}],"about":[{"href":"https:\/\/nagie.azdigi.shop\/index.php\/wp-json\/wp\/v2\/types\/page"}],"author":[{"embeddable":true,"href":"https:\/\/nagie.azdigi.shop\/index.php\/wp-json\/wp\/v2\/users\/1"}],"replies":[{"embeddable":true,"href":"https:\/\/nagie.azdigi.shop\/index.php\/wp-json\/wp\/v2\/comments?post=906"}],"version-history":[{"count":5,"href":"https:\/\/nagie.azdigi.shop\/index.php\/wp-json\/wp\/v2\/pages\/906\/revisions"}],"predecessor-version":[{"id":945,"href":"https:\/\/nagie.azdigi.shop\/index.php\/wp-json\/wp\/v2\/pages\/906\/revisions\/945"}],"wp:attachment":[{"href":"https:\/\/nagie.azdigi.shop\/index.php\/wp-json\/wp\/v2\/media?parent=906"}],"curies":[{"name":"wp","href":"https:\/\/api.w.org\/{rel}","templated":true}]}}