{"id":908,"date":"2026-04-09T16:52:38","date_gmt":"2026-04-09T16:52:38","guid":{"rendered":"https:\/\/nagie.azdigi.shop\/?page_id=908"},"modified":"2026-04-09T18:19:11","modified_gmt":"2026-04-09T18:19:11","slug":"chinh-sach-bao-hanh-nagie-shop","status":"publish","type":"page","link":"https:\/\/nagie.azdigi.shop\/index.php\/chinh-sach-bao-hanh-nagie-shop\/","title":{"rendered":"Ch\u00ednh s\u00e1ch b\u1ea3o h\u00e0nh"},"content":{"rendered":"<h3 style=\"text-align: center;\"><span style=\"color: #800000;\"><a style=\"color: #800000;\" href=\"https:\/\/nagie.azdigi.shop\/index.php\/chinh-sach-bao-hanh\/\"><strong><span style=\"font-size: 100%;\">CH\u00cdNH S\u00c1CH B\u1ea2O H\u00c0NH<\/span><\/strong><\/a><\/span><\/h3>\n<div class=\"text-center\"><div class=\"is-divider divider clearfix\" style=\"max-width:50px;height:2px;background-color:rgb(0, 0, 0);\"><\/div><\/div>\n<h4 data-section-id=\"1x6z0t4\" data-start=\"470\" data-end=\"510\"><span style=\"color: #800000;\"><strong><span style=\"font-size: 100%;\" role=\"text\">1. S\u1eeda ch\u1eefa mi\u1ec5n ph\u00ed c\u00e1c l\u1ed7i c\u01a1 b\u1ea3n<\/span><\/strong><\/span><\/h4>\n<h4 data-start=\"511\" data-end=\"615\"><span style=\"font-size: 100%; color: #333333;\">Trong qu\u00e1 tr\u00ecnh s\u1eed d\u1ee5ng, n\u1ebfu s\u1ea3n ph\u1ea9m ph\u00e1t sinh c\u00e1c l\u1ed7i nh\u1ecf, Nagie Shop s\u1ebd h\u1ed7 tr\u1ee3 s\u1eeda ch\u1eefa mi\u1ec5n ph\u00ed nh\u01b0:<\/span><\/h4>\n<ul data-start=\"616\" data-end=\"716\">\n<li data-section-id=\"fb0rit\" data-start=\"616\" data-end=\"643\">\n<h4><span style=\"font-size: 100%; color: #333333;\">\u0110\u1ee9t ch\u1ec9, bung \u0111\u01b0\u1eddng may<\/span><\/h4>\n<\/li>\n<li data-section-id=\"1zsadb\" data-start=\"644\" data-end=\"670\">\n<h4><span style=\"font-size: 100%; color: #333333;\">H\u1ecfng kh\u00f3a k\u00e9o (zipper)<\/span><\/h4>\n<\/li>\n<li data-section-id=\"1lxwm11\" data-start=\"671\" data-end=\"692\">\n<h4><span style=\"font-size: 100%; color: #333333;\">R\u01a1i ho\u1eb7c bung c\u00fac<\/span><\/h4>\n<\/li>\n<li data-section-id=\"1pu9ewh\" data-start=\"693\" data-end=\"716\">\n<h4><span style=\"font-size: 100%; color: #333333;\">Gi\u00e3n ho\u1eb7c h\u1ecfng thun<\/span><\/h4>\n<\/li>\n<\/ul>\n<h4 data-start=\"718\" data-end=\"797\"><span style=\"font-size: 100%; color: #333333;\">D\u1ecbch v\u1ee5 n\u00e0y gi\u00fap kh\u00e1ch h\u00e0ng ti\u1ebft ki\u1ec7m chi ph\u00ed v\u00e0 k\u00e9o d\u00e0i tu\u1ed5i th\u1ecd c\u1ee7a s\u1ea3n ph\u1ea9m.<\/span><\/h4>\n<h4 data-section-id=\"yfgebf\" data-start=\"804\" data-end=\"844\"><span style=\"color: #800000;\"><strong><span style=\"font-size: 100%;\" role=\"text\">2. H\u1ed7 tr\u1ee3 ch\u1ec9nh s\u1eeda form theo s\u1ed1 \u0111o<\/span><\/strong><\/span><\/h4>\n<h4 data-start=\"845\" data-end=\"942\"><span style=\"font-size: 100%; color: #333333;\">\u0110\u1ec3 mang l\u1ea1i s\u1ef1 v\u1eeba v\u1eb7n t\u1ed1i \u0111a, Nagie Shop h\u1ed7 tr\u1ee3 ch\u1ec9nh s\u1eeda form \u0111\u1ed1i v\u1edbi m\u1ed9t s\u1ed1 d\u00f2ng s\u1ea3n ph\u1ea9m nh\u01b0:<\/span><\/h4>\n<ul data-start=\"943\" data-end=\"968\">\n<li data-section-id=\"2k2moa\" data-start=\"943\" data-end=\"955\">\n<h4><span style=\"font-size: 100%; color: #333333;\">Qu\u1ea7n t\u00e2y<\/span><\/h4>\n<\/li>\n<li data-section-id=\"m24vnl\" data-start=\"956\" data-end=\"968\">\n<h4><span style=\"font-size: 100%; color: #333333;\">Ch\u00e2n v\u00e1y<\/span><\/h4>\n<\/li>\n<\/ul>\n<h4 data-start=\"970\" data-end=\"989\"><span style=\"font-size: 100%; color: #333333;\">C\u00e1c h\u1ed7 tr\u1ee3 bao g\u1ed3m:<\/span><\/h4>\n<ul data-start=\"990\" data-end=\"1042\">\n<li data-section-id=\"1dm457e\" data-start=\"990\" data-end=\"1016\">\n<h4><span style=\"font-size: 100%; color: #333333;\">L\u00ean g\u1ea5u theo chi\u1ec1u cao<\/span><\/h4>\n<\/li>\n<li data-section-id=\"1ezwk6u\" data-start=\"1017\" data-end=\"1042\">\n<h4><span style=\"font-size: 100%; color: #333333;\">B\u00f3p eo nh\u1eb9 theo s\u1ed1 \u0111o<\/span><\/h4>\n<\/li>\n<\/ul>\n<h4 data-start=\"1044\" data-end=\"1144\"><span style=\"font-size: 100%; color: #333333;\">Nh\u1edd \u0111\u00f3, kh\u00e1ch h\u00e0ng c\u00f3 th\u1ec3 s\u1edf h\u1eefu trang ph\u1ee5c ph\u00f9 h\u1ee3p v\u1edbi d\u00e1ng ng\u01b0\u1eddi m\u00e0 kh\u00f4ng c\u1ea7n ch\u1ec9nh s\u1eeda b\u00ean ngo\u00e0i.<\/span><\/h4>\n<h4 data-section-id=\"1hnk80b\" data-start=\"1151\" data-end=\"1183\"><strong><span style=\"font-size: 100%; color: #800000;\" role=\"text\">3. Th\u1eddi gian x\u1eed l\u00fd b\u1ea3o h\u00e0nh<\/span><\/strong><\/h4>\n<h4 data-start=\"1184\" data-end=\"1413\"><span style=\"font-size: 100%; color: #333333;\">Th\u1eddi gian x\u1eed l\u00fd b\u1ea3o h\u00e0nh t\u1ea1i Nagie Shop th\u01b0\u1eddng dao \u0111\u1ed9ng t\u1eeb 3 \u2013 7 ng\u00e0y.<\/span><br data-start=\"1258\" data-end=\"1261\" \/><span style=\"font-size: 100%; color: #333333;\">T\u00f9y v\u00e0o t\u00ecnh tr\u1ea1ng s\u1ea3n ph\u1ea9m v\u00e0 m\u1ee9c \u0111\u1ed9 ph\u1ee9c t\u1ea1p c\u1ee7a vi\u1ec7c s\u1eeda ch\u1eefa, th\u1eddi gian c\u00f3 th\u1ec3 linh ho\u1ea1t \u0111\u1ec3 \u0111\u1ea3m b\u1ea3o ch\u1ea5t l\u01b0\u1ee3ng t\u1ed1t nh\u1ea5t khi giao l\u1ea1i cho kh\u00e1ch h\u00e0ng.<\/span><\/h4>\n<h4 data-section-id=\"xq3drt\" data-start=\"1420\" data-end=\"1454\"><strong><span style=\"font-size: 100%; color: #800000;\" role=\"text\">4. \u0110i\u1ec1u ki\u1ec7n \u00e1p d\u1ee5ng b\u1ea3o h\u00e0nh<\/span><\/strong><\/h4>\n<h4 data-start=\"1455\" data-end=\"1498\"><span style=\"font-size: 100%; color: #333333;\">Ch\u00ednh s\u00e1ch b\u1ea3o h\u00e0nh Nagie Shop \u00e1p d\u1ee5ng khi:<\/span><\/h4>\n<ul data-start=\"1499\" data-end=\"1657\">\n<li data-section-id=\"gphpak\" data-start=\"1499\" data-end=\"1546\">\n<h4><span style=\"font-size: 100%; color: #333333;\">S\u1ea3n ph\u1ea9m \u0111\u01b0\u1ee3c mua ch\u00ednh h\u00e3ng t\u1ea1i Nagie Shop<\/span><\/h4>\n<\/li>\n<li data-section-id=\"108ig2t\" data-start=\"1547\" data-end=\"1607\">\n<h4><span style=\"font-size: 100%; color: #333333;\">C\u00f3 h\u00f3a \u0111\u01a1n mua h\u00e0ng ho\u1eb7c cung c\u1ea5p s\u1ed1 \u0111i\u1ec7n tho\u1ea1i \u0111\u1eb7t h\u00e0ng<\/span><\/h4>\n<\/li>\n<li data-section-id=\"1adky7k\" data-start=\"1608\" data-end=\"1657\">\n<h4><span style=\"font-size: 100%; color: #333333;\">S\u1ea3n ph\u1ea9m c\u00f2n trong t\u00ecnh tr\u1ea1ng c\u00f3 th\u1ec3 s\u1eeda ch\u1eefa<\/span><\/h4>\n<\/li>\n<\/ul>\n<h4 data-start=\"1659\" data-end=\"1729\"><span style=\"font-size: 100%; color: #333333;\">Vi\u1ec7c \u0111\u1ed1i so\u00e1t th\u00f4ng tin gi\u00fap shop h\u1ed7 tr\u1ee3 nhanh ch\u00f3ng v\u00e0 ch\u00ednh x\u00e1c h\u01a1n.<\/span><\/h4>\n<h4 data-section-id=\"10e00ad\" data-start=\"2474\" data-end=\"2502\"><strong><span style=\"font-size: 100%; color: #800000;\" role=\"text\">5. Cam k\u1ebft t\u1eeb Nagie Shop<\/span><\/strong><\/h4>\n<h4 data-start=\"2504\" data-end=\"2725\"><span style=\"font-size: 100%; color: #333333;\">Nagie Shop cam k\u1ebft mang \u0111\u1ebfn d\u1ecbch v\u1ee5 ch\u0103m s\u00f3c kh\u00e1ch h\u00e0ng t\u1eadn t\u00e2m, minh b\u1ea1ch v\u00e0 r\u00f5 r\u00e0ng. Ch\u00ednh s\u00e1ch b\u1ea3o h\u00e0nh kh\u00f4ng ch\u1ec9 l\u00e0 h\u1ed7 tr\u1ee3 k\u1ef9 thu\u1eadt m\u00e0 c\u00f2n l\u00e0 c\u00e1ch Nagie \u0111\u1ed3ng h\u00e0nh c\u00f9ng kh\u00e1ch h\u00e0ng trong su\u1ed1t qu\u00e1 tr\u00ecnh s\u1eed d\u1ee5ng s\u1ea3n ph\u1ea9m.<\/span><\/h4>\n<h4 data-section-id=\"g3jh07\" data-start=\"2732\" data-end=\"2770\"><span style=\"color: #800000;\"><strong><span style=\"font-size: 100%;\" role=\"text\">6. Li\u00ean h\u1ec7 b\u1ea3o h\u00e0nh t\u1ea1i Nagie Shop<\/span><\/strong><\/span><\/h4>\n<h4 data-start=\"2772\" data-end=\"2856\"><span style=\"font-size: 100%; color: #333333;\">N\u1ebfu b\u1ea1n c\u1ea7n h\u1ed7 tr\u1ee3 b\u1ea3o h\u00e0nh ho\u1eb7c ch\u1ec9nh s\u1eeda s\u1ea3n ph\u1ea9m, h\u00e3y li\u00ean h\u1ec7 v\u1edbi Nagie Shop qua:<\/span><\/h4>\n<ul data-start=\"2857\" data-end=\"2912\">\n<li data-section-id=\"mfsub6\" data-start=\"2857\" data-end=\"2868\">\n<h4><span style=\"font-size: 100%; color: #333333;\">Fanpage<\/span><\/h4>\n<\/li>\n<li data-section-id=\"2fichf\" data-start=\"2869\" data-end=\"2880\">\n<h4><span style=\"font-size: 100%; color: #333333;\">Website<\/span><\/h4>\n<\/li>\n<li data-section-id=\"1a5od83\" data-start=\"2881\" data-end=\"2912\">\n<h4><span style=\"font-size: 100%; color: #333333;\">Ho\u1eb7c \u0111\u1ebfn tr\u1ef1c ti\u1ebfp c\u1eeda h\u00e0ng<\/span><\/h4>\n<\/li>\n<\/ul>\n<h4 data-start=\"2914\" data-end=\"2978\"><span style=\"font-size: 100%; color: #333333;\">\u0110\u1ed9i ng\u0169 Nagie lu\u00f4n s\u1eb5n s\u00e0ng h\u1ed7 tr\u1ee3 nhanh ch\u00f3ng v\u00e0 t\u1eadn t\u00ecnh nh\u1ea5t.<\/span><\/h4>\n<h4><\/h4>\n","protected":false},"excerpt":{"rendered":"<p>CH\u00cdNH S\u00c1CH B\u1ea2O H\u00c0NH 1. S\u1eeda ch\u1eefa mi\u1ec5n ph\u00ed c\u00e1c l\u1ed7i c\u01a1 b\u1ea3n Trong qu\u00e1 tr\u00ecnh s\u1eed d\u1ee5ng, n\u1ebfu s\u1ea3n ph\u1ea9m ph\u00e1t sinh c\u00e1c l\u1ed7i nh\u1ecf, Nagie Shop s\u1ebd h\u1ed7 tr\u1ee3 s\u1eeda ch\u1eefa mi\u1ec5n ph\u00ed nh\u01b0: \u0110\u1ee9t ch\u1ec9, bung \u0111\u01b0\u1eddng may H\u1ecfng kh\u00f3a k\u00e9o (zipper) R\u01a1i ho\u1eb7c bung c\u00fac Gi\u00e3n ho\u1eb7c h\u1ecfng thun D\u1ecbch v\u1ee5 [&#8230;]\n","protected":false},"author":1,"featured_media":0,"parent":0,"menu_order":0,"comment_status":"closed","ping_status":"closed","template":"","meta":{"footnotes":""},"class_list":["post-908","page","type-page","status-publish","hentry"],"yoast_head":"<!-- This site is optimized with the Yoast SEO plugin v27.1.1 - https:\/\/yoast.com\/product\/yoast-seo-wordpress\/ -->\n<title>Ch\u00ednh s\u00e1ch b\u1ea3o h\u00e0nh - NGANA<\/title>\n<meta name=\"description\" content=\"H\u1ed7 tr\u1ee3 s\u1eeda ch\u1eefa mi\u1ec5n ph\u00ed, ch\u1ec9nh s\u1eeda form v\u00e0 h\u01b0\u1edbng d\u1eabn b\u1ea3o qu\u1ea3n v\u00e1y \u00e1o n\u1eef gi\u00fap s\u1ea3n ph\u1ea9m lu\u00f4n b\u1ec1n \u0111\u1eb9p khi s\u1eed d\u1ee5ng.\" \/>\n<meta name=\"robots\" content=\"noindex, follow, max-snippet:-1, max-image-preview:large, max-video-preview:-1\" \/>\n<meta property=\"og:locale\" content=\"vi_VN\" \/>\n<meta property=\"og:type\" content=\"article\" \/>\n<meta property=\"og:title\" content=\"Ch\u00ednh s\u00e1ch b\u1ea3o h\u00e0nh - NGANA\" \/>\n<meta property=\"og:description\" content=\"H\u1ed7 tr\u1ee3 s\u1eeda ch\u1eefa mi\u1ec5n ph\u00ed, ch\u1ec9nh s\u1eeda form v\u00e0 h\u01b0\u1edbng d\u1eabn b\u1ea3o qu\u1ea3n v\u00e1y \u00e1o n\u1eef gi\u00fap s\u1ea3n ph\u1ea9m lu\u00f4n b\u1ec1n \u0111\u1eb9p khi s\u1eed d\u1ee5ng.\" \/>\n<meta property=\"og:url\" content=\"https:\/\/nagie.azdigi.shop\/index.php\/chinh-sach-bao-hanh-nagie-shop\/\" \/>\n<meta property=\"og:site_name\" content=\"NGANA\" \/>\n<meta property=\"article:modified_time\" content=\"2026-04-09T18:19:11+00:00\" \/>\n<meta name=\"twitter:card\" content=\"summary_large_image\" \/>\n<meta name=\"twitter:label1\" content=\"\u01af\u1edbc t\u00ednh th\u1eddi gian \u0111\u1ecdc\" \/>\n\t<meta name=\"twitter:data1\" content=\"3 ph\u00fat\" \/>\n<script type=\"application\/ld+json\" class=\"yoast-schema-graph\">{\"@context\":\"https:\/\/schema.org\",\"@graph\":[{\"@type\":\"WebPage\",\"@id\":\"https:\/\/nagie.azdigi.shop\/index.php\/chinh-sach-bao-hanh-nagie-shop\/\",\"url\":\"https:\/\/nagie.azdigi.shop\/index.php\/chinh-sach-bao-hanh-nagie-shop\/\",\"name\":\"Ch\u00ednh s\u00e1ch b\u1ea3o h\u00e0nh - NGANA\",\"isPartOf\":{\"@id\":\"https:\/\/nagie.azdigi.shop\/#website\"},\"datePublished\":\"2026-04-09T16:52:38+00:00\",\"dateModified\":\"2026-04-09T18:19:11+00:00\",\"description\":\"H\u1ed7 tr\u1ee3 s\u1eeda ch\u1eefa mi\u1ec5n ph\u00ed, ch\u1ec9nh s\u1eeda form v\u00e0 h\u01b0\u1edbng d\u1eabn b\u1ea3o qu\u1ea3n v\u00e1y \u00e1o n\u1eef gi\u00fap s\u1ea3n ph\u1ea9m lu\u00f4n b\u1ec1n \u0111\u1eb9p khi s\u1eed d\u1ee5ng.\",\"breadcrumb\":{\"@id\":\"https:\/\/nagie.azdigi.shop\/index.php\/chinh-sach-bao-hanh-nagie-shop\/#breadcrumb\"},\"inLanguage\":\"vi\",\"potentialAction\":[{\"@type\":\"ReadAction\",\"target\":[\"https:\/\/nagie.azdigi.shop\/index.php\/chinh-sach-bao-hanh-nagie-shop\/\"]}]},{\"@type\":\"BreadcrumbList\",\"@id\":\"https:\/\/nagie.azdigi.shop\/index.php\/chinh-sach-bao-hanh-nagie-shop\/#breadcrumb\",\"itemListElement\":[{\"@type\":\"ListItem\",\"position\":1,\"name\":\"Trang ch\u1ee7\",\"item\":\"https:\/\/nagie.azdigi.shop\/\"},{\"@type\":\"ListItem\",\"position\":2,\"name\":\"Ch\u00ednh s\u00e1ch b\u1ea3o h\u00e0nh\"}]},{\"@type\":\"WebSite\",\"@id\":\"https:\/\/nagie.azdigi.shop\/#website\",\"url\":\"https:\/\/nagie.azdigi.shop\/\",\"name\":\"NGANA\",\"description\":\"\",\"potentialAction\":[{\"@type\":\"SearchAction\",\"target\":{\"@type\":\"EntryPoint\",\"urlTemplate\":\"https:\/\/nagie.azdigi.shop\/?s={search_term_string}\"},\"query-input\":{\"@type\":\"PropertyValueSpecification\",\"valueRequired\":true,\"valueName\":\"search_term_string\"}}],\"inLanguage\":\"vi\"}]}<\/script>\n<!-- \/ Yoast SEO plugin. -->","yoast_head_json":{"title":"Ch\u00ednh s\u00e1ch b\u1ea3o h\u00e0nh - NGANA","description":"H\u1ed7 tr\u1ee3 s\u1eeda ch\u1eefa mi\u1ec5n ph\u00ed, ch\u1ec9nh s\u1eeda form v\u00e0 h\u01b0\u1edbng d\u1eabn b\u1ea3o qu\u1ea3n v\u00e1y \u00e1o n\u1eef gi\u00fap s\u1ea3n ph\u1ea9m lu\u00f4n b\u1ec1n \u0111\u1eb9p khi s\u1eed d\u1ee5ng.","robots":{"index":"noindex","follow":"follow","max-snippet":"max-snippet:-1","max-image-preview":"max-image-preview:large","max-video-preview":"max-video-preview:-1"},"og_locale":"vi_VN","og_type":"article","og_title":"Ch\u00ednh s\u00e1ch b\u1ea3o h\u00e0nh - NGANA","og_description":"H\u1ed7 tr\u1ee3 s\u1eeda ch\u1eefa mi\u1ec5n ph\u00ed, ch\u1ec9nh s\u1eeda form v\u00e0 h\u01b0\u1edbng d\u1eabn b\u1ea3o qu\u1ea3n v\u00e1y \u00e1o n\u1eef gi\u00fap s\u1ea3n ph\u1ea9m lu\u00f4n b\u1ec1n \u0111\u1eb9p khi s\u1eed d\u1ee5ng.","og_url":"https:\/\/nagie.azdigi.shop\/index.php\/chinh-sach-bao-hanh-nagie-shop\/","og_site_name":"NGANA","article_modified_time":"2026-04-09T18:19:11+00:00","twitter_card":"summary_large_image","twitter_misc":{"\u01af\u1edbc t\u00ednh th\u1eddi gian \u0111\u1ecdc":"3 ph\u00fat"},"schema":{"@context":"https:\/\/schema.org","@graph":[{"@type":"WebPage","@id":"https:\/\/nagie.azdigi.shop\/index.php\/chinh-sach-bao-hanh-nagie-shop\/","url":"https:\/\/nagie.azdigi.shop\/index.php\/chinh-sach-bao-hanh-nagie-shop\/","name":"Ch\u00ednh s\u00e1ch b\u1ea3o h\u00e0nh - NGANA","isPartOf":{"@id":"https:\/\/nagie.azdigi.shop\/#website"},"datePublished":"2026-04-09T16:52:38+00:00","dateModified":"2026-04-09T18:19:11+00:00","description":"H\u1ed7 tr\u1ee3 s\u1eeda ch\u1eefa mi\u1ec5n ph\u00ed, ch\u1ec9nh s\u1eeda form v\u00e0 h\u01b0\u1edbng d\u1eabn b\u1ea3o qu\u1ea3n v\u00e1y \u00e1o n\u1eef gi\u00fap s\u1ea3n ph\u1ea9m lu\u00f4n b\u1ec1n \u0111\u1eb9p khi s\u1eed d\u1ee5ng.","breadcrumb":{"@id":"https:\/\/nagie.azdigi.shop\/index.php\/chinh-sach-bao-hanh-nagie-shop\/#breadcrumb"},"inLanguage":"vi","potentialAction":[{"@type":"ReadAction","target":["https:\/\/nagie.azdigi.shop\/index.php\/chinh-sach-bao-hanh-nagie-shop\/"]}]},{"@type":"BreadcrumbList","@id":"https:\/\/nagie.azdigi.shop\/index.php\/chinh-sach-bao-hanh-nagie-shop\/#breadcrumb","itemListElement":[{"@type":"ListItem","position":1,"name":"Trang ch\u1ee7","item":"https:\/\/nagie.azdigi.shop\/"},{"@type":"ListItem","position":2,"name":"Ch\u00ednh s\u00e1ch b\u1ea3o h\u00e0nh"}]},{"@type":"WebSite","@id":"https:\/\/nagie.azdigi.shop\/#website","url":"https:\/\/nagie.azdigi.shop\/","name":"NGANA","description":"","potentialAction":[{"@type":"SearchAction","target":{"@type":"EntryPoint","urlTemplate":"https:\/\/nagie.azdigi.shop\/?s={search_term_string}"},"query-input":{"@type":"PropertyValueSpecification","valueRequired":true,"valueName":"search_term_string"}}],"inLanguage":"vi"}]}},"_links":{"self":[{"href":"https:\/\/nagie.azdigi.shop\/index.php\/wp-json\/wp\/v2\/pages\/908","targetHints":{"allow":["GET"]}}],"collection":[{"href":"https:\/\/nagie.azdigi.shop\/index.php\/wp-json\/wp\/v2\/pages"}],"about":[{"href":"https:\/\/nagie.azdigi.shop\/index.php\/wp-json\/wp\/v2\/types\/page"}],"author":[{"embeddable":true,"href":"https:\/\/nagie.azdigi.shop\/index.php\/wp-json\/wp\/v2\/users\/1"}],"replies":[{"embeddable":true,"href":"https:\/\/nagie.azdigi.shop\/index.php\/wp-json\/wp\/v2\/comments?post=908"}],"version-history":[{"count":4,"href":"https:\/\/nagie.azdigi.shop\/index.php\/wp-json\/wp\/v2\/pages\/908\/revisions"}],"predecessor-version":[{"id":939,"href":"https:\/\/nagie.azdigi.shop\/index.php\/wp-json\/wp\/v2\/pages\/908\/revisions\/939"}],"wp:attachment":[{"href":"https:\/\/nagie.azdigi.shop\/index.php\/wp-json\/wp\/v2\/media?parent=908"}],"curies":[{"name":"wp","href":"https:\/\/api.w.org\/{rel}","templated":true}]}}