{"id":912,"date":"2026-04-09T16:53:30","date_gmt":"2026-04-09T16:53:30","guid":{"rendered":"https:\/\/nagie.azdigi.shop\/?page_id=912"},"modified":"2026-04-09T18:46:36","modified_gmt":"2026-04-09T18:46:36","slug":"huong-dan-su-dung","status":"publish","type":"page","link":"https:\/\/nagie.azdigi.shop\/index.php\/huong-dan-su-dung\/","title":{"rendered":"H\u01b0\u1edbng d\u1eabn s\u1eed d\u1ee5ng"},"content":{"rendered":"<h3 style=\"text-align: center;\"><span style=\"color: #800000;\"><a style=\"color: #800000;\" href=\"https:\/\/nagie.azdigi.shop\/index.php\/huong-dan-su-dung\/\"><strong><span style=\"font-size: 100%;\">H\u01af\u1edaNG D\u1eaaN S\u1eec D\u1ee4NG<\/span><\/strong><\/a><\/span><\/h3>\n<h4><span style=\"color: #333333;\"><div class=\"text-center\"><div class=\"is-divider divider clearfix\" style=\"max-width:50px;height:2px;background-color:rgb(0, 0, 0);\"><\/div><\/div><\/span><\/h4>\n<h4><span style=\"color: #333333;\">H\u01b0\u1edbng d\u1eabn b\u1ea3o qu\u1ea3n trang ph\u1ee5c Nagie Shop gi\u00fap gi\u1eef cho qu\u1ea7n \u00e1o lu\u00f4n b\u1ec1n \u0111\u1eb9p, gi\u1eef form chu\u1ea9n v\u00e0 h\u1ea1n ch\u1ebf h\u01b0 h\u1ecfng trong qu\u00e1 tr\u00ecnh s\u1eed d\u1ee5ng. V\u1edbi c\u00e1c ch\u1ea5t li\u1ec7u \u0111\u1eb7c tr\u01b0ng nh\u01b0 cotton, linen, l\u1ee5a hay len m\u1ec1m, vi\u1ec7c b\u1ea3o qu\u1ea3n \u0111\u00fang c\u00e1ch s\u1ebd gi\u00fap trang ph\u1ee5c lu\u00f4n nh\u01b0 m\u1edbi v\u00e0 s\u1eed d\u1ee5ng \u0111\u01b0\u1ee3c l\u00e2u d\u00e0i h\u01a1n.<\/span><\/h4>\n<h4 data-section-id=\"9s997m\" data-start=\"414\" data-end=\"449\"><span style=\"color: #800000;\"><strong><span role=\"text\">1. \u01afu ti\u00ean gi\u1eb7t tay \u0111\u1ec3 gi\u1eef form<\/span><\/strong><\/span><\/h4>\n<h4 data-start=\"451\" data-end=\"521\"><span style=\"color: #333333;\">\u0110\u1ed1i v\u1edbi c\u00e1c s\u1ea3n ph\u1ea9m t\u1eeb Nagie Shop, \u0111\u1eb7c bi\u1ec7t l\u00e0 \u0111\u1ed3 l\u1ee5a, linen ho\u1eb7c t\u01a1:<\/span><\/h4>\n<ul data-start=\"522\" data-end=\"708\">\n<li data-section-id=\"qq2jw6\" data-start=\"522\" data-end=\"595\">\n<h4><span style=\"color: #333333;\">N\u00ean gi\u1eb7t tay b\u1eb1ng n\u01b0\u1edbc l\u1ea1nh \u0111\u1ec3 tr\u00e1nh l\u00e0m gi\u00e3n ho\u1eb7c bi\u1ebfn d\u1ea1ng form<\/span><\/h4>\n<\/li>\n<li data-section-id=\"aify5p\" data-start=\"596\" data-end=\"656\">\n<h4><span style=\"color: #333333;\">Gi\u1eb7t nh\u1eb9 nh\u00e0ng, kh\u00f4ng v\u00f2 m\u1ea1nh \u0111\u1ec3 b\u1ea3o v\u1ec7 c\u1ea5u tr\u00fac s\u1ee3i v\u1ea3i<\/span><\/h4>\n<\/li>\n<li data-section-id=\"1l9zumm\" data-start=\"657\" data-end=\"708\">\n<h4><span style=\"color: #333333;\">S\u1eed d\u1ee5ng n\u01b0\u1edbc gi\u1eb7t d\u1ecbu nh\u1eb9 \u0111\u1ec3 \u0111\u1ea3m b\u1ea3o \u0111\u1ed9 b\u1ec1n m\u00e0u<\/span><\/h4>\n<\/li>\n<\/ul>\n<h4 data-start=\"710\" data-end=\"776\"><span style=\"color: #333333;\">Gi\u1eb7t tay l\u00e0 c\u00e1ch t\u1ed1t nh\u1ea5t gi\u00fap trang ph\u1ee5c gi\u1eef \u0111\u01b0\u1ee3c v\u1ebb \u0111\u1eb9p ban \u0111\u1ea7u.<\/span><\/h4>\n<h4 data-section-id=\"1qfdk8b\" data-start=\"783\" data-end=\"819\"><strong><span style=\"color: #800000;\" role=\"text\">2. S\u1eed d\u1ee5ng t\u00fai gi\u1eb7t khi gi\u1eb7t m\u00e1y<\/span><\/strong><\/h4>\n<h4 data-start=\"821\" data-end=\"851\"><span style=\"color: #333333;\">Trong tr\u01b0\u1eddng h\u1ee3p c\u1ea7n gi\u1eb7t m\u00e1y:<\/span><\/h4>\n<ul data-start=\"852\" data-end=\"981\">\n<li data-section-id=\"16j1nsn\" data-start=\"852\" data-end=\"887\">\n<h4><span style=\"color: #333333;\">L\u1ed9n tr\u00e1i qu\u1ea7n \u00e1o tr\u01b0\u1edbc khi gi\u1eb7t<\/span><\/h4>\n<\/li>\n<li data-section-id=\"z9ptkk\" data-start=\"888\" data-end=\"924\">\n<h4><span style=\"color: #333333;\">Cho v\u00e0o t\u00fai gi\u1eb7t chuy\u00ean d\u1ee5ng<\/span><\/h4>\n<\/li>\n<li data-section-id=\"1vi47wu\" data-start=\"925\" data-end=\"981\">\n<h4><span style=\"color: #333333;\">Ch\u1ecdn ch\u1ebf \u0111\u1ed9 Gentle\/Delicate \u0111\u1ec3 gi\u1ea3m l\u1ef1c t\u00e1c \u0111\u1ed9ng<\/span><\/h4>\n<\/li>\n<\/ul>\n<h4 data-start=\"983\" data-end=\"1041\"><span style=\"color: #333333;\">C\u00e1ch n\u00e0y gi\u00fap h\u1ea1n ch\u1ebf t\u00ecnh tr\u1ea1ng bai d\u00e3o ho\u1eb7c x\u00f9 l\u00f4ng v\u1ea3i.<\/span><\/h4>\n<h4 data-section-id=\"1b4ahie\" data-start=\"1048\" data-end=\"1082\"><span style=\"color: #800000;\"><strong><span role=\"text\">3. Tr\u00e1nh s\u1eed d\u1ee5ng ch\u1ea5t t\u1ea9y m\u1ea1nh<\/span><\/strong><\/span><\/h4>\n<h4 data-start=\"1084\" data-end=\"1115\"><span style=\"color: #333333;\">\u0110\u1ec3 b\u1ea3o v\u1ec7 m\u00e0u s\u1eafc v\u00e0 ch\u1ea5t li\u1ec7u:<\/span><\/h4>\n<ul data-start=\"1116\" data-end=\"1280\">\n<li data-section-id=\"qacfh\" data-start=\"1116\" data-end=\"1174\">\n<h4><span style=\"color: #333333;\">Kh\u00f4ng d\u00f9ng ch\u1ea5t t\u1ea9y r\u1eeda m\u1ea1nh ho\u1eb7c \u0111\u1ed5 tr\u1ef1c ti\u1ebfp l\u00ean v\u1ea3i<\/span><\/h4>\n<\/li>\n<li data-section-id=\"x4asui\" data-start=\"1175\" data-end=\"1224\">\n<h4><span style=\"color: #333333;\">Tr\u00e1nh c\u00e1c s\u1ea3n ph\u1ea9m c\u00f3 ch\u1ee9a ch\u1ea5t t\u1ea9y tr\u1eafng cao<\/span><\/h4>\n<\/li>\n<li data-section-id=\"m4p6ud\" data-start=\"1225\" data-end=\"1280\">\n<h4><span style=\"color: #333333;\">\u01afu ti\u00ean n\u01b0\u1edbc gi\u1eb7t d\u1ecbu nh\u1eb9, ph\u00f9 h\u1ee3p v\u1edbi v\u1ea3i t\u1ef1 nhi\u00ean<\/span><\/h4>\n<\/li>\n<\/ul>\n<h4 data-start=\"1282\" data-end=\"1342\"><span style=\"color: #333333;\">\u0110i\u1ec1u n\u00e0y gi\u00fap trang ph\u1ee5c kh\u00f4ng b\u1ecb phai m\u00e0u ho\u1eb7c h\u1ecfng b\u1ec1 m\u1eb7t.<\/span><\/h4>\n<h4 data-section-id=\"p97grs\" data-start=\"1349\" data-end=\"1384\"><span style=\"color: #800000;\"><strong><span role=\"text\">4. Ph\u01a1i \u0111\u00fang c\u00e1ch \u0111\u1ec3 gi\u1eef \u0111\u1ed9 b\u1ec1n<\/span><\/strong><\/span><\/h4>\n<h4 data-start=\"1386\" data-end=\"1442\"><span style=\"color: #333333;\">C\u00e1ch ph\u01a1i c\u0169ng \u1ea3nh h\u01b0\u1edfng r\u1ea5t l\u1edbn \u0111\u1ebfn \u0111\u1ed9 b\u1ec1n c\u1ee7a qu\u1ea7n \u00e1o:<\/span><\/h4>\n<ul data-start=\"1443\" data-end=\"1605\">\n<li data-section-id=\"1u3xtpl\" data-start=\"1443\" data-end=\"1494\">\n<h4><span style=\"color: #333333;\">N\u00ean ph\u01a1i trong b\u00f3ng r\u00e2m, tr\u00e1nh \u00e1nh n\u1eafng g\u1eaft<\/span><\/h4>\n<\/li>\n<li data-section-id=\"wurpos\" data-start=\"1495\" data-end=\"1563\">\n<h4><span style=\"color: #333333;\">\u0110\u1ed1i v\u1edbi \u00e1o len ho\u1eb7c thun: n\u00ean ph\u01a1i ngang \u0111\u1ec3 tr\u00e1nh b\u1ecb ch\u1ea3y x\u1ec7<\/span><\/h4>\n<\/li>\n<li data-section-id=\"k23tj3\" data-start=\"1564\" data-end=\"1605\">\n<h4><span style=\"color: #333333;\">Treo \u0111\u00fang form \u0111\u1ec3 gi\u1eef d\u00e1ng trang ph\u1ee5c<\/span><\/h4>\n<\/li>\n<\/ul>\n<h4 data-start=\"1607\" data-end=\"1677\"><span style=\"color: #333333;\">Ph\u01a1i \u0111\u00fang c\u00e1ch s\u1ebd gi\u00fap qu\u1ea7n \u00e1o gi\u1eef \u0111\u01b0\u1ee3c m\u00e0u s\u1eafc v\u00e0 \u0111\u1ed9 m\u1ec1m m\u1ea1i l\u00e2u h\u01a1n.<\/span><\/h4>\n<h4 data-section-id=\"1xr3e6z\" data-start=\"1684\" data-end=\"1712\"><span style=\"color: #800000;\"><strong><span role=\"text\">5. \u1ee6i \u1edf nhi\u1ec7t \u0111\u1ed9 ph\u00f9 h\u1ee3p<\/span><\/strong><\/span><\/h4>\n<h4 data-start=\"1714\" data-end=\"1732\"><span style=\"color: #333333;\">Khi l\u00e0\/\u1ee7i qu\u1ea7n \u00e1o:<\/span><\/h4>\n<ul data-start=\"1733\" data-end=\"1899\">\n<li data-section-id=\"tuh79z\" data-start=\"1733\" data-end=\"1784\">\n<h4><span style=\"color: #333333;\">S\u1eed d\u1ee5ng b\u00e0n l\u00e0 h\u01a1i n\u01b0\u1edbc \u0111\u1ec3 h\u1ea1n ch\u1ebf l\u00e0m ch\u00e1y v\u1ea3i<\/span><\/h4>\n<\/li>\n<li data-section-id=\"1eisyk7\" data-start=\"1785\" data-end=\"1842\">\n<h4><span style=\"color: #333333;\">\u0110i\u1ec1u ch\u1ec9nh nhi\u1ec7t \u0111\u1ed9 th\u1ea5p \u0111\u1ebfn trung b\u00ecnh t\u00f9y ch\u1ea5t li\u1ec7u<\/span><\/h4>\n<\/li>\n<li data-section-id=\"6pme1j\" data-start=\"1843\" data-end=\"1899\">\n<h4><span style=\"color: #333333;\">C\u1ea9n th\u1eadn v\u1edbi v\u1ea3i l\u1ee5a ho\u1eb7c s\u1ee3i t\u1ed5ng h\u1ee3p v\u00ec d\u1ec5 h\u01b0 h\u1ecfng<\/span><\/h4>\n<\/li>\n<\/ul>\n<h4 data-start=\"1901\" data-end=\"1977\"><span style=\"color: #333333;\">\u1ee6i \u0111\u00fang c\u00e1ch gi\u00fap trang ph\u1ee5c lu\u00f4n ph\u1eb3ng \u0111\u1eb9p m\u00e0 kh\u00f4ng \u1ea3nh h\u01b0\u1edfng \u0111\u1ebfn ch\u1ea5t v\u1ea3i.<\/span><\/h4>\n<h4 data-section-id=\"1hu4ho4\" data-start=\"1984\" data-end=\"2029\"><span style=\"color: #800000;\"><strong><span role=\"text\">6. M\u1eb9o b\u1ea3o qu\u1ea3n gi\u00fap qu\u1ea7n \u00e1o lu\u00f4n nh\u01b0 m\u1edbi<\/span><\/strong><\/span><\/h4>\n<h4 data-start=\"2031\" data-end=\"2067\"><span style=\"color: #333333;\">M\u1ed9t s\u1ed1 m\u1eb9o nh\u1ecf nh\u01b0ng c\u1ef1c k\u1ef3 h\u1eefu \u00edch:<\/span><\/h4>\n<ul data-start=\"2068\" data-end=\"2251\">\n<li data-section-id=\"1886kz7\" data-start=\"2068\" data-end=\"2150\">\n<h4><span style=\"color: #333333;\">V\u1edbi \u0111\u1ed3 linen, kh\u00f4ng c\u1ea7n \u1ee7i qu\u00e1 ph\u1eb3ng v\u00ec \u0111\u1ed9 nh\u0103n t\u1ef1 nhi\u00ean t\u1ea1o n\u00ean n\u00e9t ri\u00eang<\/span><\/h4>\n<\/li>\n<li data-section-id=\"1dtrkrz\" data-start=\"2151\" data-end=\"2212\">\n<h4><span style=\"color: #333333;\">Kh\u00f4ng treo \u0111\u1ed3 qu\u00e1 l\u00e2u tr\u00ean m\u00f3c kim lo\u1ea1i \u0111\u1ec3 tr\u00e1nh h\u1eb1n form<\/span><\/h4>\n<\/li>\n<li data-section-id=\"11c58qc\" data-start=\"2213\" data-end=\"2251\">\n<h4><span style=\"color: #333333;\">B\u1ea3o qu\u1ea3n n\u01a1i kh\u00f4 r\u00e1o, tr\u00e1nh \u1ea9m m\u1ed1c<\/span><\/h4>\n<\/li>\n<\/ul>\n<h4 data-section-id=\"10e00ad\" data-start=\"2258\" data-end=\"2286\"><span style=\"color: #800000;\"><strong><span role=\"text\">7. Cam k\u1ebft t\u1eeb Nagie Shop<\/span><\/strong><\/span><\/h4>\n<h4 data-start=\"2288\" data-end=\"2518\"><span style=\"color: #333333;\">Nagie Shop lu\u00f4n mong mu\u1ed1n mang \u0111\u1ebfn cho kh\u00e1ch h\u00e0ng kh\u00f4ng ch\u1ec9 nh\u1eefng s\u1ea3n ph\u1ea9m \u0111\u1eb9p m\u00e0 c\u00f2n l\u00e0 tr\u1ea3i nghi\u1ec7m s\u1eed d\u1ee5ng l\u00e2u d\u00e0i. Vi\u1ec7c b\u1ea3o qu\u1ea3n \u0111\u00fang c\u00e1ch s\u1ebd gi\u00fap b\u1ea1n gi\u1eef \u0111\u01b0\u1ee3c ch\u1ea5t l\u01b0\u1ee3ng trang ph\u1ee5c v\u00e0 ti\u1ebft ki\u1ec7m chi ph\u00ed mua s\u1eafm trong t\u01b0\u01a1ng lai.<\/span><\/h4>\n","protected":false},"excerpt":{"rendered":"<p>H\u01af\u1edaNG D\u1eaaN S\u1eec D\u1ee4NG H\u01b0\u1edbng d\u1eabn b\u1ea3o qu\u1ea3n trang ph\u1ee5c Nagie Shop gi\u00fap gi\u1eef cho qu\u1ea7n \u00e1o lu\u00f4n b\u1ec1n \u0111\u1eb9p, gi\u1eef form chu\u1ea9n v\u00e0 h\u1ea1n ch\u1ebf h\u01b0 h\u1ecfng trong qu\u00e1 tr\u00ecnh s\u1eed d\u1ee5ng. V\u1edbi c\u00e1c ch\u1ea5t li\u1ec7u \u0111\u1eb7c tr\u01b0ng nh\u01b0 cotton, linen, l\u1ee5a hay len m\u1ec1m, vi\u1ec7c b\u1ea3o qu\u1ea3n \u0111\u00fang c\u00e1ch s\u1ebd gi\u00fap trang ph\u1ee5c [&#8230;]\n","protected":false},"author":1,"featured_media":0,"parent":0,"menu_order":0,"comment_status":"closed","ping_status":"closed","template":"","meta":{"footnotes":""},"class_list":["post-912","page","type-page","status-publish","hentry"],"yoast_head":"<!-- This site is optimized with the Yoast SEO plugin v27.1.1 - https:\/\/yoast.com\/product\/yoast-seo-wordpress\/ -->\n<title>H\u01b0\u1edbng d\u1eabn s\u1eed d\u1ee5ng - NGANA<\/title>\n<meta name=\"description\" content=\"H\u01b0\u1edbng d\u1eabn b\u1ea3o qu\u1ea3n trang ph\u1ee5c Nagie Shop gi\u00fap gi\u1eef form d\u00e1ng, b\u1ec1n m\u00e0u v\u00e0 k\u00e9o d\u00e0i tu\u1ed5i th\u1ecd qu\u1ea7n \u00e1o v\u1edbi c\u00e1c c\u00e1ch gi\u1eb7t, ph\u01a1i v\u00e0 \u1ee7i \u0111\u00fang chu\u1ea9n.\" \/>\n<meta name=\"robots\" content=\"noindex, follow, max-snippet:-1, max-image-preview:large, max-video-preview:-1\" \/>\n<meta property=\"og:locale\" content=\"vi_VN\" \/>\n<meta property=\"og:type\" content=\"article\" \/>\n<meta property=\"og:title\" content=\"H\u01b0\u1edbng d\u1eabn s\u1eed d\u1ee5ng - NGANA\" \/>\n<meta property=\"og:description\" content=\"H\u01b0\u1edbng d\u1eabn b\u1ea3o qu\u1ea3n trang ph\u1ee5c Nagie Shop gi\u00fap gi\u1eef form d\u00e1ng, b\u1ec1n m\u00e0u v\u00e0 k\u00e9o d\u00e0i tu\u1ed5i th\u1ecd qu\u1ea7n \u00e1o v\u1edbi c\u00e1c c\u00e1ch gi\u1eb7t, ph\u01a1i v\u00e0 \u1ee7i \u0111\u00fang chu\u1ea9n.\" \/>\n<meta property=\"og:url\" content=\"https:\/\/nagie.azdigi.shop\/index.php\/huong-dan-su-dung\/\" \/>\n<meta property=\"og:site_name\" content=\"NGANA\" \/>\n<meta property=\"article:modified_time\" content=\"2026-04-09T18:46:36+00:00\" \/>\n<meta name=\"twitter:card\" content=\"summary_large_image\" \/>\n<meta name=\"twitter:label1\" content=\"\u01af\u1edbc t\u00ednh th\u1eddi gian \u0111\u1ecdc\" \/>\n\t<meta name=\"twitter:data1\" content=\"3 ph\u00fat\" \/>\n<script type=\"application\/ld+json\" class=\"yoast-schema-graph\">{\"@context\":\"https:\/\/schema.org\",\"@graph\":[{\"@type\":\"WebPage\",\"@id\":\"https:\/\/nagie.azdigi.shop\/index.php\/huong-dan-su-dung\/\",\"url\":\"https:\/\/nagie.azdigi.shop\/index.php\/huong-dan-su-dung\/\",\"name\":\"H\u01b0\u1edbng d\u1eabn s\u1eed d\u1ee5ng - NGANA\",\"isPartOf\":{\"@id\":\"https:\/\/nagie.azdigi.shop\/#website\"},\"datePublished\":\"2026-04-09T16:53:30+00:00\",\"dateModified\":\"2026-04-09T18:46:36+00:00\",\"description\":\"H\u01b0\u1edbng d\u1eabn b\u1ea3o qu\u1ea3n trang ph\u1ee5c Nagie Shop gi\u00fap gi\u1eef form d\u00e1ng, b\u1ec1n m\u00e0u v\u00e0 k\u00e9o d\u00e0i tu\u1ed5i th\u1ecd qu\u1ea7n \u00e1o v\u1edbi c\u00e1c c\u00e1ch gi\u1eb7t, ph\u01a1i v\u00e0 \u1ee7i \u0111\u00fang chu\u1ea9n.\",\"breadcrumb\":{\"@id\":\"https:\/\/nagie.azdigi.shop\/index.php\/huong-dan-su-dung\/#breadcrumb\"},\"inLanguage\":\"vi\",\"potentialAction\":[{\"@type\":\"ReadAction\",\"target\":[\"https:\/\/nagie.azdigi.shop\/index.php\/huong-dan-su-dung\/\"]}]},{\"@type\":\"BreadcrumbList\",\"@id\":\"https:\/\/nagie.azdigi.shop\/index.php\/huong-dan-su-dung\/#breadcrumb\",\"itemListElement\":[{\"@type\":\"ListItem\",\"position\":1,\"name\":\"Trang ch\u1ee7\",\"item\":\"https:\/\/nagie.azdigi.shop\/\"},{\"@type\":\"ListItem\",\"position\":2,\"name\":\"H\u01b0\u1edbng d\u1eabn s\u1eed d\u1ee5ng\"}]},{\"@type\":\"WebSite\",\"@id\":\"https:\/\/nagie.azdigi.shop\/#website\",\"url\":\"https:\/\/nagie.azdigi.shop\/\",\"name\":\"NGANA\",\"description\":\"\",\"potentialAction\":[{\"@type\":\"SearchAction\",\"target\":{\"@type\":\"EntryPoint\",\"urlTemplate\":\"https:\/\/nagie.azdigi.shop\/?s={search_term_string}\"},\"query-input\":{\"@type\":\"PropertyValueSpecification\",\"valueRequired\":true,\"valueName\":\"search_term_string\"}}],\"inLanguage\":\"vi\"}]}<\/script>\n<!-- \/ Yoast SEO plugin. -->","yoast_head_json":{"title":"H\u01b0\u1edbng d\u1eabn s\u1eed d\u1ee5ng - NGANA","description":"H\u01b0\u1edbng d\u1eabn b\u1ea3o qu\u1ea3n trang ph\u1ee5c Nagie Shop gi\u00fap gi\u1eef form d\u00e1ng, b\u1ec1n m\u00e0u v\u00e0 k\u00e9o d\u00e0i tu\u1ed5i th\u1ecd qu\u1ea7n \u00e1o v\u1edbi c\u00e1c c\u00e1ch gi\u1eb7t, ph\u01a1i v\u00e0 \u1ee7i \u0111\u00fang chu\u1ea9n.","robots":{"index":"noindex","follow":"follow","max-snippet":"max-snippet:-1","max-image-preview":"max-image-preview:large","max-video-preview":"max-video-preview:-1"},"og_locale":"vi_VN","og_type":"article","og_title":"H\u01b0\u1edbng d\u1eabn s\u1eed d\u1ee5ng - NGANA","og_description":"H\u01b0\u1edbng d\u1eabn b\u1ea3o qu\u1ea3n trang ph\u1ee5c Nagie Shop gi\u00fap gi\u1eef form d\u00e1ng, b\u1ec1n m\u00e0u v\u00e0 k\u00e9o d\u00e0i tu\u1ed5i th\u1ecd qu\u1ea7n \u00e1o v\u1edbi c\u00e1c c\u00e1ch gi\u1eb7t, ph\u01a1i v\u00e0 \u1ee7i \u0111\u00fang chu\u1ea9n.","og_url":"https:\/\/nagie.azdigi.shop\/index.php\/huong-dan-su-dung\/","og_site_name":"NGANA","article_modified_time":"2026-04-09T18:46:36+00:00","twitter_card":"summary_large_image","twitter_misc":{"\u01af\u1edbc t\u00ednh th\u1eddi gian \u0111\u1ecdc":"3 ph\u00fat"},"schema":{"@context":"https:\/\/schema.org","@graph":[{"@type":"WebPage","@id":"https:\/\/nagie.azdigi.shop\/index.php\/huong-dan-su-dung\/","url":"https:\/\/nagie.azdigi.shop\/index.php\/huong-dan-su-dung\/","name":"H\u01b0\u1edbng d\u1eabn s\u1eed d\u1ee5ng - NGANA","isPartOf":{"@id":"https:\/\/nagie.azdigi.shop\/#website"},"datePublished":"2026-04-09T16:53:30+00:00","dateModified":"2026-04-09T18:46:36+00:00","description":"H\u01b0\u1edbng d\u1eabn b\u1ea3o qu\u1ea3n trang ph\u1ee5c Nagie Shop gi\u00fap gi\u1eef form d\u00e1ng, b\u1ec1n m\u00e0u v\u00e0 k\u00e9o d\u00e0i tu\u1ed5i th\u1ecd qu\u1ea7n \u00e1o v\u1edbi c\u00e1c c\u00e1ch gi\u1eb7t, ph\u01a1i v\u00e0 \u1ee7i \u0111\u00fang chu\u1ea9n.","breadcrumb":{"@id":"https:\/\/nagie.azdigi.shop\/index.php\/huong-dan-su-dung\/#breadcrumb"},"inLanguage":"vi","potentialAction":[{"@type":"ReadAction","target":["https:\/\/nagie.azdigi.shop\/index.php\/huong-dan-su-dung\/"]}]},{"@type":"BreadcrumbList","@id":"https:\/\/nagie.azdigi.shop\/index.php\/huong-dan-su-dung\/#breadcrumb","itemListElement":[{"@type":"ListItem","position":1,"name":"Trang ch\u1ee7","item":"https:\/\/nagie.azdigi.shop\/"},{"@type":"ListItem","position":2,"name":"H\u01b0\u1edbng d\u1eabn s\u1eed d\u1ee5ng"}]},{"@type":"WebSite","@id":"https:\/\/nagie.azdigi.shop\/#website","url":"https:\/\/nagie.azdigi.shop\/","name":"NGANA","description":"","potentialAction":[{"@type":"SearchAction","target":{"@type":"EntryPoint","urlTemplate":"https:\/\/nagie.azdigi.shop\/?s={search_term_string}"},"query-input":{"@type":"PropertyValueSpecification","valueRequired":true,"valueName":"search_term_string"}}],"inLanguage":"vi"}]}},"_links":{"self":[{"href":"https:\/\/nagie.azdigi.shop\/index.php\/wp-json\/wp\/v2\/pages\/912","targetHints":{"allow":["GET"]}}],"collection":[{"href":"https:\/\/nagie.azdigi.shop\/index.php\/wp-json\/wp\/v2\/pages"}],"about":[{"href":"https:\/\/nagie.azdigi.shop\/index.php\/wp-json\/wp\/v2\/types\/page"}],"author":[{"embeddable":true,"href":"https:\/\/nagie.azdigi.shop\/index.php\/wp-json\/wp\/v2\/users\/1"}],"replies":[{"embeddable":true,"href":"https:\/\/nagie.azdigi.shop\/index.php\/wp-json\/wp\/v2\/comments?post=912"}],"version-history":[{"count":4,"href":"https:\/\/nagie.azdigi.shop\/index.php\/wp-json\/wp\/v2\/pages\/912\/revisions"}],"predecessor-version":[{"id":950,"href":"https:\/\/nagie.azdigi.shop\/index.php\/wp-json\/wp\/v2\/pages\/912\/revisions\/950"}],"wp:attachment":[{"href":"https:\/\/nagie.azdigi.shop\/index.php\/wp-json\/wp\/v2\/media?parent=912"}],"curies":[{"name":"wp","href":"https:\/\/api.w.org\/{rel}","templated":true}]}}