{"id":482,"date":"2026-03-23T16:26:24","date_gmt":"2026-03-23T16:26:24","guid":{"rendered":"https:\/\/nagie.azdigi.shop\/?post_type=product&#038;p=482"},"modified":"2026-04-12T04:19:11","modified_gmt":"2026-04-12T04:19:11","slug":"ao-babydoll-nu-dep","status":"publish","type":"product","link":"https:\/\/nagie.azdigi.shop\/index.php\/san-pham\/ao-babydoll-nu-dep\/","title":{"rendered":"\u00c1o Babydoll Thi\u1ebft K\u1ebf Cao C\u1ea5p \u2013 D\u1ecbu D\u00e0ng &#038; Hi\u1ec7n \u0110\u1ea1i"},"content":{"rendered":"<h3 data-section-id=\"noebco\" data-start=\"193\" data-end=\"251\"><strong><span style=\"font-size: 100%; color: #000000;\" role=\"text\">\u00c1o Babydoll Thi\u1ebft K\u1ebf Cao C\u1ea5p \u2013 D\u1ecbu D\u00e0ng &amp; Hi\u1ec7n \u0110\u1ea1i<\/span><\/strong><\/h3>\n<h4 data-start=\"253\" data-end=\"316\"><strong><span style=\"font-size: 100%; color: #000000;\" role=\"text\">1. Thi\u1ebft k\u1ebf n\u1ed5i b\u1eadt c\u1ee7a \u00e1o babydoll thi\u1ebft k\u1ebf cao c\u1ea5p<\/span><\/strong><\/h4>\n<h4 data-start=\"317\" data-end=\"404\"><span style=\"font-size: 100%; color: #000000;\">\u00c1o babydoll thi\u1ebft k\u1ebf cao c\u1ea5p mang phong c\u00e1ch n\u00e0ng th\u01a1 nh\u1eb9 nh\u00e0ng nh\u01b0ng v\u1eabn hi\u1ec7n \u0111\u1ea1i.<\/span><\/h4>\n<h4 data-start=\"406\" data-end=\"506\"><span style=\"font-size: 100%; color: #000000;\">Form d\u00e1ng x\u00f2e gi\u00fap \u00e1o babydoll thi\u1ebft k\u1ebf cao c\u1ea5p che khuy\u1ebft \u0111i\u1ec3m v\u00f2ng 2 v\u00e0 t\u1ea1o c\u1ea3m gi\u00e1c thon g\u1ecdn.<\/span><\/h4>\n<h4 data-start=\"508\" data-end=\"586\"><span style=\"font-size: 100%; color: #000000;\">Chi ti\u1ebft tay b\u1ed3ng gi\u00fap \u00e1o babydoll thi\u1ebft k\u1ebf cao c\u1ea5p t\u0103ng th\u00eam n\u00e9t n\u1eef t\u00ednh.<\/span><\/h4>\n<h4 data-start=\"588\" data-end=\"681\"><span style=\"font-size: 100%; color: #000000;\">Thi\u1ebft k\u1ebf c\u1ed5 c\u00e1ch \u0111i\u1ec7u gi\u00fap \u00e1o babydoll thi\u1ebft k\u1ebf cao c\u1ea5p t\u00f4n vai v\u00e0 t\u1ea1o \u0111i\u1ec3m nh\u1ea5n tinh t\u1ebf.<\/span><\/h4>\n<h4 data-start=\"683\" data-end=\"779\"><span style=\"font-size: 100%; color: #000000;\">Phong c\u00e1ch linh ho\u1ea1t gi\u00fap \u00e1o babydoll thi\u1ebft k\u1ebf cao c\u1ea5p d\u1ec5 ph\u1ed1i v\u1edbi ch\u00e2n v\u00e1y ho\u1eb7c qu\u1ea7n jeans.<\/span><\/h4>\n<hr data-start=\"781\" data-end=\"784\" \/>\n<h4 data-start=\"786\" data-end=\"838\"><strong><span style=\"font-size: 100%; color: #000000;\" role=\"text\">2. Ch\u1ea5t li\u1ec7u \u00e1o babydoll thi\u1ebft k\u1ebf cao c\u1ea5p<\/span><\/strong><\/h4>\n<h4 data-start=\"839\" data-end=\"915\"><span style=\"font-size: 100%; color: #000000;\">\u00c1o babydoll thi\u1ebft k\u1ebf cao c\u1ea5p s\u1eed d\u1ee5ng v\u1ea3i t\u01a1 \u00f3ng ho\u1eb7c cotton H\u00e0n cao c\u1ea5p.<\/span><\/h4>\n<h4 data-start=\"917\" data-end=\"986\"><span style=\"font-size: 100%; color: #000000;\">Ch\u1ea5t v\u1ea3i gi\u00fap \u00e1o babydoll thi\u1ebft k\u1ebf cao c\u1ea5p m\u1ec1m m\u1ea1i v\u00e0 tho\u00e1ng m\u00e1t.<\/span><\/h4>\n<h4 data-start=\"988\" data-end=\"1066\"><span style=\"font-size: 100%; color: #000000;\">\u0110\u1ed9 b\u1ec1n t\u1ed1t gi\u00fap \u00e1o babydoll thi\u1ebft k\u1ebf cao c\u1ea5p h\u1ea1n ch\u1ebf nh\u0103n v\u00e0 gi\u1eef form l\u00e2u.<\/span><\/h4>\n<hr data-start=\"1068\" data-end=\"1071\" \/>\n<h4 data-start=\"1073\" data-end=\"1127\"><strong><span style=\"font-size: 100%; color: #000000;\" role=\"text\">3. \u01afu \u0111i\u1ec3m c\u1ee7a \u00e1o babydoll thi\u1ebft k\u1ebf cao c\u1ea5p<\/span><\/strong><\/h4>\n<ul data-start=\"1128\" data-end=\"1350\">\n<li data-section-id=\"v1wezq\" data-start=\"1128\" data-end=\"1183\">\n<h4><span style=\"font-size: 100%; color: #000000;\">\u00e1o babydoll thi\u1ebft k\u1ebf cao c\u1ea5p nh\u1eb9 nh\u00e0ng, n\u1eef t\u00ednh<\/span><\/h4>\n<\/li>\n<li data-section-id=\"qus6h5\" data-start=\"1184\" data-end=\"1240\">\n<h4><span style=\"font-size: 100%; color: #000000;\">\u00e1o babydoll thi\u1ebft k\u1ebf cao c\u1ea5p che khuy\u1ebft \u0111i\u1ec3m t\u1ed1t<\/span><\/h4>\n<\/li>\n<li data-section-id=\"3cicsn\" data-start=\"1241\" data-end=\"1288\">\n<h4><span style=\"font-size: 100%; color: #000000;\">\u00e1o babydoll thi\u1ebft k\u1ebf cao c\u1ea5p d\u1ec5 ph\u1ed1i \u0111\u1ed3<\/span><\/h4>\n<\/li>\n<li data-section-id=\"lhjpoq\" data-start=\"1289\" data-end=\"1350\">\n<h4><span style=\"font-size: 100%; color: #000000;\">\u00e1o babydoll thi\u1ebft k\u1ebf cao c\u1ea5p ph\u00f9 h\u1ee3p \u0111i ch\u01a1i, d\u1ea1o ph\u1ed1<\/span><\/h4>\n<\/li>\n<\/ul>\n<hr data-start=\"1352\" data-end=\"1355\" \/>\n<h4 data-start=\"1357\" data-end=\"1404\"><strong><span style=\"font-size: 100%; color: #000000;\" role=\"text\">4. Size \u00e1o babydoll thi\u1ebft k\u1ebf cao c\u1ea5p<\/span><\/strong><\/h4>\n<ul data-start=\"1405\" data-end=\"1470\">\n<li data-section-id=\"109bfpv\" data-start=\"1405\" data-end=\"1426\">\n<h4><span style=\"font-size: 100%; color: #000000;\">Size S: 40 \u2013 48kg<\/span><\/h4>\n<\/li>\n<li data-section-id=\"1sdlgeg\" data-start=\"1427\" data-end=\"1448\">\n<h4><span style=\"font-size: 100%; color: #000000;\">Size M: 49 \u2013 55kg<\/span><\/h4>\n<\/li>\n<li data-section-id=\"vc04yr\" data-start=\"1449\" data-end=\"1470\">\n<h4><span style=\"font-size: 100%; color: #000000;\">Size L: 56 \u2013 62kg<\/span><\/h4>\n<\/li>\n<\/ul>\n","protected":false},"excerpt":{"rendered":"<p>\u00c1o Babydoll Thi\u1ebft K\u1ebf Cao C\u1ea5p \u2013 D\u1ecbu D\u00e0ng &amp; Hi\u1ec7n \u0110\u1ea1i 1. Thi\u1ebft k\u1ebf n\u1ed5i b\u1eadt c\u1ee7a \u00e1o babydoll thi\u1ebft k\u1ebf cao c\u1ea5p \u00c1o babydoll thi\u1ebft k\u1ebf cao c\u1ea5p mang phong c\u00e1ch n\u00e0ng th\u01a1 nh\u1eb9 nh\u00e0ng nh\u01b0ng v\u1eabn hi\u1ec7n \u0111\u1ea1i. Form d\u00e1ng x\u00f2e gi\u00fap \u00e1o babydoll thi\u1ebft k\u1ebf cao c\u1ea5p che khuy\u1ebft \u0111i\u1ec3m v\u00f2ng [&#8230;]\n","protected":false},"featured_media":485,"comment_status":"open","ping_status":"closed","template":"","meta":[],"product_brand":[27],"product_cat":[39,26],"product_tag":[],"class_list":{"0":"post-482","1":"product","2":"type-product","3":"status-publish","4":"has-post-thumbnail","6":"product_brand-nagie","7":"product_cat-https-sanpham","8":"product_cat-ao-babydoll","10":"first","11":"instock","12":"sale","13":"shipping-taxable","14":"purchasable","15":"product-type-variable"},"yoast_head":"<!-- This site is optimized with the Yoast SEO plugin v27.1.1 - https:\/\/yoast.com\/product\/yoast-seo-wordpress\/ -->\n<title>\u00c1o Babydoll Thi\u1ebft K\u1ebf Cao C\u1ea5p \u2013 D\u1ecbu D\u00e0ng &amp; Hi\u1ec7n \u0110\u1ea1i - NGANA<\/title>\n<meta name=\"description\" content=\"\u00c1o babydoll thi\u1ebft k\u1ebf cao c\u1ea5p d\u00e1ng x\u00f2e nh\u1eb9, tay b\u1ed3ng n\u1eef t\u00ednh, ch\u1ea5t li\u1ec7u m\u1ec1m m\u1ea1i tho\u00e1ng m\u00e1t, d\u1ec5 ph\u1ed1i \u0111\u1ed3 \u0111i ch\u01a1i, d\u1ea1o ph\u1ed1, phong c\u00e1ch n\u00e0ng th\u01a1 hi\u1ec7n \u0111\u1ea1i.\" \/>\n<meta name=\"robots\" content=\"noindex, follow, max-snippet:-1, max-image-preview:large, max-video-preview:-1\" \/>\n<meta property=\"og:locale\" content=\"vi_VN\" \/>\n<meta property=\"og:type\" content=\"article\" \/>\n<meta property=\"og:title\" content=\"\u00c1o Babydoll Thi\u1ebft K\u1ebf Cao C\u1ea5p \u2013 D\u1ecbu D\u00e0ng &amp; Hi\u1ec7n \u0110\u1ea1i - NGANA\" \/>\n<meta property=\"og:description\" content=\"\u00c1o babydoll thi\u1ebft k\u1ebf cao c\u1ea5p d\u00e1ng x\u00f2e nh\u1eb9, tay b\u1ed3ng n\u1eef t\u00ednh, ch\u1ea5t li\u1ec7u m\u1ec1m m\u1ea1i tho\u00e1ng m\u00e1t, d\u1ec5 ph\u1ed1i \u0111\u1ed3 \u0111i ch\u01a1i, d\u1ea1o ph\u1ed1, phong c\u00e1ch n\u00e0ng th\u01a1 hi\u1ec7n \u0111\u1ea1i.\" \/>\n<meta property=\"og:url\" content=\"https:\/\/nagie.azdigi.shop\/index.php\/san-pham\/ao-babydoll-nu-dep\/\" \/>\n<meta property=\"og:site_name\" content=\"NGANA\" \/>\n<meta property=\"article:modified_time\" content=\"2026-04-12T04:19:11+00:00\" \/>\n<meta property=\"og:image\" content=\"https:\/\/nagie.azdigi.shop\/wp-content\/uploads\/2026\/03\/sale2.jpg\" \/>\n\t<meta property=\"og:image:width\" content=\"736\" \/>\n\t<meta property=\"og:image:height\" content=\"988\" \/>\n\t<meta property=\"og:image:type\" content=\"image\/jpeg\" \/>\n<meta name=\"twitter:card\" content=\"summary_large_image\" \/>\n<meta name=\"twitter:label1\" content=\"\u01af\u1edbc t\u00ednh th\u1eddi gian \u0111\u1ecdc\" \/>\n\t<meta name=\"twitter:data1\" content=\"2 ph\u00fat\" \/>\n<script type=\"application\/ld+json\" class=\"yoast-schema-graph\">{\"@context\":\"https:\/\/schema.org\",\"@graph\":[{\"@type\":\"WebPage\",\"@id\":\"https:\/\/nagie.azdigi.shop\/index.php\/san-pham\/ao-babydoll-nu-dep\/\",\"url\":\"https:\/\/nagie.azdigi.shop\/index.php\/san-pham\/ao-babydoll-nu-dep\/\",\"name\":\"\u00c1o Babydoll Thi\u1ebft K\u1ebf Cao C\u1ea5p \u2013 D\u1ecbu D\u00e0ng & Hi\u1ec7n \u0110\u1ea1i - NGANA\",\"isPartOf\":{\"@id\":\"https:\/\/nagie.azdigi.shop\/#website\"},\"primaryImageOfPage\":{\"@id\":\"https:\/\/nagie.azdigi.shop\/index.php\/san-pham\/ao-babydoll-nu-dep\/#primaryimage\"},\"image\":{\"@id\":\"https:\/\/nagie.azdigi.shop\/index.php\/san-pham\/ao-babydoll-nu-dep\/#primaryimage\"},\"thumbnailUrl\":\"https:\/\/nagie.azdigi.shop\/wp-content\/uploads\/2026\/03\/sale2.jpg\",\"datePublished\":\"2026-03-23T16:26:24+00:00\",\"dateModified\":\"2026-04-12T04:19:11+00:00\",\"description\":\"\u00c1o babydoll thi\u1ebft k\u1ebf cao c\u1ea5p d\u00e1ng x\u00f2e nh\u1eb9, tay b\u1ed3ng n\u1eef t\u00ednh, ch\u1ea5t li\u1ec7u m\u1ec1m m\u1ea1i tho\u00e1ng m\u00e1t, d\u1ec5 ph\u1ed1i \u0111\u1ed3 \u0111i ch\u01a1i, d\u1ea1o ph\u1ed1, phong c\u00e1ch n\u00e0ng th\u01a1 hi\u1ec7n \u0111\u1ea1i.\",\"breadcrumb\":{\"@id\":\"https:\/\/nagie.azdigi.shop\/index.php\/san-pham\/ao-babydoll-nu-dep\/#breadcrumb\"},\"inLanguage\":\"vi\",\"potentialAction\":[{\"@type\":\"ReadAction\",\"target\":[\"https:\/\/nagie.azdigi.shop\/index.php\/san-pham\/ao-babydoll-nu-dep\/\"]}]},{\"@type\":\"ImageObject\",\"inLanguage\":\"vi\",\"@id\":\"https:\/\/nagie.azdigi.shop\/index.php\/san-pham\/ao-babydoll-nu-dep\/#primaryimage\",\"url\":\"https:\/\/nagie.azdigi.shop\/wp-content\/uploads\/2026\/03\/sale2.jpg\",\"contentUrl\":\"https:\/\/nagie.azdigi.shop\/wp-content\/uploads\/2026\/03\/sale2.jpg\",\"width\":736,\"height\":988},{\"@type\":\"BreadcrumbList\",\"@id\":\"https:\/\/nagie.azdigi.shop\/index.php\/san-pham\/ao-babydoll-nu-dep\/#breadcrumb\",\"itemListElement\":[{\"@type\":\"ListItem\",\"position\":1,\"name\":\"Trang ch\u1ee7\",\"item\":\"https:\/\/nagie.azdigi.shop\/\"},{\"@type\":\"ListItem\",\"position\":2,\"name\":\"C\u1eeda h\u00e0ng\",\"item\":\"https:\/\/nagie.azdigi.shop\/index.php\/cua-hang\/\"},{\"@type\":\"ListItem\",\"position\":3,\"name\":\"\u00c1o Babydoll Thi\u1ebft K\u1ebf Cao C\u1ea5p \u2013 D\u1ecbu D\u00e0ng &#038; Hi\u1ec7n \u0110\u1ea1i\"}]},{\"@type\":\"WebSite\",\"@id\":\"https:\/\/nagie.azdigi.shop\/#website\",\"url\":\"https:\/\/nagie.azdigi.shop\/\",\"name\":\"NGANA\",\"description\":\"\",\"potentialAction\":[{\"@type\":\"SearchAction\",\"target\":{\"@type\":\"EntryPoint\",\"urlTemplate\":\"https:\/\/nagie.azdigi.shop\/?s={search_term_string}\"},\"query-input\":{\"@type\":\"PropertyValueSpecification\",\"valueRequired\":true,\"valueName\":\"search_term_string\"}}],\"inLanguage\":\"vi\"}]}<\/script>\n<!-- \/ Yoast SEO plugin. -->","yoast_head_json":{"title":"\u00c1o Babydoll Thi\u1ebft K\u1ebf Cao C\u1ea5p \u2013 D\u1ecbu D\u00e0ng & Hi\u1ec7n \u0110\u1ea1i - NGANA","description":"\u00c1o babydoll thi\u1ebft k\u1ebf cao c\u1ea5p d\u00e1ng x\u00f2e nh\u1eb9, tay b\u1ed3ng n\u1eef t\u00ednh, ch\u1ea5t li\u1ec7u m\u1ec1m m\u1ea1i tho\u00e1ng m\u00e1t, d\u1ec5 ph\u1ed1i \u0111\u1ed3 \u0111i ch\u01a1i, d\u1ea1o ph\u1ed1, phong c\u00e1ch n\u00e0ng th\u01a1 hi\u1ec7n \u0111\u1ea1i.","robots":{"index":"noindex","follow":"follow","max-snippet":"max-snippet:-1","max-image-preview":"max-image-preview:large","max-video-preview":"max-video-preview:-1"},"og_locale":"vi_VN","og_type":"article","og_title":"\u00c1o Babydoll Thi\u1ebft K\u1ebf Cao C\u1ea5p \u2013 D\u1ecbu D\u00e0ng & Hi\u1ec7n \u0110\u1ea1i - NGANA","og_description":"\u00c1o babydoll thi\u1ebft k\u1ebf cao c\u1ea5p d\u00e1ng x\u00f2e nh\u1eb9, tay b\u1ed3ng n\u1eef t\u00ednh, ch\u1ea5t li\u1ec7u m\u1ec1m m\u1ea1i tho\u00e1ng m\u00e1t, d\u1ec5 ph\u1ed1i \u0111\u1ed3 \u0111i ch\u01a1i, d\u1ea1o ph\u1ed1, phong c\u00e1ch n\u00e0ng th\u01a1 hi\u1ec7n \u0111\u1ea1i.","og_url":"https:\/\/nagie.azdigi.shop\/index.php\/san-pham\/ao-babydoll-nu-dep\/","og_site_name":"NGANA","article_modified_time":"2026-04-12T04:19:11+00:00","og_image":[{"width":736,"height":988,"url":"https:\/\/nagie.azdigi.shop\/wp-content\/uploads\/2026\/03\/sale2.jpg","type":"image\/jpeg"}],"twitter_card":"summary_large_image","twitter_misc":{"\u01af\u1edbc t\u00ednh th\u1eddi gian \u0111\u1ecdc":"2 ph\u00fat"},"schema":{"@context":"https:\/\/schema.org","@graph":[{"@type":"WebPage","@id":"https:\/\/nagie.azdigi.shop\/index.php\/san-pham\/ao-babydoll-nu-dep\/","url":"https:\/\/nagie.azdigi.shop\/index.php\/san-pham\/ao-babydoll-nu-dep\/","name":"\u00c1o Babydoll Thi\u1ebft K\u1ebf Cao C\u1ea5p \u2013 D\u1ecbu D\u00e0ng & Hi\u1ec7n \u0110\u1ea1i - NGANA","isPartOf":{"@id":"https:\/\/nagie.azdigi.shop\/#website"},"primaryImageOfPage":{"@id":"https:\/\/nagie.azdigi.shop\/index.php\/san-pham\/ao-babydoll-nu-dep\/#primaryimage"},"image":{"@id":"https:\/\/nagie.azdigi.shop\/index.php\/san-pham\/ao-babydoll-nu-dep\/#primaryimage"},"thumbnailUrl":"https:\/\/nagie.azdigi.shop\/wp-content\/uploads\/2026\/03\/sale2.jpg","datePublished":"2026-03-23T16:26:24+00:00","dateModified":"2026-04-12T04:19:11+00:00","description":"\u00c1o babydoll thi\u1ebft k\u1ebf cao c\u1ea5p d\u00e1ng x\u00f2e nh\u1eb9, tay b\u1ed3ng n\u1eef t\u00ednh, ch\u1ea5t li\u1ec7u m\u1ec1m m\u1ea1i tho\u00e1ng m\u00e1t, d\u1ec5 ph\u1ed1i \u0111\u1ed3 \u0111i ch\u01a1i, d\u1ea1o ph\u1ed1, phong c\u00e1ch n\u00e0ng th\u01a1 hi\u1ec7n \u0111\u1ea1i.","breadcrumb":{"@id":"https:\/\/nagie.azdigi.shop\/index.php\/san-pham\/ao-babydoll-nu-dep\/#breadcrumb"},"inLanguage":"vi","potentialAction":[{"@type":"ReadAction","target":["https:\/\/nagie.azdigi.shop\/index.php\/san-pham\/ao-babydoll-nu-dep\/"]}]},{"@type":"ImageObject","inLanguage":"vi","@id":"https:\/\/nagie.azdigi.shop\/index.php\/san-pham\/ao-babydoll-nu-dep\/#primaryimage","url":"https:\/\/nagie.azdigi.shop\/wp-content\/uploads\/2026\/03\/sale2.jpg","contentUrl":"https:\/\/nagie.azdigi.shop\/wp-content\/uploads\/2026\/03\/sale2.jpg","width":736,"height":988},{"@type":"BreadcrumbList","@id":"https:\/\/nagie.azdigi.shop\/index.php\/san-pham\/ao-babydoll-nu-dep\/#breadcrumb","itemListElement":[{"@type":"ListItem","position":1,"name":"Trang ch\u1ee7","item":"https:\/\/nagie.azdigi.shop\/"},{"@type":"ListItem","position":2,"name":"C\u1eeda h\u00e0ng","item":"https:\/\/nagie.azdigi.shop\/index.php\/cua-hang\/"},{"@type":"ListItem","position":3,"name":"\u00c1o Babydoll Thi\u1ebft K\u1ebf Cao C\u1ea5p \u2013 D\u1ecbu D\u00e0ng &#038; Hi\u1ec7n \u0110\u1ea1i"}]},{"@type":"WebSite","@id":"https:\/\/nagie.azdigi.shop\/#website","url":"https:\/\/nagie.azdigi.shop\/","name":"NGANA","description":"","potentialAction":[{"@type":"SearchAction","target":{"@type":"EntryPoint","urlTemplate":"https:\/\/nagie.azdigi.shop\/?s={search_term_string}"},"query-input":{"@type":"PropertyValueSpecification","valueRequired":true,"valueName":"search_term_string"}}],"inLanguage":"vi"}]}},"_links":{"self":[{"href":"https:\/\/nagie.azdigi.shop\/index.php\/wp-json\/wp\/v2\/product\/482","targetHints":{"allow":["GET"]}}],"collection":[{"href":"https:\/\/nagie.azdigi.shop\/index.php\/wp-json\/wp\/v2\/product"}],"about":[{"href":"https:\/\/nagie.azdigi.shop\/index.php\/wp-json\/wp\/v2\/types\/product"}],"replies":[{"embeddable":true,"href":"https:\/\/nagie.azdigi.shop\/index.php\/wp-json\/wp\/v2\/comments?post=482"}],"wp:featuredmedia":[{"embeddable":true,"href":"https:\/\/nagie.azdigi.shop\/index.php\/wp-json\/wp\/v2\/media\/485"}],"wp:attachment":[{"href":"https:\/\/nagie.azdigi.shop\/index.php\/wp-json\/wp\/v2\/media?parent=482"}],"wp:term":[{"taxonomy":"product_brand","embeddable":true,"href":"https:\/\/nagie.azdigi.shop\/index.php\/wp-json\/wp\/v2\/product_brand?post=482"},{"taxonomy":"product_cat","embeddable":true,"href":"https:\/\/nagie.azdigi.shop\/index.php\/wp-json\/wp\/v2\/product_cat?post=482"},{"taxonomy":"product_tag","embeddable":true,"href":"https:\/\/nagie.azdigi.shop\/index.php\/wp-json\/wp\/v2\/product_tag?post=482"}],"curies":[{"name":"wp","href":"https:\/\/api.w.org\/{rel}","templated":true}]}}