{"id":494,"date":"2026-03-23T17:02:40","date_gmt":"2026-03-23T17:02:40","guid":{"rendered":"https:\/\/nagie.azdigi.shop\/?post_type=product&#038;p=494"},"modified":"2026-04-09T11:14:13","modified_gmt":"2026-04-09T11:14:13","slug":"vay-tieu-thu","status":"publish","type":"product","link":"https:\/\/nagie.azdigi.shop\/index.php\/san-pham\/vay-tieu-thu\/","title":{"rendered":"V\u00e1y Ch\u1ea5m Bi Tr\u1ec5 Vai \u2013 Thanh L\u1ecbch &#038; Ng\u1ecdt Ng\u00e0o"},"content":{"rendered":"<h3 data-section-id=\"z99a95\" data-start=\"171\" data-end=\"223\"><strong><span style=\"font-size: 100%; color: #000000;\" role=\"text\">V\u00e1y Ch\u1ea5m Bi Tr\u1ec5 Vai \u2013 Thanh L\u1ecbch &amp; Ng\u1ecdt Ng\u00e0o<\/span><\/strong><\/h3>\n<h4 data-start=\"225\" data-end=\"255\"><strong><span style=\"font-size: 100%; color: #000000;\" role=\"text\">1. Thi\u1ebft k\u1ebf n\u1ed5i b\u1eadt<\/span><\/strong><\/h4>\n<h4 data-start=\"256\" data-end=\"398\"><span style=\"font-size: 100%; color: #000000;\">M\u1eabu v\u00e1y ch\u1ea5m bi tr\u1ec5 vai mang h\u01a1i h\u01b0\u1edbng c\u1ed5 \u0111i\u1ec3n nh\u01b0ng v\u1eabn gi\u1eef \u0111\u01b0\u1ee3c n\u00e9t tr\u1ebb trung, ph\u00f9 h\u1ee3p cho d\u1ea1o ph\u1ed1, c\u00e0 ph\u00ea hay nh\u1eefng bu\u1ed5i h\u1eb9n nh\u1eb9 nh\u00e0ng.<\/span><\/h4>\n<h4 data-start=\"400\" data-end=\"494\"><span style=\"font-size: 100%; color: #000000;\">Thi\u1ebft k\u1ebf tr\u1ec5 vai k\u1ebft h\u1ee3p c\u1ed5 b\u1ebb t\u1ea1o \u0111i\u1ec3m nh\u1ea5n tinh t\u1ebf, gi\u00fap khoe b\u1edd vai v\u00e0 ph\u1ea7n c\u1ed5 thanh tho\u00e1t.<\/span><\/h4>\n<h4 data-start=\"496\" data-end=\"605\"><span style=\"font-size: 100%; color: #000000;\">H\u1ecda ti\u1ebft ch\u1ea5m bi mang l\u1ea1i c\u1ea3m gi\u00e1c nh\u1eb9 nh\u00e0ng, n\u1eef t\u00ednh v\u00e0 kh\u00f4ng bao gi\u1edd l\u1ed7i m\u1ed1t, d\u1ec5 m\u1eb7c trong nhi\u1ec1u ho\u00e0n c\u1ea3nh.<\/span><\/h4>\n<h4 data-start=\"607\" data-end=\"738\"><span style=\"font-size: 100%; color: #000000;\">Phom v\u00e1y th\u1eaft eo cao gi\u00fap \u0111\u1ecbnh h\u00ecnh v\u00f2ng eo r\u00f5 r\u00e0ng, k\u1ebft h\u1ee3p ch\u00e2n v\u00e1y x\u00f2e r\u1ed9ng t\u1ea1o hi\u1ec7u \u1ee9ng \u201chack d\u00e1ng\u201d, gi\u00fap t\u1ed5ng th\u1ec3 c\u00e2n \u0111\u1ed1i h\u01a1n.<\/span><\/h4>\n<h4 data-start=\"745\" data-end=\"782\"><strong><span style=\"font-size: 100%; color: #000000;\" role=\"text\">2. Ch\u1ea5t li\u1ec7u &amp; tr\u1ea3i nghi\u1ec7m<\/span><\/strong><\/h4>\n<h4 data-start=\"783\" data-end=\"899\"><span style=\"font-size: 100%; color: #000000;\">S\u1ea3n ph\u1ea9m s\u1eed d\u1ee5ng v\u1ea3i cotton\/th\u00f4 cao c\u1ea5p v\u1edbi \u0111\u1ed9 d\u00e0y v\u1eeba ph\u1ea3i, gi\u00fap gi\u1eef form v\u00e1y \u1ed5n \u0111\u1ecbnh m\u00e0 v\u1eabn \u0111\u1ea3m b\u1ea3o s\u1ef1 tho\u00e1ng m\u00e1t.<\/span><\/h4>\n<h4 data-start=\"901\" data-end=\"985\"><span style=\"font-size: 100%; color: #000000;\">B\u00ean trong c\u00f3 l\u1edbp l\u00f3t m\u1ec1m m\u1ea1i, mang l\u1ea1i c\u1ea3m gi\u00e1c d\u1ec5 ch\u1ecbu khi m\u1eb7c trong th\u1eddi gian d\u00e0i.<\/span><\/h4>\n<h4 data-start=\"987\" data-end=\"1085\"><span style=\"font-size: 100%; color: #000000;\">\u0110\u01b0\u1eddng may \u0111\u01b0\u1ee3c gia c\u00f4ng c\u1ea9n th\u1eadn, gi\u00fap trang ph\u1ee5c lu\u00f4n \u0111\u1ee9ng d\u00e1ng v\u00e0 b\u1ec1n \u0111\u1eb9p sau nhi\u1ec1u l\u1ea7n s\u1eed d\u1ee5ng.<\/span><\/h4>\n<h4 data-start=\"1092\" data-end=\"1121\"><strong><span style=\"font-size: 100%; color: #000000;\" role=\"text\">3. \u01afu \u0111i\u1ec3m n\u1ed5i b\u1eadt<\/span><\/strong><\/h4>\n<ul data-start=\"1122\" data-end=\"1238\">\n<li data-section-id=\"1m67as5\" data-start=\"1122\" data-end=\"1150\">\n<h4><span style=\"font-size: 100%; color: #000000;\">Thi\u1ebft k\u1ebf c\u1ed5 \u0111i\u1ec3n, d\u1ec5 m\u1eb7c<\/span><\/h4>\n<\/li>\n<li data-section-id=\"qxhmgg\" data-start=\"1151\" data-end=\"1179\">\n<h4><span style=\"font-size: 100%; color: #000000;\">T\u00f4n eo, t\u1ea1o d\u00e1ng c\u00e2n \u0111\u1ed1i<\/span><\/h4>\n<\/li>\n<li data-section-id=\"l1se82\" data-start=\"1180\" data-end=\"1210\">\n<h4><span style=\"font-size: 100%; color: #000000;\">H\u1ecda ti\u1ebft ch\u1ea5m bi nh\u1eb9 nh\u00e0ng<\/span><\/h4>\n<\/li>\n<li data-section-id=\"1v2k3q0\" data-start=\"1211\" data-end=\"1238\">\n<h4><span style=\"font-size: 100%; color: #000000;\">Ph\u00f9 h\u1ee3p d\u1ea1o ph\u1ed1, h\u1eb9n h\u00f2<\/span><\/h4>\n<\/li>\n<\/ul>\n<h4 data-start=\"1245\" data-end=\"1272\"><strong><span style=\"font-size: 100%; color: #000000;\" role=\"text\">4. G\u1ee3i \u00fd ph\u1ed1i \u0111\u1ed3<\/span><\/strong><\/h4>\n<ul data-start=\"1273\" data-end=\"1457\">\n<li data-section-id=\"tq7f3i\" data-start=\"1273\" data-end=\"1332\">\n<h4><span style=\"font-size: 100%; color: #000000;\">K\u1ebft h\u1ee3p c\u00f9ng gi\u00e0y b\u00fap b\u00ea ho\u1eb7c sandal \u0111\u1ec3 t\u0103ng v\u1ebb n\u1eef t\u00ednh<\/span><\/h4>\n<\/li>\n<li data-section-id=\"11xg1bs\" data-start=\"1333\" data-end=\"1390\">\n<h4><span style=\"font-size: 100%; color: #000000;\">Ph\u1ed1i v\u1edbi t\u00fai x\u00e1ch nh\u1ecf ho\u1eb7c t\u00fai c\u00f3i \u0111\u1ec3 t\u1ea1o vibe m\u00f9a h\u00e8<\/span><\/h4>\n<\/li>\n<li data-section-id=\"qcirxk\" data-start=\"1391\" data-end=\"1457\">\n<h4><span style=\"font-size: 100%; color: #000000;\">Th\u00eam ph\u1ee5 ki\u1ec7n nh\u01b0 b\u0103ng \u0111\u00f4 ho\u1eb7c khuy\u00ean tai \u0111\u1ec3 ho\u00e0n thi\u1ec7n outfit<\/span><\/h4>\n<\/li>\n<\/ul>\n<h4 data-start=\"1464\" data-end=\"1491\"><strong><span style=\"font-size: 100%; color: #000000;\" role=\"text\">5. Size s\u1ea3n ph\u1ea9m<\/span><\/strong><\/h4>\n<ul data-start=\"1492\" data-end=\"1557\">\n<li data-section-id=\"zxqwws\" data-start=\"1492\" data-end=\"1513\">\n<h4><span style=\"font-size: 100%; color: #000000;\">Size S: 40 \u2013 47kg<\/span><\/h4>\n<\/li>\n<li data-section-id=\"4pe8mn\" data-start=\"1514\" data-end=\"1535\">\n<h4><span style=\"font-size: 100%; color: #000000;\">Size M: 48 \u2013 53kg<\/span><\/h4>\n<\/li>\n<li data-section-id=\"1lyoztv\" data-start=\"1536\" data-end=\"1557\">\n<h4><span style=\"font-size: 100%; color: #000000;\">Size L: 54 \u2013 60kg<\/span><\/h4>\n<\/li>\n<\/ul>\n","protected":false},"excerpt":{"rendered":"<p>V\u00e1y Ch\u1ea5m Bi Tr\u1ec5 Vai \u2013 Thanh L\u1ecbch &amp; Ng\u1ecdt Ng\u00e0o 1. Thi\u1ebft k\u1ebf n\u1ed5i b\u1eadt M\u1eabu v\u00e1y ch\u1ea5m bi tr\u1ec5 vai mang h\u01a1i h\u01b0\u1edbng c\u1ed5 \u0111i\u1ec3n nh\u01b0ng v\u1eabn gi\u1eef \u0111\u01b0\u1ee3c n\u00e9t tr\u1ebb trung, ph\u00f9 h\u1ee3p cho d\u1ea1o ph\u1ed1, c\u00e0 ph\u00ea hay nh\u1eefng bu\u1ed5i h\u1eb9n nh\u1eb9 nh\u00e0ng. Thi\u1ebft k\u1ebf tr\u1ec5 vai k\u1ebft h\u1ee3p c\u1ed5 b\u1ebb [&#8230;]\n","protected":false},"featured_media":495,"comment_status":"open","ping_status":"closed","template":"","meta":[],"product_brand":[27],"product_cat":[37],"product_tag":[],"class_list":{"0":"post-494","1":"product","2":"type-product","3":"status-publish","4":"has-post-thumbnail","6":"product_brand-nagie","7":"product_cat-vay","9":"first","10":"instock","11":"sale","12":"shipping-taxable","13":"purchasable","14":"product-type-variable"},"yoast_head":"<!-- This site is optimized with the Yoast SEO plugin v27.1.1 - https:\/\/yoast.com\/product\/yoast-seo-wordpress\/ -->\n<title>V\u00e1y Ch\u1ea5m Bi Tr\u1ec5 Vai \u2013 Thanh L\u1ecbch &amp; Ng\u1ecdt Ng\u00e0o - NGANA<\/title>\n<meta name=\"description\" content=\"V\u00e1y ch\u1ea5m bi tr\u1ec5 vai thi\u1ebft k\u1ebf thanh l\u1ecbch, t\u00f4n d\u00e1ng, ch\u1ea5t li\u1ec7u cotton tho\u00e1ng m\u00e1t, ph\u00f9 h\u1ee3p d\u1ea1o ph\u1ed1, h\u1eb9n h\u00f2 v\u00e0 phong c\u00e1ch n\u1eef t\u00ednh.\" \/>\n<meta name=\"robots\" content=\"noindex, follow, max-snippet:-1, max-image-preview:large, max-video-preview:-1\" \/>\n<meta property=\"og:locale\" content=\"vi_VN\" \/>\n<meta property=\"og:type\" content=\"article\" \/>\n<meta property=\"og:title\" content=\"V\u00e1y Ch\u1ea5m Bi Tr\u1ec5 Vai \u2013 Thanh L\u1ecbch &amp; Ng\u1ecdt Ng\u00e0o - NGANA\" \/>\n<meta property=\"og:description\" content=\"V\u00e1y ch\u1ea5m bi tr\u1ec5 vai thi\u1ebft k\u1ebf thanh l\u1ecbch, t\u00f4n d\u00e1ng, ch\u1ea5t li\u1ec7u cotton tho\u00e1ng m\u00e1t, ph\u00f9 h\u1ee3p d\u1ea1o ph\u1ed1, h\u1eb9n h\u00f2 v\u00e0 phong c\u00e1ch n\u1eef t\u00ednh.\" \/>\n<meta property=\"og:url\" content=\"https:\/\/nagie.azdigi.shop\/index.php\/san-pham\/vay-tieu-thu\/\" \/>\n<meta property=\"og:site_name\" content=\"NGANA\" \/>\n<meta property=\"article:modified_time\" content=\"2026-04-09T11:14:13+00:00\" \/>\n<meta property=\"og:image\" content=\"https:\/\/nagie.azdigi.shop\/wp-content\/uploads\/2026\/03\/DAM-S.jpg\" \/>\n\t<meta property=\"og:image:width\" content=\"1024\" \/>\n\t<meta property=\"og:image:height\" content=\"1024\" \/>\n\t<meta property=\"og:image:type\" content=\"image\/jpeg\" \/>\n<meta name=\"twitter:card\" content=\"summary_large_image\" \/>\n<meta name=\"twitter:label1\" content=\"\u01af\u1edbc t\u00ednh th\u1eddi gian \u0111\u1ecdc\" \/>\n\t<meta name=\"twitter:data1\" content=\"2 ph\u00fat\" \/>\n<script type=\"application\/ld+json\" class=\"yoast-schema-graph\">{\"@context\":\"https:\/\/schema.org\",\"@graph\":[{\"@type\":\"WebPage\",\"@id\":\"https:\/\/nagie.azdigi.shop\/index.php\/san-pham\/vay-tieu-thu\/\",\"url\":\"https:\/\/nagie.azdigi.shop\/index.php\/san-pham\/vay-tieu-thu\/\",\"name\":\"V\u00e1y Ch\u1ea5m Bi Tr\u1ec5 Vai \u2013 Thanh L\u1ecbch & Ng\u1ecdt Ng\u00e0o - NGANA\",\"isPartOf\":{\"@id\":\"https:\/\/nagie.azdigi.shop\/#website\"},\"primaryImageOfPage\":{\"@id\":\"https:\/\/nagie.azdigi.shop\/index.php\/san-pham\/vay-tieu-thu\/#primaryimage\"},\"image\":{\"@id\":\"https:\/\/nagie.azdigi.shop\/index.php\/san-pham\/vay-tieu-thu\/#primaryimage\"},\"thumbnailUrl\":\"https:\/\/nagie.azdigi.shop\/wp-content\/uploads\/2026\/03\/DAM-S.jpg\",\"datePublished\":\"2026-03-23T17:02:40+00:00\",\"dateModified\":\"2026-04-09T11:14:13+00:00\",\"description\":\"V\u00e1y ch\u1ea5m bi tr\u1ec5 vai thi\u1ebft k\u1ebf thanh l\u1ecbch, t\u00f4n d\u00e1ng, ch\u1ea5t li\u1ec7u cotton tho\u00e1ng m\u00e1t, ph\u00f9 h\u1ee3p d\u1ea1o ph\u1ed1, h\u1eb9n h\u00f2 v\u00e0 phong c\u00e1ch n\u1eef t\u00ednh.\",\"breadcrumb\":{\"@id\":\"https:\/\/nagie.azdigi.shop\/index.php\/san-pham\/vay-tieu-thu\/#breadcrumb\"},\"inLanguage\":\"vi\",\"potentialAction\":[{\"@type\":\"ReadAction\",\"target\":[\"https:\/\/nagie.azdigi.shop\/index.php\/san-pham\/vay-tieu-thu\/\"]}]},{\"@type\":\"ImageObject\",\"inLanguage\":\"vi\",\"@id\":\"https:\/\/nagie.azdigi.shop\/index.php\/san-pham\/vay-tieu-thu\/#primaryimage\",\"url\":\"https:\/\/nagie.azdigi.shop\/wp-content\/uploads\/2026\/03\/DAM-S.jpg\",\"contentUrl\":\"https:\/\/nagie.azdigi.shop\/wp-content\/uploads\/2026\/03\/DAM-S.jpg\",\"width\":1024,\"height\":1024},{\"@type\":\"BreadcrumbList\",\"@id\":\"https:\/\/nagie.azdigi.shop\/index.php\/san-pham\/vay-tieu-thu\/#breadcrumb\",\"itemListElement\":[{\"@type\":\"ListItem\",\"position\":1,\"name\":\"Trang ch\u1ee7\",\"item\":\"https:\/\/nagie.azdigi.shop\/\"},{\"@type\":\"ListItem\",\"position\":2,\"name\":\"C\u1eeda h\u00e0ng\",\"item\":\"https:\/\/nagie.azdigi.shop\/index.php\/cua-hang\/\"},{\"@type\":\"ListItem\",\"position\":3,\"name\":\"V\u00e1y Ch\u1ea5m Bi Tr\u1ec5 Vai \u2013 Thanh L\u1ecbch &#038; Ng\u1ecdt Ng\u00e0o\"}]},{\"@type\":\"WebSite\",\"@id\":\"https:\/\/nagie.azdigi.shop\/#website\",\"url\":\"https:\/\/nagie.azdigi.shop\/\",\"name\":\"NGANA\",\"description\":\"\",\"potentialAction\":[{\"@type\":\"SearchAction\",\"target\":{\"@type\":\"EntryPoint\",\"urlTemplate\":\"https:\/\/nagie.azdigi.shop\/?s={search_term_string}\"},\"query-input\":{\"@type\":\"PropertyValueSpecification\",\"valueRequired\":true,\"valueName\":\"search_term_string\"}}],\"inLanguage\":\"vi\"}]}<\/script>\n<!-- \/ Yoast SEO plugin. -->","yoast_head_json":{"title":"V\u00e1y Ch\u1ea5m Bi Tr\u1ec5 Vai \u2013 Thanh L\u1ecbch & Ng\u1ecdt Ng\u00e0o - NGANA","description":"V\u00e1y ch\u1ea5m bi tr\u1ec5 vai thi\u1ebft k\u1ebf thanh l\u1ecbch, t\u00f4n d\u00e1ng, ch\u1ea5t li\u1ec7u cotton tho\u00e1ng m\u00e1t, ph\u00f9 h\u1ee3p d\u1ea1o ph\u1ed1, h\u1eb9n h\u00f2 v\u00e0 phong c\u00e1ch n\u1eef t\u00ednh.","robots":{"index":"noindex","follow":"follow","max-snippet":"max-snippet:-1","max-image-preview":"max-image-preview:large","max-video-preview":"max-video-preview:-1"},"og_locale":"vi_VN","og_type":"article","og_title":"V\u00e1y Ch\u1ea5m Bi Tr\u1ec5 Vai \u2013 Thanh L\u1ecbch & Ng\u1ecdt Ng\u00e0o - NGANA","og_description":"V\u00e1y ch\u1ea5m bi tr\u1ec5 vai thi\u1ebft k\u1ebf thanh l\u1ecbch, t\u00f4n d\u00e1ng, ch\u1ea5t li\u1ec7u cotton tho\u00e1ng m\u00e1t, ph\u00f9 h\u1ee3p d\u1ea1o ph\u1ed1, h\u1eb9n h\u00f2 v\u00e0 phong c\u00e1ch n\u1eef t\u00ednh.","og_url":"https:\/\/nagie.azdigi.shop\/index.php\/san-pham\/vay-tieu-thu\/","og_site_name":"NGANA","article_modified_time":"2026-04-09T11:14:13+00:00","og_image":[{"width":1024,"height":1024,"url":"https:\/\/nagie.azdigi.shop\/wp-content\/uploads\/2026\/03\/DAM-S.jpg","type":"image\/jpeg"}],"twitter_card":"summary_large_image","twitter_misc":{"\u01af\u1edbc t\u00ednh th\u1eddi gian \u0111\u1ecdc":"2 ph\u00fat"},"schema":{"@context":"https:\/\/schema.org","@graph":[{"@type":"WebPage","@id":"https:\/\/nagie.azdigi.shop\/index.php\/san-pham\/vay-tieu-thu\/","url":"https:\/\/nagie.azdigi.shop\/index.php\/san-pham\/vay-tieu-thu\/","name":"V\u00e1y Ch\u1ea5m Bi Tr\u1ec5 Vai \u2013 Thanh L\u1ecbch & Ng\u1ecdt Ng\u00e0o - NGANA","isPartOf":{"@id":"https:\/\/nagie.azdigi.shop\/#website"},"primaryImageOfPage":{"@id":"https:\/\/nagie.azdigi.shop\/index.php\/san-pham\/vay-tieu-thu\/#primaryimage"},"image":{"@id":"https:\/\/nagie.azdigi.shop\/index.php\/san-pham\/vay-tieu-thu\/#primaryimage"},"thumbnailUrl":"https:\/\/nagie.azdigi.shop\/wp-content\/uploads\/2026\/03\/DAM-S.jpg","datePublished":"2026-03-23T17:02:40+00:00","dateModified":"2026-04-09T11:14:13+00:00","description":"V\u00e1y ch\u1ea5m bi tr\u1ec5 vai thi\u1ebft k\u1ebf thanh l\u1ecbch, t\u00f4n d\u00e1ng, ch\u1ea5t li\u1ec7u cotton tho\u00e1ng m\u00e1t, ph\u00f9 h\u1ee3p d\u1ea1o ph\u1ed1, h\u1eb9n h\u00f2 v\u00e0 phong c\u00e1ch n\u1eef t\u00ednh.","breadcrumb":{"@id":"https:\/\/nagie.azdigi.shop\/index.php\/san-pham\/vay-tieu-thu\/#breadcrumb"},"inLanguage":"vi","potentialAction":[{"@type":"ReadAction","target":["https:\/\/nagie.azdigi.shop\/index.php\/san-pham\/vay-tieu-thu\/"]}]},{"@type":"ImageObject","inLanguage":"vi","@id":"https:\/\/nagie.azdigi.shop\/index.php\/san-pham\/vay-tieu-thu\/#primaryimage","url":"https:\/\/nagie.azdigi.shop\/wp-content\/uploads\/2026\/03\/DAM-S.jpg","contentUrl":"https:\/\/nagie.azdigi.shop\/wp-content\/uploads\/2026\/03\/DAM-S.jpg","width":1024,"height":1024},{"@type":"BreadcrumbList","@id":"https:\/\/nagie.azdigi.shop\/index.php\/san-pham\/vay-tieu-thu\/#breadcrumb","itemListElement":[{"@type":"ListItem","position":1,"name":"Trang ch\u1ee7","item":"https:\/\/nagie.azdigi.shop\/"},{"@type":"ListItem","position":2,"name":"C\u1eeda h\u00e0ng","item":"https:\/\/nagie.azdigi.shop\/index.php\/cua-hang\/"},{"@type":"ListItem","position":3,"name":"V\u00e1y Ch\u1ea5m Bi Tr\u1ec5 Vai \u2013 Thanh L\u1ecbch &#038; Ng\u1ecdt Ng\u00e0o"}]},{"@type":"WebSite","@id":"https:\/\/nagie.azdigi.shop\/#website","url":"https:\/\/nagie.azdigi.shop\/","name":"NGANA","description":"","potentialAction":[{"@type":"SearchAction","target":{"@type":"EntryPoint","urlTemplate":"https:\/\/nagie.azdigi.shop\/?s={search_term_string}"},"query-input":{"@type":"PropertyValueSpecification","valueRequired":true,"valueName":"search_term_string"}}],"inLanguage":"vi"}]}},"_links":{"self":[{"href":"https:\/\/nagie.azdigi.shop\/index.php\/wp-json\/wp\/v2\/product\/494","targetHints":{"allow":["GET"]}}],"collection":[{"href":"https:\/\/nagie.azdigi.shop\/index.php\/wp-json\/wp\/v2\/product"}],"about":[{"href":"https:\/\/nagie.azdigi.shop\/index.php\/wp-json\/wp\/v2\/types\/product"}],"replies":[{"embeddable":true,"href":"https:\/\/nagie.azdigi.shop\/index.php\/wp-json\/wp\/v2\/comments?post=494"}],"wp:featuredmedia":[{"embeddable":true,"href":"https:\/\/nagie.azdigi.shop\/index.php\/wp-json\/wp\/v2\/media\/495"}],"wp:attachment":[{"href":"https:\/\/nagie.azdigi.shop\/index.php\/wp-json\/wp\/v2\/media?parent=494"}],"wp:term":[{"taxonomy":"product_brand","embeddable":true,"href":"https:\/\/nagie.azdigi.shop\/index.php\/wp-json\/wp\/v2\/product_brand?post=494"},{"taxonomy":"product_cat","embeddable":true,"href":"https:\/\/nagie.azdigi.shop\/index.php\/wp-json\/wp\/v2\/product_cat?post=494"},{"taxonomy":"product_tag","embeddable":true,"href":"https:\/\/nagie.azdigi.shop\/index.php\/wp-json\/wp\/v2\/product_tag?post=494"}],"curies":[{"name":"wp","href":"https:\/\/api.w.org\/{rel}","templated":true}]}}