{"id":704,"date":"2026-04-06T14:49:16","date_gmt":"2026-04-06T14:49:16","guid":{"rendered":"https:\/\/nagie.azdigi.shop\/?post_type=product&#038;p=704"},"modified":"2026-04-12T10:35:28","modified_gmt":"2026-04-12T10:35:28","slug":"vay-cup-nguc","status":"publish","type":"product","link":"https:\/\/nagie.azdigi.shop\/index.php\/san-pham\/vay-cup-nguc\/","title":{"rendered":"V\u00e1y C\u00fap Ng\u1ef1c Th\u1eaft N\u01a1 \u2013 N\u00e9t N\u00e0ng Th\u01a1 Ng\u1ecdt Ng\u00e0o Hi\u1ec7n \u0110\u1ea1i"},"content":{"rendered":"<h3 data-section-id=\"9s9xou\" data-start=\"287\" data-end=\"349\"><strong><span style=\"font-size: 100%; color: #000000;\" role=\"text\">V\u00e1y C\u00fap Ng\u1ef1c Th\u1eaft N\u01a1 \u2013 N\u00e9t N\u00e0ng Th\u01a1 Ng\u1ecdt Ng\u00e0o Hi\u1ec7n \u0110\u1ea1i<\/span><\/strong><\/h3>\n<h4 data-start=\"351\" data-end=\"396\"><strong><span style=\"font-size: 100%; color: #000000;\" role=\"text\">1. Thi\u1ebft k\u1ebf n\u1ed5i b\u1eadt c\u1ee7a v\u00e1y c\u00fap ng\u1ef1c<\/span><\/strong><\/h4>\n<h4 data-start=\"397\" data-end=\"516\"><span style=\"font-size: 100%; color: #000000;\">V\u00e1y c\u00fap ng\u1ef1c t\u1ea1i Nagie Shop l\u00e0 l\u1ef1a ch\u1ecdn ho\u00e0n h\u1ea3o cho nh\u1eefng c\u00f4 n\u00e0ng y\u00eau th\u00edch s\u1ef1 quy\u1ebfn r\u0169 nh\u01b0ng v\u1eabn gi\u1eef n\u00e9t n\u1eef t\u00ednh.<\/span><\/h4>\n<h4 data-start=\"518\" data-end=\"704\"><span style=\"font-size: 100%; color: #000000;\">Ph\u1ea7n c\u00fap ng\u1ef1c \u0111\u01b0\u1ee3c thi\u1ebft k\u1ebf tinh t\u1ebf gi\u00fap t\u00f4n v\u00f2ng m\u1ed9t v\u00e0 khoe tr\u1ecdn b\u1edd vai thanh m\u1ea3nh. Chi ti\u1ebft th\u1eaft n\u01a1 ch\u1ea1y d\u1ecdc th\u00e2n v\u00e1y t\u1ea1o \u0111i\u1ec3m nh\u1ea5n nh\u1eb9 nh\u00e0ng, gi\u00fap v\u00e1y c\u00fap ng\u1ef1c th\u00eam ph\u1ea7n thu h\u00fat.<\/span><\/h4>\n<h4 data-start=\"706\" data-end=\"811\"><span style=\"font-size: 100%; color: #000000;\">Phom d\u00e1ng x\u00f2e b\u1ed3ng b\u1ec1nh k\u1ebft h\u1ee3p chi\u1ebft eo cao gi\u00fap t\u00f4n d\u00e1ng, t\u1ea1o hi\u1ec7u \u1ee9ng v\u00f2ng eo nh\u1ecf v\u00e0 \u0111\u00f4i ch\u00e2n d\u00e0i h\u01a1n.<\/span><\/h4>\n<hr data-start=\"813\" data-end=\"816\" \/>\n<h4 data-start=\"818\" data-end=\"860\"><strong><span style=\"font-size: 100%; color: #000000;\" role=\"text\">2. Ch\u1ea5t li\u1ec7u v\u00e1y c\u00fap ng\u1ef1c cao c\u1ea5p<\/span><\/strong><\/h4>\n<h4 data-start=\"861\" data-end=\"951\"><span style=\"font-size: 100%; color: #000000;\">V\u00e1y c\u00fap ng\u1ef1c s\u1eed d\u1ee5ng ch\u1ea5t li\u1ec7u v\u1ea3i cao c\u1ea5p gi\u00fap gi\u1eef form chu\u1ea9n m\u00e0 v\u1eabn m\u1ec1m m\u1ea1i khi m\u1eb7c.<\/span><\/h4>\n<h4 data-start=\"953\" data-end=\"1100\"><span style=\"font-size: 100%; color: #000000;\">B\u00ean trong c\u00f3 l\u1edbp l\u00f3t l\u1ee5a gi\u00fap t\u1ea1o c\u1ea3m gi\u00e1c tho\u00e1ng m\u00e1t, d\u1ec5 ch\u1ecbu v\u00e0 k\u00edn \u0111\u00e1o. Nh\u1edd \u0111\u00f3, v\u00e1y c\u00fap ng\u1ef1c mang l\u1ea1i s\u1ef1 t\u1ef1 tin khi di chuy\u1ec3n hay ho\u1ea1t \u0111\u1ed9ng.<\/span><\/h4>\n<h4 data-start=\"1102\" data-end=\"1180\"><span style=\"font-size: 100%; color: #000000;\">\u0110\u01b0\u1eddng may \u0111\u01b0\u1ee3c ho\u00e0n thi\u1ec7n t\u1ec9 m\u1ec9 gi\u00fap v\u00e1y gi\u1eef \u0111\u01b0\u1ee3c \u0111\u1ed9 b\u1ec1n v\u00e0 form d\u00e1ng l\u00e2u d\u00e0i.<\/span><\/h4>\n<hr data-start=\"1182\" data-end=\"1185\" \/>\n<h4 data-start=\"1187\" data-end=\"1229\"><strong><span style=\"font-size: 100%; color: #000000;\" role=\"text\">3. G\u1ee3i \u00fd ph\u1ed1i \u0111\u1ed3 v\u1edbi v\u00e1y c\u00fap ng\u1ef1c<\/span><\/strong><\/h4>\n<ul data-start=\"1230\" data-end=\"1384\">\n<li data-section-id=\"1476ip7\" data-start=\"1230\" data-end=\"1287\">\n<h4><span style=\"font-size: 100%; color: #000000;\">N\u1eef t\u00ednh: ph\u1ed1i v\u00e1y c\u00fap ng\u1ef1c v\u1edbi ph\u1ee5 ki\u1ec7n ng\u1ecdc trai<\/span><\/h4>\n<\/li>\n<li data-section-id=\"10ohks9\" data-start=\"1288\" data-end=\"1337\">\n<h4><span style=\"font-size: 100%; color: #000000;\">\u0110i ti\u1ec7c: k\u1ebft h\u1ee3p gi\u00e0y cao g\u00f3t v\u00e0 t\u00fai x\u00e1ch nh\u1ecf<\/span><\/h4>\n<\/li>\n<li data-section-id=\"1cizra6\" data-start=\"1338\" data-end=\"1384\">\n<h4><span style=\"font-size: 100%; color: #000000;\">D\u1ea1o ph\u1ed1: mix sandal ho\u1eb7c sneaker nh\u1eb9 nh\u00e0ng<\/span><\/h4>\n<\/li>\n<\/ul>\n<hr data-start=\"1386\" data-end=\"1389\" \/>\n<h4 data-start=\"1391\" data-end=\"1430\"><strong><span style=\"font-size: 100%; color: #000000;\" role=\"text\">4. Th\u00f4ng tin size v\u00e1y c\u00fap ng\u1ef1c<\/span><\/strong><\/h4>\n<ul data-start=\"1431\" data-end=\"1528\">\n<li data-section-id=\"6zfmyg\" data-start=\"1431\" data-end=\"1462\">\n<h4><span style=\"font-size: 100%; color: #000000;\">Size S: 40\u201347kg | eo &lt; 66cm<\/span><\/h4>\n<\/li>\n<li data-section-id=\"r6dxer\" data-start=\"1463\" data-end=\"1495\">\n<h4><span style=\"font-size: 100%; color: #000000;\">Size M: 48\u201353kg | eo 67\u201371cm<\/span><\/h4>\n<\/li>\n<li data-section-id=\"1exfa4s\" data-start=\"1496\" data-end=\"1528\">\n<h4><span style=\"font-size: 100%; color: #000000;\">Size L: 54\u201360kg | eo 72\u201376cm<\/span><\/h4>\n<\/li>\n<\/ul>\n","protected":false},"excerpt":{"rendered":"<h4><span style=\"color: #333333;\">V\u1eabn l\u00e0 thi\u1ebft k\u1ebf c\u00fap ng\u1ef1c quy\u1ebfn r\u0169 nh\u01b0ng \u0111\u01b0\u1ee3c th\u1ed5i h\u1ed3n b\u1eb1ng phong c\u00e1ch &#8220;N\u00e0ng th\u01a1&#8221; v\u1edbi \u0111\u1ed9 b\u1ed3ng b\u1ec1nh nh\u1eb9 v\u00e0 chi ti\u1ebft n\u01a1 xinh x\u1eafn.<\/span><\/h4>\n","protected":false},"featured_media":100,"comment_status":"open","ping_status":"closed","template":"","meta":[],"product_brand":[27],"product_cat":[37],"product_tag":[],"class_list":{"0":"post-704","1":"product","2":"type-product","3":"status-publish","4":"has-post-thumbnail","6":"product_brand-nagie","7":"product_cat-vay","9":"first","10":"instock","11":"shipping-taxable","12":"purchasable","13":"product-type-variable"},"yoast_head":"<!-- This site is optimized with the Yoast SEO plugin v27.1.1 - https:\/\/yoast.com\/product\/yoast-seo-wordpress\/ -->\n<title>V\u00e1y C\u00fap Ng\u1ef1c Th\u1eaft N\u01a1 \u2013 N\u00e9t N\u00e0ng Th\u01a1 Ng\u1ecdt Ng\u00e0o Hi\u1ec7n \u0110\u1ea1i - NGANA<\/title>\n<meta name=\"description\" content=\"V\u00e1y c\u00fap ng\u1ef1c thi\u1ebft k\u1ebf th\u1eaft n\u01a1 n\u1eef t\u00ednh, form x\u00f2e t\u00f4n d\u00e1ng, ch\u1ea5t li\u1ec7u m\u1ec1m m\u1ea1i tho\u00e1ng m\u00e1t. Ph\u00f9 h\u1ee3p \u0111i ti\u1ec7c, d\u1ea1o ph\u1ed1 v\u00e0 ch\u1ee5p \u1ea3nh.\" \/>\n<meta name=\"robots\" content=\"noindex, follow, max-snippet:-1, max-image-preview:large, max-video-preview:-1\" \/>\n<meta property=\"og:locale\" content=\"vi_VN\" \/>\n<meta property=\"og:type\" content=\"article\" \/>\n<meta property=\"og:title\" content=\"V\u00e1y C\u00fap Ng\u1ef1c Th\u1eaft N\u01a1 \u2013 N\u00e9t N\u00e0ng Th\u01a1 Ng\u1ecdt Ng\u00e0o Hi\u1ec7n \u0110\u1ea1i - NGANA\" \/>\n<meta property=\"og:description\" content=\"V\u00e1y c\u00fap ng\u1ef1c thi\u1ebft k\u1ebf th\u1eaft n\u01a1 n\u1eef t\u00ednh, form x\u00f2e t\u00f4n d\u00e1ng, ch\u1ea5t li\u1ec7u m\u1ec1m m\u1ea1i tho\u00e1ng m\u00e1t. Ph\u00f9 h\u1ee3p \u0111i ti\u1ec7c, d\u1ea1o ph\u1ed1 v\u00e0 ch\u1ee5p \u1ea3nh.\" \/>\n<meta property=\"og:url\" content=\"https:\/\/nagie.azdigi.shop\/index.php\/san-pham\/vay-cup-nguc\/\" \/>\n<meta property=\"og:site_name\" content=\"NGANA\" \/>\n<meta property=\"article:modified_time\" content=\"2026-04-12T10:35:28+00:00\" \/>\n<meta property=\"og:image\" content=\"https:\/\/nagie.azdigi.shop\/wp-content\/uploads\/2026\/02\/dam1.jpg\" \/>\n\t<meta property=\"og:image:width\" content=\"1200\" \/>\n\t<meta property=\"og:image:height\" content=\"1599\" \/>\n\t<meta property=\"og:image:type\" content=\"image\/jpeg\" \/>\n<meta name=\"twitter:card\" content=\"summary_large_image\" \/>\n<meta name=\"twitter:label1\" content=\"\u01af\u1edbc t\u00ednh th\u1eddi gian \u0111\u1ecdc\" \/>\n\t<meta name=\"twitter:data1\" content=\"2 ph\u00fat\" \/>\n<script type=\"application\/ld+json\" class=\"yoast-schema-graph\">{\"@context\":\"https:\/\/schema.org\",\"@graph\":[{\"@type\":\"WebPage\",\"@id\":\"https:\/\/nagie.azdigi.shop\/index.php\/san-pham\/vay-cup-nguc\/\",\"url\":\"https:\/\/nagie.azdigi.shop\/index.php\/san-pham\/vay-cup-nguc\/\",\"name\":\"V\u00e1y C\u00fap Ng\u1ef1c Th\u1eaft N\u01a1 \u2013 N\u00e9t N\u00e0ng Th\u01a1 Ng\u1ecdt Ng\u00e0o Hi\u1ec7n \u0110\u1ea1i - NGANA\",\"isPartOf\":{\"@id\":\"https:\/\/nagie.azdigi.shop\/#website\"},\"primaryImageOfPage\":{\"@id\":\"https:\/\/nagie.azdigi.shop\/index.php\/san-pham\/vay-cup-nguc\/#primaryimage\"},\"image\":{\"@id\":\"https:\/\/nagie.azdigi.shop\/index.php\/san-pham\/vay-cup-nguc\/#primaryimage\"},\"thumbnailUrl\":\"https:\/\/nagie.azdigi.shop\/wp-content\/uploads\/2026\/02\/dam1.jpg\",\"datePublished\":\"2026-04-06T14:49:16+00:00\",\"dateModified\":\"2026-04-12T10:35:28+00:00\",\"description\":\"V\u00e1y c\u00fap ng\u1ef1c thi\u1ebft k\u1ebf th\u1eaft n\u01a1 n\u1eef t\u00ednh, form x\u00f2e t\u00f4n d\u00e1ng, ch\u1ea5t li\u1ec7u m\u1ec1m m\u1ea1i tho\u00e1ng m\u00e1t. Ph\u00f9 h\u1ee3p \u0111i ti\u1ec7c, d\u1ea1o ph\u1ed1 v\u00e0 ch\u1ee5p \u1ea3nh.\",\"breadcrumb\":{\"@id\":\"https:\/\/nagie.azdigi.shop\/index.php\/san-pham\/vay-cup-nguc\/#breadcrumb\"},\"inLanguage\":\"vi\",\"potentialAction\":[{\"@type\":\"ReadAction\",\"target\":[\"https:\/\/nagie.azdigi.shop\/index.php\/san-pham\/vay-cup-nguc\/\"]}]},{\"@type\":\"ImageObject\",\"inLanguage\":\"vi\",\"@id\":\"https:\/\/nagie.azdigi.shop\/index.php\/san-pham\/vay-cup-nguc\/#primaryimage\",\"url\":\"https:\/\/nagie.azdigi.shop\/wp-content\/uploads\/2026\/02\/dam1.jpg\",\"contentUrl\":\"https:\/\/nagie.azdigi.shop\/wp-content\/uploads\/2026\/02\/dam1.jpg\",\"width\":1200,\"height\":1599,\"caption\":\"shein@v1@151\"},{\"@type\":\"BreadcrumbList\",\"@id\":\"https:\/\/nagie.azdigi.shop\/index.php\/san-pham\/vay-cup-nguc\/#breadcrumb\",\"itemListElement\":[{\"@type\":\"ListItem\",\"position\":1,\"name\":\"Trang ch\u1ee7\",\"item\":\"https:\/\/nagie.azdigi.shop\/\"},{\"@type\":\"ListItem\",\"position\":2,\"name\":\"C\u1eeda h\u00e0ng\",\"item\":\"https:\/\/nagie.azdigi.shop\/index.php\/cua-hang\/\"},{\"@type\":\"ListItem\",\"position\":3,\"name\":\"V\u00e1y C\u00fap Ng\u1ef1c Th\u1eaft N\u01a1 \u2013 N\u00e9t N\u00e0ng Th\u01a1 Ng\u1ecdt Ng\u00e0o Hi\u1ec7n \u0110\u1ea1i\"}]},{\"@type\":\"WebSite\",\"@id\":\"https:\/\/nagie.azdigi.shop\/#website\",\"url\":\"https:\/\/nagie.azdigi.shop\/\",\"name\":\"NGANA\",\"description\":\"\",\"potentialAction\":[{\"@type\":\"SearchAction\",\"target\":{\"@type\":\"EntryPoint\",\"urlTemplate\":\"https:\/\/nagie.azdigi.shop\/?s={search_term_string}\"},\"query-input\":{\"@type\":\"PropertyValueSpecification\",\"valueRequired\":true,\"valueName\":\"search_term_string\"}}],\"inLanguage\":\"vi\"}]}<\/script>\n<!-- \/ Yoast SEO plugin. -->","yoast_head_json":{"title":"V\u00e1y C\u00fap Ng\u1ef1c Th\u1eaft N\u01a1 \u2013 N\u00e9t N\u00e0ng Th\u01a1 Ng\u1ecdt Ng\u00e0o Hi\u1ec7n \u0110\u1ea1i - NGANA","description":"V\u00e1y c\u00fap ng\u1ef1c thi\u1ebft k\u1ebf th\u1eaft n\u01a1 n\u1eef t\u00ednh, form x\u00f2e t\u00f4n d\u00e1ng, ch\u1ea5t li\u1ec7u m\u1ec1m m\u1ea1i tho\u00e1ng m\u00e1t. Ph\u00f9 h\u1ee3p \u0111i ti\u1ec7c, d\u1ea1o ph\u1ed1 v\u00e0 ch\u1ee5p \u1ea3nh.","robots":{"index":"noindex","follow":"follow","max-snippet":"max-snippet:-1","max-image-preview":"max-image-preview:large","max-video-preview":"max-video-preview:-1"},"og_locale":"vi_VN","og_type":"article","og_title":"V\u00e1y C\u00fap Ng\u1ef1c Th\u1eaft N\u01a1 \u2013 N\u00e9t N\u00e0ng Th\u01a1 Ng\u1ecdt Ng\u00e0o Hi\u1ec7n \u0110\u1ea1i - NGANA","og_description":"V\u00e1y c\u00fap ng\u1ef1c thi\u1ebft k\u1ebf th\u1eaft n\u01a1 n\u1eef t\u00ednh, form x\u00f2e t\u00f4n d\u00e1ng, ch\u1ea5t li\u1ec7u m\u1ec1m m\u1ea1i tho\u00e1ng m\u00e1t. Ph\u00f9 h\u1ee3p \u0111i ti\u1ec7c, d\u1ea1o ph\u1ed1 v\u00e0 ch\u1ee5p \u1ea3nh.","og_url":"https:\/\/nagie.azdigi.shop\/index.php\/san-pham\/vay-cup-nguc\/","og_site_name":"NGANA","article_modified_time":"2026-04-12T10:35:28+00:00","og_image":[{"width":1200,"height":1599,"url":"https:\/\/nagie.azdigi.shop\/wp-content\/uploads\/2026\/02\/dam1.jpg","type":"image\/jpeg"}],"twitter_card":"summary_large_image","twitter_misc":{"\u01af\u1edbc t\u00ednh th\u1eddi gian \u0111\u1ecdc":"2 ph\u00fat"},"schema":{"@context":"https:\/\/schema.org","@graph":[{"@type":"WebPage","@id":"https:\/\/nagie.azdigi.shop\/index.php\/san-pham\/vay-cup-nguc\/","url":"https:\/\/nagie.azdigi.shop\/index.php\/san-pham\/vay-cup-nguc\/","name":"V\u00e1y C\u00fap Ng\u1ef1c Th\u1eaft N\u01a1 \u2013 N\u00e9t N\u00e0ng Th\u01a1 Ng\u1ecdt Ng\u00e0o Hi\u1ec7n \u0110\u1ea1i - NGANA","isPartOf":{"@id":"https:\/\/nagie.azdigi.shop\/#website"},"primaryImageOfPage":{"@id":"https:\/\/nagie.azdigi.shop\/index.php\/san-pham\/vay-cup-nguc\/#primaryimage"},"image":{"@id":"https:\/\/nagie.azdigi.shop\/index.php\/san-pham\/vay-cup-nguc\/#primaryimage"},"thumbnailUrl":"https:\/\/nagie.azdigi.shop\/wp-content\/uploads\/2026\/02\/dam1.jpg","datePublished":"2026-04-06T14:49:16+00:00","dateModified":"2026-04-12T10:35:28+00:00","description":"V\u00e1y c\u00fap ng\u1ef1c thi\u1ebft k\u1ebf th\u1eaft n\u01a1 n\u1eef t\u00ednh, form x\u00f2e t\u00f4n d\u00e1ng, ch\u1ea5t li\u1ec7u m\u1ec1m m\u1ea1i tho\u00e1ng m\u00e1t. Ph\u00f9 h\u1ee3p \u0111i ti\u1ec7c, d\u1ea1o ph\u1ed1 v\u00e0 ch\u1ee5p \u1ea3nh.","breadcrumb":{"@id":"https:\/\/nagie.azdigi.shop\/index.php\/san-pham\/vay-cup-nguc\/#breadcrumb"},"inLanguage":"vi","potentialAction":[{"@type":"ReadAction","target":["https:\/\/nagie.azdigi.shop\/index.php\/san-pham\/vay-cup-nguc\/"]}]},{"@type":"ImageObject","inLanguage":"vi","@id":"https:\/\/nagie.azdigi.shop\/index.php\/san-pham\/vay-cup-nguc\/#primaryimage","url":"https:\/\/nagie.azdigi.shop\/wp-content\/uploads\/2026\/02\/dam1.jpg","contentUrl":"https:\/\/nagie.azdigi.shop\/wp-content\/uploads\/2026\/02\/dam1.jpg","width":1200,"height":1599,"caption":"shein@v1@151"},{"@type":"BreadcrumbList","@id":"https:\/\/nagie.azdigi.shop\/index.php\/san-pham\/vay-cup-nguc\/#breadcrumb","itemListElement":[{"@type":"ListItem","position":1,"name":"Trang ch\u1ee7","item":"https:\/\/nagie.azdigi.shop\/"},{"@type":"ListItem","position":2,"name":"C\u1eeda h\u00e0ng","item":"https:\/\/nagie.azdigi.shop\/index.php\/cua-hang\/"},{"@type":"ListItem","position":3,"name":"V\u00e1y C\u00fap Ng\u1ef1c Th\u1eaft N\u01a1 \u2013 N\u00e9t N\u00e0ng Th\u01a1 Ng\u1ecdt Ng\u00e0o Hi\u1ec7n \u0110\u1ea1i"}]},{"@type":"WebSite","@id":"https:\/\/nagie.azdigi.shop\/#website","url":"https:\/\/nagie.azdigi.shop\/","name":"NGANA","description":"","potentialAction":[{"@type":"SearchAction","target":{"@type":"EntryPoint","urlTemplate":"https:\/\/nagie.azdigi.shop\/?s={search_term_string}"},"query-input":{"@type":"PropertyValueSpecification","valueRequired":true,"valueName":"search_term_string"}}],"inLanguage":"vi"}]}},"_links":{"self":[{"href":"https:\/\/nagie.azdigi.shop\/index.php\/wp-json\/wp\/v2\/product\/704","targetHints":{"allow":["GET"]}}],"collection":[{"href":"https:\/\/nagie.azdigi.shop\/index.php\/wp-json\/wp\/v2\/product"}],"about":[{"href":"https:\/\/nagie.azdigi.shop\/index.php\/wp-json\/wp\/v2\/types\/product"}],"replies":[{"embeddable":true,"href":"https:\/\/nagie.azdigi.shop\/index.php\/wp-json\/wp\/v2\/comments?post=704"}],"wp:featuredmedia":[{"embeddable":true,"href":"https:\/\/nagie.azdigi.shop\/index.php\/wp-json\/wp\/v2\/media\/100"}],"wp:attachment":[{"href":"https:\/\/nagie.azdigi.shop\/index.php\/wp-json\/wp\/v2\/media?parent=704"}],"wp:term":[{"taxonomy":"product_brand","embeddable":true,"href":"https:\/\/nagie.azdigi.shop\/index.php\/wp-json\/wp\/v2\/product_brand?post=704"},{"taxonomy":"product_cat","embeddable":true,"href":"https:\/\/nagie.azdigi.shop\/index.php\/wp-json\/wp\/v2\/product_cat?post=704"},{"taxonomy":"product_tag","embeddable":true,"href":"https:\/\/nagie.azdigi.shop\/index.php\/wp-json\/wp\/v2\/product_tag?post=704"}],"curies":[{"name":"wp","href":"https:\/\/api.w.org\/{rel}","templated":true}]}}