{"id":754,"date":"2026-04-06T17:26:42","date_gmt":"2026-04-06T17:26:42","guid":{"rendered":"https:\/\/nagie.azdigi.shop\/?post_type=product&#038;p=754"},"modified":"2026-04-12T10:11:26","modified_gmt":"2026-04-12T10:11:26","slug":"754","status":"publish","type":"product","link":"https:\/\/nagie.azdigi.shop\/index.php\/san-pham\/754\/","title":{"rendered":"Qu\u1ea7n \u1ed0ng R\u1ed9ng Khaki Ch\u1eef In \u2013 Thi\u1ebft K\u1ebf Qu\u1ea7n \u1ed0ng R\u1ed9ng Ph\u00f3ng Kho\u00e1ng &#038; C\u00e1 T\u00ednh"},"content":{"rendered":"<h3 data-section-id=\"1hboht6\" data-start=\"148\" data-end=\"214\"><strong><span style=\"font-size: 100%; color: #000000;\" role=\"text\">Qu\u1ea7n \u1ed0ng R\u1ed9ng Kaki Ch\u1eef In \u2013 Phong C\u00e1ch Streetwear C\u00e1 T\u00ednh<\/span><\/strong><\/h3>\n<h4 data-start=\"216\" data-end=\"277\"><strong><span style=\"font-size: 100%; color: #000000;\" role=\"text\">1. Thi\u1ebft k\u1ebf n\u1ed5i b\u1eadt c\u1ee7a qu\u1ea7n \u1ed1ng r\u1ed9ng kaki ch\u1eef in<\/span><\/strong><\/h4>\n<h4 data-start=\"278\" data-end=\"405\"><span style=\"font-size: 100%; color: #000000;\">Qu\u1ea7n \u1ed1ng r\u1ed9ng kaki ch\u1eef in t\u1ea1i Nagie Shop l\u00e0 item kh\u00f4ng th\u1ec3 thi\u1ebfu cho nh\u1eefng c\u00f4 n\u00e0ng theo \u0111u\u1ed5i phong c\u00e1ch streetwear v\u00e0 Y2K.<\/span><\/h4>\n<h4 data-start=\"407\" data-end=\"539\"><span style=\"font-size: 100%; color: #000000;\">Phom d\u00e1ng su\u00f4ng r\u1ed9ng gi\u00fap qu\u1ea7n \u1ed1ng r\u1ed9ng kaki ch\u1eef in mang l\u1ea1i s\u1ef1 tho\u1ea3i m\u00e1i khi m\u1eb7c, \u0111\u1ed3ng th\u1eddi che khuy\u1ebft \u0111i\u1ec3m \u0111\u00f4i ch\u00e2n hi\u1ec7u qu\u1ea3.<\/span><\/h4>\n<h4 data-start=\"541\" data-end=\"667\"><span style=\"font-size: 100%; color: #000000;\">H\u1ecda ti\u1ebft ch\u1eef in graphic ch\u1ea1y d\u1ecdc th\u00e2n gi\u00fap qu\u1ea7n \u1ed1ng r\u1ed9ng kaki ch\u1eef in tr\u1edf n\u00ean n\u1ed5i b\u1eadt, t\u1ea1o \u0111i\u1ec3m nh\u1ea5n c\u00e1 t\u00ednh v\u00e0 kh\u00e1c bi\u1ec7t.<\/span><\/h4>\n<h4 data-start=\"669\" data-end=\"777\"><span style=\"font-size: 100%; color: #000000;\">T\u00f4ng m\u00e0u n\u00e2u khaki gi\u00fap qu\u1ea7n \u1ed1ng r\u1ed9ng kaki ch\u1eef in d\u1ec5 ph\u1ed1i \u0111\u1ed3 v\u00e0 ph\u00f9 h\u1ee3p v\u1edbi nhi\u1ec1u phong c\u00e1ch kh\u00e1c nhau.<\/span><\/h4>\n<h4 data-start=\"779\" data-end=\"878\"><span style=\"font-size: 100%; color: #000000;\">Thi\u1ebft k\u1ebf l\u01b0ng cao gi\u00fap qu\u1ea7n \u1ed1ng r\u1ed9ng kaki ch\u1eef in t\u00f4n v\u00f2ng eo v\u00e0 t\u1ea1o hi\u1ec7u \u1ee9ng \u0111\u00f4i ch\u00e2n d\u00e0i h\u01a1n.<\/span><\/h4>\n<hr data-start=\"880\" data-end=\"883\" \/>\n<h4 data-start=\"885\" data-end=\"943\"><strong><span style=\"font-size: 100%; color: #000000;\" role=\"text\">2. Ch\u1ea5t li\u1ec7u qu\u1ea7n \u1ed1ng r\u1ed9ng kaki ch\u1eef in cao c\u1ea5p<\/span><\/strong><\/h4>\n<h4 data-start=\"944\" data-end=\"1043\"><span style=\"font-size: 100%; color: #000000;\">Qu\u1ea7n \u1ed1ng r\u1ed9ng kaki ch\u1eef in s\u1eed d\u1ee5ng ch\u1ea5t li\u1ec7u khaki ho\u1eb7c denim d\u00e0y d\u1eb7n, gi\u00fap gi\u1eef form su\u00f4ng \u0111\u1eb9p.<\/span><\/h4>\n<h4 data-start=\"1045\" data-end=\"1161\"><span style=\"font-size: 100%; color: #000000;\">C\u00f4ng ngh\u1ec7 in hi\u1ec7n \u0111\u1ea1i gi\u00fap qu\u1ea7n \u1ed1ng r\u1ed9ng kaki ch\u1eef in gi\u1eef \u0111\u01b0\u1ee3c \u0111\u1ed9 s\u1eafc n\u00e9t v\u00e0 kh\u00f4ng bong tr\u00f3c sau nhi\u1ec1u l\u1ea7n gi\u1eb7t.<\/span><\/h4>\n<h4 data-start=\"1163\" data-end=\"1257\"><span style=\"font-size: 100%; color: #000000;\">Ch\u1ea5t v\u1ea3i b\u1ec1n b\u1ec9 gi\u00fap qu\u1ea7n \u1ed1ng r\u1ed9ng kaki ch\u1eef in s\u1eed d\u1ee5ng l\u00e2u d\u00e0i m\u00e0 v\u1eabn gi\u1eef \u0111\u01b0\u1ee3c form d\u00e1ng.<\/span><\/h4>\n<hr data-start=\"1259\" data-end=\"1262\" \/>\n<h4 data-start=\"1264\" data-end=\"1316\"><strong><span style=\"font-size: 100%; color: #000000;\" role=\"text\">3. \u01afu \u0111i\u1ec3m c\u1ee7a qu\u1ea7n \u1ed1ng r\u1ed9ng kaki ch\u1eef in<\/span><\/strong><\/h4>\n<ul data-start=\"1317\" data-end=\"1537\">\n<li data-section-id=\"wb6r6h\" data-start=\"1317\" data-end=\"1374\">\n<h4><span style=\"font-size: 100%; color: #000000;\">Qu\u1ea7n \u1ed1ng r\u1ed9ng kaki ch\u1eef in tho\u1ea3i m\u00e1i, d\u1ec5 v\u1eadn \u0111\u1ed9ng<\/span><\/h4>\n<\/li>\n<li data-section-id=\"13aan01\" data-start=\"1375\" data-end=\"1429\">\n<h4><span style=\"font-size: 100%; color: #000000;\">Qu\u1ea7n \u1ed1ng r\u1ed9ng kaki ch\u1eef in che khuy\u1ebft \u0111i\u1ec3m t\u1ed1t<\/span><\/h4>\n<\/li>\n<li data-section-id=\"1w7zuys\" data-start=\"1430\" data-end=\"1481\">\n<h4><span style=\"font-size: 100%; color: #000000;\">Qu\u1ea7n \u1ed1ng r\u1ed9ng kaki ch\u1eef in n\u1ed5i b\u1eadt, c\u00e1 t\u00ednh<\/span><\/h4>\n<\/li>\n<li data-section-id=\"3xmjsj\" data-start=\"1482\" data-end=\"1537\">\n<h4><span style=\"font-size: 100%; color: #000000;\">Qu\u1ea7n \u1ed1ng r\u1ed9ng kaki ch\u1eef in d\u1ec5 ph\u1ed1i nhi\u1ec1u outfit<\/span><\/h4>\n<\/li>\n<\/ul>\n<hr data-start=\"1539\" data-end=\"1542\" \/>\n<h4 data-start=\"1544\" data-end=\"1602\"><strong><span style=\"font-size: 100%; color: #000000;\" role=\"text\">4. G\u1ee3i \u00fd ph\u1ed1i \u0111\u1ed3 v\u1edbi qu\u1ea7n \u1ed1ng r\u1ed9ng kaki ch\u1eef in<\/span><\/strong><\/h4>\n<ul data-start=\"1603\" data-end=\"1780\">\n<li data-section-id=\"1r1curw\" data-start=\"1603\" data-end=\"1668\">\n<h4><span style=\"font-size: 100%; color: #000000;\">Streetwear: ph\u1ed1i qu\u1ea7n \u1ed1ng r\u1ed9ng kaki ch\u1eef in v\u1edbi \u00e1o hoodie<\/span><\/h4>\n<\/li>\n<li data-section-id=\"8l54bt\" data-start=\"1669\" data-end=\"1735\">\n<h4><span style=\"font-size: 100%; color: #000000;\">N\u0103ng \u0111\u1ed9ng: mix qu\u1ea7n \u1ed1ng r\u1ed9ng kaki ch\u1eef in c\u00f9ng \u00e1o oversize<\/span><\/h4>\n<\/li>\n<li data-section-id=\"1nhse8m\" data-start=\"1736\" data-end=\"1780\">\n<h4><span style=\"font-size: 100%; color: #000000;\">C\u00e1 t\u00ednh: k\u1ebft h\u1ee3p sneaker v\u00e0 t\u00fai \u0111eo ch\u00e9o<\/span><\/h4>\n<\/li>\n<\/ul>\n<hr data-start=\"1782\" data-end=\"1785\" \/>\n<h4 data-start=\"1787\" data-end=\"1842\"><strong><span style=\"font-size: 100%; color: #000000;\" role=\"text\">5. Th\u00f4ng tin size qu\u1ea7n \u1ed1ng r\u1ed9ng kaki ch\u1eef in<\/span><\/strong><\/h4>\n<ul data-start=\"1843\" data-end=\"1908\">\n<li data-section-id=\"zxqwws\" data-start=\"1843\" data-end=\"1864\">\n<h4><span style=\"font-size: 100%; color: #000000;\">Size S: 40 \u2013 47kg<\/span><\/h4>\n<\/li>\n<li data-section-id=\"4pe8mn\" data-start=\"1865\" data-end=\"1886\">\n<h4><span style=\"font-size: 100%; color: #000000;\">Size M: 48 \u2013 53kg<\/span><\/h4>\n<\/li>\n<li data-section-id=\"1lyoztv\" data-start=\"1887\" data-end=\"1908\">\n<h4><span style=\"font-size: 100%; color: #000000;\">Size L: 54 \u2013 60kg<\/span><\/h4>\n<\/li>\n<\/ul>\n","protected":false},"excerpt":{"rendered":"<h4><span style=\"color: #333333;\">Chi\u1ebfc qu\u1ea7n khaki v\u1edbi form d\u00e1ng \u1ed1ng r\u1ed9ng th\u1eddi th\u01b0\u1ee3ng, \u0111i\u1ec3m xuy\u1ebft b\u1eb1ng c\u00e1c chi ti\u1ebft ch\u1eef in \u0111\u1ed9c \u0111\u00e1o. Ch\u1ea5t li\u1ec7u v\u1ea3i b\u1ec1n b\u1ec9, gi\u1eef form t\u1ed1t nh\u01b0ng v\u1eabn \u0111\u1ea3m b\u1ea3o s\u1ef1 tho\u1ea3i m\u00e1i cho ng\u01b0\u1eddi m\u1eb7c trong m\u1ecdi chuy\u1ec3n \u0111\u1ed9ng.<\/span><\/h4>\n","protected":false},"featured_media":132,"comment_status":"open","ping_status":"closed","template":"","meta":[],"product_brand":[27],"product_cat":[36],"product_tag":[],"class_list":{"0":"post-754","1":"product","2":"type-product","3":"status-publish","4":"has-post-thumbnail","6":"product_brand-nagie","7":"product_cat-quan","9":"first","10":"instock","11":"shipping-taxable","12":"purchasable","13":"product-type-variable"},"yoast_head":"<!-- This site is optimized with the Yoast SEO plugin v27.1.1 - https:\/\/yoast.com\/product\/yoast-seo-wordpress\/ -->\n<title>Qu\u1ea7n \u1ed0ng R\u1ed9ng Khaki Ch\u1eef In \u2013 Thi\u1ebft K\u1ebf Qu\u1ea7n \u1ed0ng R\u1ed9ng Ph\u00f3ng Kho\u00e1ng &amp; C\u00e1 T\u00ednh - NGANA<\/title>\n<meta name=\"description\" content=\"Qu\u1ea7n \u1ed1ng r\u1ed9ng khaki ch\u1eef in phong c\u00e1ch streetwear c\u00e1 t\u00ednh, thi\u1ebft k\u1ebf l\u01b0ng cao t\u00f4n d\u00e1ng, ch\u1ea5t li\u1ec7u b\u1ec1n \u0111\u1eb9p, d\u1ec5 ph\u1ed1i \u0111\u1ed3 \u0111i h\u1ecdc, d\u1ea1o ph\u1ed1 v\u00e0 ch\u1ee5p \u1ea3nh.\" \/>\n<meta name=\"robots\" content=\"noindex, follow, max-snippet:-1, max-image-preview:large, max-video-preview:-1\" \/>\n<meta property=\"og:locale\" content=\"vi_VN\" \/>\n<meta property=\"og:type\" content=\"article\" \/>\n<meta property=\"og:title\" content=\"Qu\u1ea7n \u1ed0ng R\u1ed9ng Khaki Ch\u1eef In \u2013 Thi\u1ebft K\u1ebf Qu\u1ea7n \u1ed0ng R\u1ed9ng Ph\u00f3ng Kho\u00e1ng &amp; C\u00e1 T\u00ednh - NGANA\" \/>\n<meta property=\"og:description\" content=\"Qu\u1ea7n \u1ed1ng r\u1ed9ng khaki ch\u1eef in phong c\u00e1ch streetwear c\u00e1 t\u00ednh, thi\u1ebft k\u1ebf l\u01b0ng cao t\u00f4n d\u00e1ng, ch\u1ea5t li\u1ec7u b\u1ec1n \u0111\u1eb9p, d\u1ec5 ph\u1ed1i \u0111\u1ed3 \u0111i h\u1ecdc, d\u1ea1o ph\u1ed1 v\u00e0 ch\u1ee5p \u1ea3nh.\" \/>\n<meta property=\"og:url\" content=\"https:\/\/nagie.azdigi.shop\/index.php\/san-pham\/754\/\" \/>\n<meta property=\"og:site_name\" content=\"NGANA\" \/>\n<meta property=\"article:modified_time\" content=\"2026-04-12T10:11:26+00:00\" \/>\n<meta property=\"og:image\" content=\"https:\/\/nagie.azdigi.shop\/wp-content\/uploads\/2026\/02\/quandai14.jpg\" \/>\n\t<meta property=\"og:image:width\" content=\"736\" \/>\n\t<meta property=\"og:image:height\" content=\"982\" \/>\n\t<meta property=\"og:image:type\" content=\"image\/jpeg\" \/>\n<meta name=\"twitter:card\" content=\"summary_large_image\" \/>\n<meta name=\"twitter:label1\" content=\"\u01af\u1edbc t\u00ednh th\u1eddi gian \u0111\u1ecdc\" \/>\n\t<meta name=\"twitter:data1\" content=\"3 ph\u00fat\" \/>\n<script type=\"application\/ld+json\" class=\"yoast-schema-graph\">{\"@context\":\"https:\/\/schema.org\",\"@graph\":[{\"@type\":\"WebPage\",\"@id\":\"https:\/\/nagie.azdigi.shop\/index.php\/san-pham\/754\/\",\"url\":\"https:\/\/nagie.azdigi.shop\/index.php\/san-pham\/754\/\",\"name\":\"Qu\u1ea7n \u1ed0ng R\u1ed9ng Khaki Ch\u1eef In \u2013 Thi\u1ebft K\u1ebf Qu\u1ea7n \u1ed0ng R\u1ed9ng Ph\u00f3ng Kho\u00e1ng & C\u00e1 T\u00ednh - NGANA\",\"isPartOf\":{\"@id\":\"https:\/\/nagie.azdigi.shop\/#website\"},\"primaryImageOfPage\":{\"@id\":\"https:\/\/nagie.azdigi.shop\/index.php\/san-pham\/754\/#primaryimage\"},\"image\":{\"@id\":\"https:\/\/nagie.azdigi.shop\/index.php\/san-pham\/754\/#primaryimage\"},\"thumbnailUrl\":\"https:\/\/nagie.azdigi.shop\/wp-content\/uploads\/2026\/02\/quandai14.jpg\",\"datePublished\":\"2026-04-06T17:26:42+00:00\",\"dateModified\":\"2026-04-12T10:11:26+00:00\",\"description\":\"Qu\u1ea7n \u1ed1ng r\u1ed9ng khaki ch\u1eef in phong c\u00e1ch streetwear c\u00e1 t\u00ednh, thi\u1ebft k\u1ebf l\u01b0ng cao t\u00f4n d\u00e1ng, ch\u1ea5t li\u1ec7u b\u1ec1n \u0111\u1eb9p, d\u1ec5 ph\u1ed1i \u0111\u1ed3 \u0111i h\u1ecdc, d\u1ea1o ph\u1ed1 v\u00e0 ch\u1ee5p \u1ea3nh.\",\"breadcrumb\":{\"@id\":\"https:\/\/nagie.azdigi.shop\/index.php\/san-pham\/754\/#breadcrumb\"},\"inLanguage\":\"vi\",\"potentialAction\":[{\"@type\":\"ReadAction\",\"target\":[\"https:\/\/nagie.azdigi.shop\/index.php\/san-pham\/754\/\"]}]},{\"@type\":\"ImageObject\",\"inLanguage\":\"vi\",\"@id\":\"https:\/\/nagie.azdigi.shop\/index.php\/san-pham\/754\/#primaryimage\",\"url\":\"https:\/\/nagie.azdigi.shop\/wp-content\/uploads\/2026\/02\/quandai14.jpg\",\"contentUrl\":\"https:\/\/nagie.azdigi.shop\/wp-content\/uploads\/2026\/02\/quandai14.jpg\",\"width\":736,\"height\":982},{\"@type\":\"BreadcrumbList\",\"@id\":\"https:\/\/nagie.azdigi.shop\/index.php\/san-pham\/754\/#breadcrumb\",\"itemListElement\":[{\"@type\":\"ListItem\",\"position\":1,\"name\":\"Trang ch\u1ee7\",\"item\":\"https:\/\/nagie.azdigi.shop\/\"},{\"@type\":\"ListItem\",\"position\":2,\"name\":\"C\u1eeda h\u00e0ng\",\"item\":\"https:\/\/nagie.azdigi.shop\/index.php\/cua-hang\/\"},{\"@type\":\"ListItem\",\"position\":3,\"name\":\"Qu\u1ea7n \u1ed0ng R\u1ed9ng Khaki Ch\u1eef In \u2013 Thi\u1ebft K\u1ebf Qu\u1ea7n \u1ed0ng R\u1ed9ng Ph\u00f3ng Kho\u00e1ng &#038; C\u00e1 T\u00ednh\"}]},{\"@type\":\"WebSite\",\"@id\":\"https:\/\/nagie.azdigi.shop\/#website\",\"url\":\"https:\/\/nagie.azdigi.shop\/\",\"name\":\"NGANA\",\"description\":\"\",\"potentialAction\":[{\"@type\":\"SearchAction\",\"target\":{\"@type\":\"EntryPoint\",\"urlTemplate\":\"https:\/\/nagie.azdigi.shop\/?s={search_term_string}\"},\"query-input\":{\"@type\":\"PropertyValueSpecification\",\"valueRequired\":true,\"valueName\":\"search_term_string\"}}],\"inLanguage\":\"vi\"}]}<\/script>\n<!-- \/ Yoast SEO plugin. -->","yoast_head_json":{"title":"Qu\u1ea7n \u1ed0ng R\u1ed9ng Khaki Ch\u1eef In \u2013 Thi\u1ebft K\u1ebf Qu\u1ea7n \u1ed0ng R\u1ed9ng Ph\u00f3ng Kho\u00e1ng & C\u00e1 T\u00ednh - NGANA","description":"Qu\u1ea7n \u1ed1ng r\u1ed9ng khaki ch\u1eef in phong c\u00e1ch streetwear c\u00e1 t\u00ednh, thi\u1ebft k\u1ebf l\u01b0ng cao t\u00f4n d\u00e1ng, ch\u1ea5t li\u1ec7u b\u1ec1n \u0111\u1eb9p, d\u1ec5 ph\u1ed1i \u0111\u1ed3 \u0111i h\u1ecdc, d\u1ea1o ph\u1ed1 v\u00e0 ch\u1ee5p \u1ea3nh.","robots":{"index":"noindex","follow":"follow","max-snippet":"max-snippet:-1","max-image-preview":"max-image-preview:large","max-video-preview":"max-video-preview:-1"},"og_locale":"vi_VN","og_type":"article","og_title":"Qu\u1ea7n \u1ed0ng R\u1ed9ng Khaki Ch\u1eef In \u2013 Thi\u1ebft K\u1ebf Qu\u1ea7n \u1ed0ng R\u1ed9ng Ph\u00f3ng Kho\u00e1ng & C\u00e1 T\u00ednh - NGANA","og_description":"Qu\u1ea7n \u1ed1ng r\u1ed9ng khaki ch\u1eef in phong c\u00e1ch streetwear c\u00e1 t\u00ednh, thi\u1ebft k\u1ebf l\u01b0ng cao t\u00f4n d\u00e1ng, ch\u1ea5t li\u1ec7u b\u1ec1n \u0111\u1eb9p, d\u1ec5 ph\u1ed1i \u0111\u1ed3 \u0111i h\u1ecdc, d\u1ea1o ph\u1ed1 v\u00e0 ch\u1ee5p \u1ea3nh.","og_url":"https:\/\/nagie.azdigi.shop\/index.php\/san-pham\/754\/","og_site_name":"NGANA","article_modified_time":"2026-04-12T10:11:26+00:00","og_image":[{"width":736,"height":982,"url":"https:\/\/nagie.azdigi.shop\/wp-content\/uploads\/2026\/02\/quandai14.jpg","type":"image\/jpeg"}],"twitter_card":"summary_large_image","twitter_misc":{"\u01af\u1edbc t\u00ednh th\u1eddi gian \u0111\u1ecdc":"3 ph\u00fat"},"schema":{"@context":"https:\/\/schema.org","@graph":[{"@type":"WebPage","@id":"https:\/\/nagie.azdigi.shop\/index.php\/san-pham\/754\/","url":"https:\/\/nagie.azdigi.shop\/index.php\/san-pham\/754\/","name":"Qu\u1ea7n \u1ed0ng R\u1ed9ng Khaki Ch\u1eef In \u2013 Thi\u1ebft K\u1ebf Qu\u1ea7n \u1ed0ng R\u1ed9ng Ph\u00f3ng Kho\u00e1ng & C\u00e1 T\u00ednh - NGANA","isPartOf":{"@id":"https:\/\/nagie.azdigi.shop\/#website"},"primaryImageOfPage":{"@id":"https:\/\/nagie.azdigi.shop\/index.php\/san-pham\/754\/#primaryimage"},"image":{"@id":"https:\/\/nagie.azdigi.shop\/index.php\/san-pham\/754\/#primaryimage"},"thumbnailUrl":"https:\/\/nagie.azdigi.shop\/wp-content\/uploads\/2026\/02\/quandai14.jpg","datePublished":"2026-04-06T17:26:42+00:00","dateModified":"2026-04-12T10:11:26+00:00","description":"Qu\u1ea7n \u1ed1ng r\u1ed9ng khaki ch\u1eef in phong c\u00e1ch streetwear c\u00e1 t\u00ednh, thi\u1ebft k\u1ebf l\u01b0ng cao t\u00f4n d\u00e1ng, ch\u1ea5t li\u1ec7u b\u1ec1n \u0111\u1eb9p, d\u1ec5 ph\u1ed1i \u0111\u1ed3 \u0111i h\u1ecdc, d\u1ea1o ph\u1ed1 v\u00e0 ch\u1ee5p \u1ea3nh.","breadcrumb":{"@id":"https:\/\/nagie.azdigi.shop\/index.php\/san-pham\/754\/#breadcrumb"},"inLanguage":"vi","potentialAction":[{"@type":"ReadAction","target":["https:\/\/nagie.azdigi.shop\/index.php\/san-pham\/754\/"]}]},{"@type":"ImageObject","inLanguage":"vi","@id":"https:\/\/nagie.azdigi.shop\/index.php\/san-pham\/754\/#primaryimage","url":"https:\/\/nagie.azdigi.shop\/wp-content\/uploads\/2026\/02\/quandai14.jpg","contentUrl":"https:\/\/nagie.azdigi.shop\/wp-content\/uploads\/2026\/02\/quandai14.jpg","width":736,"height":982},{"@type":"BreadcrumbList","@id":"https:\/\/nagie.azdigi.shop\/index.php\/san-pham\/754\/#breadcrumb","itemListElement":[{"@type":"ListItem","position":1,"name":"Trang ch\u1ee7","item":"https:\/\/nagie.azdigi.shop\/"},{"@type":"ListItem","position":2,"name":"C\u1eeda h\u00e0ng","item":"https:\/\/nagie.azdigi.shop\/index.php\/cua-hang\/"},{"@type":"ListItem","position":3,"name":"Qu\u1ea7n \u1ed0ng R\u1ed9ng Khaki Ch\u1eef In \u2013 Thi\u1ebft K\u1ebf Qu\u1ea7n \u1ed0ng R\u1ed9ng Ph\u00f3ng Kho\u00e1ng &#038; C\u00e1 T\u00ednh"}]},{"@type":"WebSite","@id":"https:\/\/nagie.azdigi.shop\/#website","url":"https:\/\/nagie.azdigi.shop\/","name":"NGANA","description":"","potentialAction":[{"@type":"SearchAction","target":{"@type":"EntryPoint","urlTemplate":"https:\/\/nagie.azdigi.shop\/?s={search_term_string}"},"query-input":{"@type":"PropertyValueSpecification","valueRequired":true,"valueName":"search_term_string"}}],"inLanguage":"vi"}]}},"_links":{"self":[{"href":"https:\/\/nagie.azdigi.shop\/index.php\/wp-json\/wp\/v2\/product\/754","targetHints":{"allow":["GET"]}}],"collection":[{"href":"https:\/\/nagie.azdigi.shop\/index.php\/wp-json\/wp\/v2\/product"}],"about":[{"href":"https:\/\/nagie.azdigi.shop\/index.php\/wp-json\/wp\/v2\/types\/product"}],"replies":[{"embeddable":true,"href":"https:\/\/nagie.azdigi.shop\/index.php\/wp-json\/wp\/v2\/comments?post=754"}],"wp:featuredmedia":[{"embeddable":true,"href":"https:\/\/nagie.azdigi.shop\/index.php\/wp-json\/wp\/v2\/media\/132"}],"wp:attachment":[{"href":"https:\/\/nagie.azdigi.shop\/index.php\/wp-json\/wp\/v2\/media?parent=754"}],"wp:term":[{"taxonomy":"product_brand","embeddable":true,"href":"https:\/\/nagie.azdigi.shop\/index.php\/wp-json\/wp\/v2\/product_brand?post=754"},{"taxonomy":"product_cat","embeddable":true,"href":"https:\/\/nagie.azdigi.shop\/index.php\/wp-json\/wp\/v2\/product_cat?post=754"},{"taxonomy":"product_tag","embeddable":true,"href":"https:\/\/nagie.azdigi.shop\/index.php\/wp-json\/wp\/v2\/product_tag?post=754"}],"curies":[{"name":"wp","href":"https:\/\/api.w.org\/{rel}","templated":true}]}}