{"id":784,"date":"2026-04-07T14:33:43","date_gmt":"2026-04-07T14:33:43","guid":{"rendered":"https:\/\/nagie.azdigi.shop\/?post_type=product&#038;p=784"},"modified":"2026-04-12T10:01:51","modified_gmt":"2026-04-12T10:01:51","slug":"ao-yem-ke-caro-phoi-day-hien-dai-quyen-ru","status":"publish","type":"product","link":"https:\/\/nagie.azdigi.shop\/index.php\/san-pham\/ao-yem-ke-caro-phoi-day-hien-dai-quyen-ru\/","title":{"rendered":"\u00c1o Y\u1ebfm K\u1ebb Caro Ph\u1ed1i D\u00e2y \u2013 Hi\u1ec7n \u0110\u1ea1i &#038; Quy\u1ebfn R\u0169"},"content":{"rendered":"<h3><strong><span style=\"font-size: 100%; color: #000000;\" role=\"text\">\u00c1o Y\u1ebfm K\u1ebb Caro Ph\u1ed1i D\u00e2y \u2013 Hi\u1ec7n \u0110\u1ea1i &amp; Quy\u1ebfn R\u0169<\/span><\/strong><\/h3>\n<h4 data-start=\"196\" data-end=\"254\"><strong><span style=\"font-size: 100%; color: #000000;\" role=\"text\">1. Thi\u1ebft k\u1ebf n\u1ed5i b\u1eadt c\u1ee7a \u00e1o y\u1ebfm k\u1ebb caro ph\u1ed1i d\u00e2y<\/span><\/strong><\/h4>\n<h4 data-start=\"255\" data-end=\"367\"><span style=\"font-size: 100%; color: #000000;\">\u00c1o y\u1ebfm k\u1ebb caro ph\u1ed1i d\u00e2y mang \u0111\u1ebfn phong c\u00e1ch c\u00e1 t\u00ednh pha ch\u00fat quy\u1ebfn r\u0169, ph\u00f9 h\u1ee3p cho n\u00e0ng theo \u0111u\u1ed5i style Y2K.<\/span><\/h4>\n<h4 data-start=\"369\" data-end=\"461\"><span style=\"font-size: 100%; color: #000000;\">Thi\u1ebft k\u1ebf c\u1ed5 y\u1ebfm ph\u1ed1i d\u00e2y gi\u00fap \u00e1o y\u1ebfm k\u1ebb caro ph\u1ed1i d\u00e2y t\u00f4n l\u00ean ph\u1ea7n vai v\u00e0 c\u1ed5 thanh m\u1ea3nh.<\/span><\/h4>\n<h4 data-start=\"463\" data-end=\"544\"><span style=\"font-size: 100%; color: #000000;\">H\u1ecda ti\u1ebft caro gi\u00fap \u00e1o y\u1ebfm k\u1ebb caro ph\u1ed1i d\u00e2y tr\u1edf n\u00ean th\u1eddi th\u01b0\u1ee3ng v\u00e0 d\u1ec5 ph\u1ed1i \u0111\u1ed3.<\/span><\/h4>\n<h4 data-start=\"546\" data-end=\"639\"><span style=\"font-size: 100%; color: #000000;\">Chi ti\u1ebft nh\u00fan ng\u1ef1c gi\u00fap \u00e1o y\u1ebfm k\u1ebb caro ph\u1ed1i d\u00e2y t\u0103ng n\u00e9t n\u1eef t\u00ednh v\u00e0 t\u1ea1o hi\u1ec7u \u1ee9ng \u0111\u1ea7y \u0111\u1eb7n.<\/span><\/h4>\n<h4 data-start=\"641\" data-end=\"730\"><span style=\"font-size: 100%; color: #000000;\">Phom x\u00f2e nh\u1eb9 gi\u00fap \u00e1o y\u1ebfm k\u1ebb caro ph\u1ed1i d\u00e2y che khuy\u1ebft \u0111i\u1ec3m v\u00f2ng 2 v\u00e0 t\u1ea1o s\u1ef1 tho\u1ea3i m\u00e1i.<\/span><\/h4>\n<hr data-start=\"732\" data-end=\"735\" \/>\n<h4 data-start=\"737\" data-end=\"792\"><strong><span style=\"font-size: 100%; color: #000000;\" role=\"text\">2. Ch\u1ea5t li\u1ec7u \u00e1o y\u1ebfm k\u1ebb caro ph\u1ed1i d\u00e2y cao c\u1ea5p<\/span><\/strong><\/h4>\n<h4 data-start=\"793\" data-end=\"859\"><span style=\"font-size: 100%; color: #000000;\">\u00c1o y\u1ebfm k\u1ebb caro ph\u1ed1i d\u00e2y s\u1eed d\u1ee5ng v\u1ea3i th\u00f4 ho\u1eb7c cotton \u0111\u1ee9ng phom.<\/span><\/h4>\n<h4 data-start=\"861\" data-end=\"940\"><span style=\"font-size: 100%; color: #000000;\">Ch\u1ea5t v\u1ea3i gi\u00fap \u00e1o y\u1ebfm k\u1ebb caro ph\u1ed1i d\u00e2y b\u1ec1n \u0111\u1eb9p v\u00e0 gi\u1eef d\u00e1ng t\u1ed1t sau khi gi\u1eb7t.<\/span><\/h4>\n<h4 data-start=\"942\" data-end=\"1019\"><span style=\"font-size: 100%; color: #000000;\">\u0110\u01b0\u1eddng may ch\u1eafc ch\u1eafn gi\u00fap \u00e1o y\u1ebfm k\u1ebb caro ph\u1ed1i d\u00e2y t\u0103ng \u0111\u1ed9 b\u1ec1n khi s\u1eed d\u1ee5ng.<\/span><\/h4>\n<hr data-start=\"1021\" data-end=\"1024\" \/>\n<h4 data-start=\"1026\" data-end=\"1075\"><strong><span style=\"font-size: 100%; color: #000000;\" role=\"text\">3. \u01afu \u0111i\u1ec3m c\u1ee7a \u00e1o y\u1ebfm k\u1ebb caro ph\u1ed1i d\u00e2y<\/span><\/strong><\/h4>\n<ul data-start=\"1076\" data-end=\"1289\">\n<li data-section-id=\"8p1gsq\" data-start=\"1076\" data-end=\"1126\">\n<h4><span style=\"font-size: 100%; color: #000000;\">\u00e1o y\u1ebfm k\u1ebb caro ph\u1ed1i d\u00e2y tho\u00e1ng m\u00e1t, d\u1ec5 m\u1eb7c<\/span><\/h4>\n<\/li>\n<li data-section-id=\"wtvwoy\" data-start=\"1127\" data-end=\"1179\">\n<h4><span style=\"font-size: 100%; color: #000000;\">\u00e1o y\u1ebfm k\u1ebb caro ph\u1ed1i d\u00e2y c\u00e1 t\u00ednh, th\u1eddi th\u01b0\u1ee3ng<\/span><\/h4>\n<\/li>\n<li data-section-id=\"1h5vymq\" data-start=\"1180\" data-end=\"1232\">\n<h4><span style=\"font-size: 100%; color: #000000;\">\u00e1o y\u1ebfm k\u1ebb caro ph\u1ed1i d\u00e2y d\u1ec5 ph\u1ed1i nhi\u1ec1u outfit<\/span><\/h4>\n<\/li>\n<li data-section-id=\"1vjg36b\" data-start=\"1233\" data-end=\"1289\">\n<h4><span style=\"font-size: 100%; color: #000000;\">\u00e1o y\u1ebfm k\u1ebb caro ph\u1ed1i d\u00e2y ph\u00f9 h\u1ee3p \u0111i ch\u01a1i, d\u1ea1o ph\u1ed1<\/span><\/h4>\n<\/li>\n<\/ul>\n<hr data-start=\"1291\" data-end=\"1294\" \/>\n<h4 data-start=\"1296\" data-end=\"1351\"><strong><span style=\"font-size: 100%; color: #000000;\" role=\"text\">4. G\u1ee3i \u00fd ph\u1ed1i \u0111\u1ed3 v\u1edbi \u00e1o y\u1ebfm k\u1ebb caro ph\u1ed1i d\u00e2y<\/span><\/strong><\/h4>\n<ul data-start=\"1352\" data-end=\"1513\">\n<li data-section-id=\"1oap5gy\" data-start=\"1352\" data-end=\"1410\">\n<h4><span style=\"font-size: 100%; color: #000000;\">Mix \u00e1o y\u1ebfm k\u1ebb caro ph\u1ed1i d\u00e2y v\u1edbi qu\u1ea7n jean \u1ed1ng r\u1ed9ng<\/span><\/h4>\n<\/li>\n<li data-section-id=\"1qhwq9b\" data-start=\"1411\" data-end=\"1466\">\n<h4><span style=\"font-size: 100%; color: #000000;\">Ph\u1ed1i \u00e1o y\u1ebfm k\u1ebb caro ph\u1ed1i d\u00e2y c\u00f9ng ch\u00e2n v\u00e1y ng\u1eafn<\/span><\/h4>\n<\/li>\n<li data-section-id=\"o5my41\" data-start=\"1467\" data-end=\"1513\">\n<h4><span style=\"font-size: 100%; color: #000000;\">K\u1ebft h\u1ee3p sneaker ho\u1eb7c boots \u0111\u1ec3 t\u0103ng c\u00e1 t\u00ednh<\/span><\/h4>\n<\/li>\n<\/ul>\n<hr data-start=\"1515\" data-end=\"1518\" \/>\n<h4 data-start=\"1520\" data-end=\"1562\"><strong><span style=\"font-size: 100%; color: #000000;\" role=\"text\">5. Size \u00e1o y\u1ebfm k\u1ebb caro ph\u1ed1i d\u00e2y<\/span><\/strong><\/h4>\n<ul data-start=\"1563\" data-end=\"1628\">\n<li data-section-id=\"zxqwws\" data-start=\"1563\" data-end=\"1584\">\n<h4><span style=\"font-size: 100%; color: #000000;\">Size S: 40 \u2013 47kg<\/span><\/h4>\n<\/li>\n<li data-section-id=\"4pe8mn\" data-start=\"1585\" data-end=\"1606\">\n<h4><span style=\"font-size: 100%; color: #000000;\">Size M: 48 \u2013 53kg<\/span><\/h4>\n<\/li>\n<li data-section-id=\"1lyoztv\" data-start=\"1607\" data-end=\"1628\">\n<h4><span style=\"font-size: 100%; color: #000000;\">Size L: 54 \u2013 60kg<\/span><\/h4>\n<\/li>\n<\/ul>\n","protected":false},"excerpt":{"rendered":"<h4><span style=\"color: #333333;\">S\u1ef1 k\u1ebft h\u1ee3p \u0111\u1ea7y t\u00e1o b\u1ea1o gi\u1eefa h\u1ecda ti\u1ebft k\u1ebb caro c\u1ed5 \u0111i\u1ec3n v\u00e0 thi\u1ebft k\u1ebf ph\u1ed1i d\u00e2y \u0111an l\u01b0ng \u0111\u1ea7y thu h\u00fat. M\u1eabu \u00e1o n\u00e0y kh\u00e9o l\u00e9o khoe tr\u1ecdn b\u1edd vai tr\u1ea7n v\u00e0 t\u1ea5m l\u01b0ng thon, mang l\u1ea1i di\u1ec7n m\u1ea1o v\u1eeba tr\u1ebb trung v\u1eeba g\u1ee3i c\u1ea3m cho nh\u1eefng bu\u1ed5i ti\u1ec7c t\u1ed1i hay d\u1ea1o ph\u1ed1 cu\u1ed1i tu\u1ea7n.<\/span><\/h4>\n","protected":false},"featured_media":151,"comment_status":"open","ping_status":"closed","template":"","meta":[],"product_brand":[27],"product_cat":[39,28],"product_tag":[],"class_list":{"0":"post-784","1":"product","2":"type-product","3":"status-publish","4":"has-post-thumbnail","6":"product_brand-nagie","7":"product_cat-https-sanpham","8":"product_cat-ao-cup-nguc","10":"first","11":"instock","12":"shipping-taxable","13":"purchasable","14":"product-type-variable"},"yoast_head":"<!-- This site is optimized with the Yoast SEO plugin v27.1.1 - https:\/\/yoast.com\/product\/yoast-seo-wordpress\/ -->\n<title>\u00c1o Y\u1ebfm K\u1ebb Caro Ph\u1ed1i D\u00e2y \u2013 Hi\u1ec7n \u0110\u1ea1i &amp; Quy\u1ebfn R\u0169 - NGANA<\/title>\n<meta name=\"description\" content=\"\u00c1o y\u1ebfm k\u1ebb caro ph\u1ed1i d\u00e2y phong c\u00e1ch Y2K c\u00e1 t\u00ednh, thi\u1ebft k\u1ebf t\u00f4n d\u00e1ng, ch\u1ea5t li\u1ec7u tho\u00e1ng m\u00e1t, d\u1ec5 ph\u1ed1i \u0111\u1ed3 \u0111i ch\u01a1i, d\u1ea1o ph\u1ed1, tr\u1ebb trung v\u00e0 th\u1eddi th\u01b0\u1ee3ng.\" \/>\n<meta name=\"robots\" content=\"noindex, follow, max-snippet:-1, max-image-preview:large, max-video-preview:-1\" \/>\n<meta property=\"og:locale\" content=\"vi_VN\" \/>\n<meta property=\"og:type\" content=\"article\" \/>\n<meta property=\"og:title\" content=\"\u00c1o Y\u1ebfm K\u1ebb Caro Ph\u1ed1i D\u00e2y \u2013 Hi\u1ec7n \u0110\u1ea1i &amp; Quy\u1ebfn R\u0169 - NGANA\" \/>\n<meta property=\"og:description\" content=\"\u00c1o y\u1ebfm k\u1ebb caro ph\u1ed1i d\u00e2y phong c\u00e1ch Y2K c\u00e1 t\u00ednh, thi\u1ebft k\u1ebf t\u00f4n d\u00e1ng, ch\u1ea5t li\u1ec7u tho\u00e1ng m\u00e1t, d\u1ec5 ph\u1ed1i \u0111\u1ed3 \u0111i ch\u01a1i, d\u1ea1o ph\u1ed1, tr\u1ebb trung v\u00e0 th\u1eddi th\u01b0\u1ee3ng.\" \/>\n<meta property=\"og:url\" content=\"https:\/\/nagie.azdigi.shop\/index.php\/san-pham\/ao-yem-ke-caro-phoi-day-hien-dai-quyen-ru\/\" \/>\n<meta property=\"og:site_name\" content=\"NGANA\" \/>\n<meta property=\"article:modified_time\" content=\"2026-04-12T10:01:51+00:00\" \/>\n<meta property=\"og:image\" content=\"https:\/\/nagie.azdigi.shop\/wp-content\/uploads\/2026\/02\/ao14.jpg\" \/>\n\t<meta property=\"og:image:width\" content=\"405\" \/>\n\t<meta property=\"og:image:height\" content=\"539\" \/>\n\t<meta property=\"og:image:type\" content=\"image\/jpeg\" \/>\n<meta name=\"twitter:card\" content=\"summary_large_image\" \/>\n<meta name=\"twitter:label1\" content=\"\u01af\u1edbc t\u00ednh th\u1eddi gian \u0111\u1ecdc\" \/>\n\t<meta name=\"twitter:data1\" content=\"2 ph\u00fat\" \/>\n<script type=\"application\/ld+json\" class=\"yoast-schema-graph\">{\"@context\":\"https:\/\/schema.org\",\"@graph\":[{\"@type\":\"WebPage\",\"@id\":\"https:\/\/nagie.azdigi.shop\/index.php\/san-pham\/ao-yem-ke-caro-phoi-day-hien-dai-quyen-ru\/\",\"url\":\"https:\/\/nagie.azdigi.shop\/index.php\/san-pham\/ao-yem-ke-caro-phoi-day-hien-dai-quyen-ru\/\",\"name\":\"\u00c1o Y\u1ebfm K\u1ebb Caro Ph\u1ed1i D\u00e2y \u2013 Hi\u1ec7n \u0110\u1ea1i & Quy\u1ebfn R\u0169 - NGANA\",\"isPartOf\":{\"@id\":\"https:\/\/nagie.azdigi.shop\/#website\"},\"primaryImageOfPage\":{\"@id\":\"https:\/\/nagie.azdigi.shop\/index.php\/san-pham\/ao-yem-ke-caro-phoi-day-hien-dai-quyen-ru\/#primaryimage\"},\"image\":{\"@id\":\"https:\/\/nagie.azdigi.shop\/index.php\/san-pham\/ao-yem-ke-caro-phoi-day-hien-dai-quyen-ru\/#primaryimage\"},\"thumbnailUrl\":\"https:\/\/nagie.azdigi.shop\/wp-content\/uploads\/2026\/02\/ao14.jpg\",\"datePublished\":\"2026-04-07T14:33:43+00:00\",\"dateModified\":\"2026-04-12T10:01:51+00:00\",\"description\":\"\u00c1o y\u1ebfm k\u1ebb caro ph\u1ed1i d\u00e2y phong c\u00e1ch Y2K c\u00e1 t\u00ednh, thi\u1ebft k\u1ebf t\u00f4n d\u00e1ng, ch\u1ea5t li\u1ec7u tho\u00e1ng m\u00e1t, d\u1ec5 ph\u1ed1i \u0111\u1ed3 \u0111i ch\u01a1i, d\u1ea1o ph\u1ed1, tr\u1ebb trung v\u00e0 th\u1eddi th\u01b0\u1ee3ng.\",\"breadcrumb\":{\"@id\":\"https:\/\/nagie.azdigi.shop\/index.php\/san-pham\/ao-yem-ke-caro-phoi-day-hien-dai-quyen-ru\/#breadcrumb\"},\"inLanguage\":\"vi\",\"potentialAction\":[{\"@type\":\"ReadAction\",\"target\":[\"https:\/\/nagie.azdigi.shop\/index.php\/san-pham\/ao-yem-ke-caro-phoi-day-hien-dai-quyen-ru\/\"]}]},{\"@type\":\"ImageObject\",\"inLanguage\":\"vi\",\"@id\":\"https:\/\/nagie.azdigi.shop\/index.php\/san-pham\/ao-yem-ke-caro-phoi-day-hien-dai-quyen-ru\/#primaryimage\",\"url\":\"https:\/\/nagie.azdigi.shop\/wp-content\/uploads\/2026\/02\/ao14.jpg\",\"contentUrl\":\"https:\/\/nagie.azdigi.shop\/wp-content\/uploads\/2026\/02\/ao14.jpg\",\"width\":405,\"height\":539},{\"@type\":\"BreadcrumbList\",\"@id\":\"https:\/\/nagie.azdigi.shop\/index.php\/san-pham\/ao-yem-ke-caro-phoi-day-hien-dai-quyen-ru\/#breadcrumb\",\"itemListElement\":[{\"@type\":\"ListItem\",\"position\":1,\"name\":\"Trang ch\u1ee7\",\"item\":\"https:\/\/nagie.azdigi.shop\/\"},{\"@type\":\"ListItem\",\"position\":2,\"name\":\"C\u1eeda h\u00e0ng\",\"item\":\"https:\/\/nagie.azdigi.shop\/index.php\/cua-hang\/\"},{\"@type\":\"ListItem\",\"position\":3,\"name\":\"\u00c1o Y\u1ebfm K\u1ebb Caro Ph\u1ed1i D\u00e2y \u2013 Hi\u1ec7n \u0110\u1ea1i &#038; Quy\u1ebfn R\u0169\"}]},{\"@type\":\"WebSite\",\"@id\":\"https:\/\/nagie.azdigi.shop\/#website\",\"url\":\"https:\/\/nagie.azdigi.shop\/\",\"name\":\"NGANA\",\"description\":\"\",\"potentialAction\":[{\"@type\":\"SearchAction\",\"target\":{\"@type\":\"EntryPoint\",\"urlTemplate\":\"https:\/\/nagie.azdigi.shop\/?s={search_term_string}\"},\"query-input\":{\"@type\":\"PropertyValueSpecification\",\"valueRequired\":true,\"valueName\":\"search_term_string\"}}],\"inLanguage\":\"vi\"}]}<\/script>\n<!-- \/ Yoast SEO plugin. -->","yoast_head_json":{"title":"\u00c1o Y\u1ebfm K\u1ebb Caro Ph\u1ed1i D\u00e2y \u2013 Hi\u1ec7n \u0110\u1ea1i & Quy\u1ebfn R\u0169 - NGANA","description":"\u00c1o y\u1ebfm k\u1ebb caro ph\u1ed1i d\u00e2y phong c\u00e1ch Y2K c\u00e1 t\u00ednh, thi\u1ebft k\u1ebf t\u00f4n d\u00e1ng, ch\u1ea5t li\u1ec7u tho\u00e1ng m\u00e1t, d\u1ec5 ph\u1ed1i \u0111\u1ed3 \u0111i ch\u01a1i, d\u1ea1o ph\u1ed1, tr\u1ebb trung v\u00e0 th\u1eddi th\u01b0\u1ee3ng.","robots":{"index":"noindex","follow":"follow","max-snippet":"max-snippet:-1","max-image-preview":"max-image-preview:large","max-video-preview":"max-video-preview:-1"},"og_locale":"vi_VN","og_type":"article","og_title":"\u00c1o Y\u1ebfm K\u1ebb Caro Ph\u1ed1i D\u00e2y \u2013 Hi\u1ec7n \u0110\u1ea1i & Quy\u1ebfn R\u0169 - NGANA","og_description":"\u00c1o y\u1ebfm k\u1ebb caro ph\u1ed1i d\u00e2y phong c\u00e1ch Y2K c\u00e1 t\u00ednh, thi\u1ebft k\u1ebf t\u00f4n d\u00e1ng, ch\u1ea5t li\u1ec7u tho\u00e1ng m\u00e1t, d\u1ec5 ph\u1ed1i \u0111\u1ed3 \u0111i ch\u01a1i, d\u1ea1o ph\u1ed1, tr\u1ebb trung v\u00e0 th\u1eddi th\u01b0\u1ee3ng.","og_url":"https:\/\/nagie.azdigi.shop\/index.php\/san-pham\/ao-yem-ke-caro-phoi-day-hien-dai-quyen-ru\/","og_site_name":"NGANA","article_modified_time":"2026-04-12T10:01:51+00:00","og_image":[{"width":405,"height":539,"url":"https:\/\/nagie.azdigi.shop\/wp-content\/uploads\/2026\/02\/ao14.jpg","type":"image\/jpeg"}],"twitter_card":"summary_large_image","twitter_misc":{"\u01af\u1edbc t\u00ednh th\u1eddi gian \u0111\u1ecdc":"2 ph\u00fat"},"schema":{"@context":"https:\/\/schema.org","@graph":[{"@type":"WebPage","@id":"https:\/\/nagie.azdigi.shop\/index.php\/san-pham\/ao-yem-ke-caro-phoi-day-hien-dai-quyen-ru\/","url":"https:\/\/nagie.azdigi.shop\/index.php\/san-pham\/ao-yem-ke-caro-phoi-day-hien-dai-quyen-ru\/","name":"\u00c1o Y\u1ebfm K\u1ebb Caro Ph\u1ed1i D\u00e2y \u2013 Hi\u1ec7n \u0110\u1ea1i & Quy\u1ebfn R\u0169 - NGANA","isPartOf":{"@id":"https:\/\/nagie.azdigi.shop\/#website"},"primaryImageOfPage":{"@id":"https:\/\/nagie.azdigi.shop\/index.php\/san-pham\/ao-yem-ke-caro-phoi-day-hien-dai-quyen-ru\/#primaryimage"},"image":{"@id":"https:\/\/nagie.azdigi.shop\/index.php\/san-pham\/ao-yem-ke-caro-phoi-day-hien-dai-quyen-ru\/#primaryimage"},"thumbnailUrl":"https:\/\/nagie.azdigi.shop\/wp-content\/uploads\/2026\/02\/ao14.jpg","datePublished":"2026-04-07T14:33:43+00:00","dateModified":"2026-04-12T10:01:51+00:00","description":"\u00c1o y\u1ebfm k\u1ebb caro ph\u1ed1i d\u00e2y phong c\u00e1ch Y2K c\u00e1 t\u00ednh, thi\u1ebft k\u1ebf t\u00f4n d\u00e1ng, ch\u1ea5t li\u1ec7u tho\u00e1ng m\u00e1t, d\u1ec5 ph\u1ed1i \u0111\u1ed3 \u0111i ch\u01a1i, d\u1ea1o ph\u1ed1, tr\u1ebb trung v\u00e0 th\u1eddi th\u01b0\u1ee3ng.","breadcrumb":{"@id":"https:\/\/nagie.azdigi.shop\/index.php\/san-pham\/ao-yem-ke-caro-phoi-day-hien-dai-quyen-ru\/#breadcrumb"},"inLanguage":"vi","potentialAction":[{"@type":"ReadAction","target":["https:\/\/nagie.azdigi.shop\/index.php\/san-pham\/ao-yem-ke-caro-phoi-day-hien-dai-quyen-ru\/"]}]},{"@type":"ImageObject","inLanguage":"vi","@id":"https:\/\/nagie.azdigi.shop\/index.php\/san-pham\/ao-yem-ke-caro-phoi-day-hien-dai-quyen-ru\/#primaryimage","url":"https:\/\/nagie.azdigi.shop\/wp-content\/uploads\/2026\/02\/ao14.jpg","contentUrl":"https:\/\/nagie.azdigi.shop\/wp-content\/uploads\/2026\/02\/ao14.jpg","width":405,"height":539},{"@type":"BreadcrumbList","@id":"https:\/\/nagie.azdigi.shop\/index.php\/san-pham\/ao-yem-ke-caro-phoi-day-hien-dai-quyen-ru\/#breadcrumb","itemListElement":[{"@type":"ListItem","position":1,"name":"Trang ch\u1ee7","item":"https:\/\/nagie.azdigi.shop\/"},{"@type":"ListItem","position":2,"name":"C\u1eeda h\u00e0ng","item":"https:\/\/nagie.azdigi.shop\/index.php\/cua-hang\/"},{"@type":"ListItem","position":3,"name":"\u00c1o Y\u1ebfm K\u1ebb Caro Ph\u1ed1i D\u00e2y \u2013 Hi\u1ec7n \u0110\u1ea1i &#038; Quy\u1ebfn R\u0169"}]},{"@type":"WebSite","@id":"https:\/\/nagie.azdigi.shop\/#website","url":"https:\/\/nagie.azdigi.shop\/","name":"NGANA","description":"","potentialAction":[{"@type":"SearchAction","target":{"@type":"EntryPoint","urlTemplate":"https:\/\/nagie.azdigi.shop\/?s={search_term_string}"},"query-input":{"@type":"PropertyValueSpecification","valueRequired":true,"valueName":"search_term_string"}}],"inLanguage":"vi"}]}},"_links":{"self":[{"href":"https:\/\/nagie.azdigi.shop\/index.php\/wp-json\/wp\/v2\/product\/784","targetHints":{"allow":["GET"]}}],"collection":[{"href":"https:\/\/nagie.azdigi.shop\/index.php\/wp-json\/wp\/v2\/product"}],"about":[{"href":"https:\/\/nagie.azdigi.shop\/index.php\/wp-json\/wp\/v2\/types\/product"}],"replies":[{"embeddable":true,"href":"https:\/\/nagie.azdigi.shop\/index.php\/wp-json\/wp\/v2\/comments?post=784"}],"wp:featuredmedia":[{"embeddable":true,"href":"https:\/\/nagie.azdigi.shop\/index.php\/wp-json\/wp\/v2\/media\/151"}],"wp:attachment":[{"href":"https:\/\/nagie.azdigi.shop\/index.php\/wp-json\/wp\/v2\/media?parent=784"}],"wp:term":[{"taxonomy":"product_brand","embeddable":true,"href":"https:\/\/nagie.azdigi.shop\/index.php\/wp-json\/wp\/v2\/product_brand?post=784"},{"taxonomy":"product_cat","embeddable":true,"href":"https:\/\/nagie.azdigi.shop\/index.php\/wp-json\/wp\/v2\/product_cat?post=784"},{"taxonomy":"product_tag","embeddable":true,"href":"https:\/\/nagie.azdigi.shop\/index.php\/wp-json\/wp\/v2\/product_tag?post=784"}],"curies":[{"name":"wp","href":"https:\/\/api.w.org\/{rel}","templated":true}]}}